{"id":366,"date":"2024-10-30T11:52:29","date_gmt":"2024-10-30T10:52:29","guid":{"rendered":"https:\/\/www.pvs-es.com\/?page_id=366"},"modified":"2025-07-09T10:19:40","modified_gmt":"2025-07-09T08:19:40","slug":"crossborder","status":"publish","type":"page","link":"https:\/\/pvs-es.com\/index.php\/crossborder\/","title":{"rendered":"Cross-Border ESP"},"content":{"rendered":"\n<div class=\"wp-block-pvse-title-detail-parallax wrapper-parallax\"><layer class=\"bg\"><img decoding=\"async\" src=\"https:\/\/pvs-es.com\/wp-content\/uploads\/2025\/01\/BG-Home.jpg\" alt=\"background for parallax effect\"\/><\/layer><layer class=\"ly-3\"><img decoding=\"async\" src=\"https:\/\/pvs-es.com\/wp-content\/uploads\/2025\/01\/Home-3.webp\" alt=\"third layer of graphical parallax effect\"\/><\/layer><layer class=\"ly-2\"><img decoding=\"async\" src=\"https:\/\/pvs-es.com\/wp-content\/uploads\/2025\/01\/Home-2.webp\" alt=\"second layer of graphical parallax effect\"\/><\/layer><layer class=\"ly-1\"><img decoding=\"async\" src=\"https:\/\/pvs-es.com\/wp-content\/uploads\/2025\/01\/Home-1.webp\" alt=\"first layer of graphical parallax effect\"\/><\/layer><div class=\"glasswrap\"><div class=\"schrag\"><\/div><div class=\"schrag\"><\/div><div class=\"schrag\"><\/div><div class=\"hero-detail\"><div class=\"hero-detail-text\"><h2 class=\"has-medium-font-size\">Il vostro marchio presente a livello nazionale, internazionale o globale? Con noi \u00e8 possibile.<\/h2><\/div><div class=\"hero-detail-heading\"><div class=\"pointer\"><\/div><div class=\"pointer\"><\/div><div class=\"pointer\"><\/div><h1 style=\"color:#5600d8\" class=\"wp-block-heading\">Espansione nei mercati chiave garantita.<\/h1><\/div><\/div><\/div><div class=\"line\"><\/div><div class=\"line\"><\/div><div class=\"line\"><\/div><div class=\"line\"><\/div><div class=\"line\"><\/div><div class=\"line\"><\/div><div class=\"line\"><\/div><div class=\"line\"><\/div><div class=\"line\"><\/div><div class=\"line\"><\/div><div class=\"line\"><\/div><div class=\"line\"><\/div><\/div>\n\n\n\n<div style=\"height:80px\" aria-hidden=\"true\" class=\"wp-block-spacer\"><\/div>\n\n\n\n<p class=\"has-medium-font-size\">Cercate un valore aggiunto per i vostri servizi? Oltre alla logistica tradizionale, ci siamo specializzati come provider di servizi eCommerce transfrontalieri nella <strong>logistica internazionale<\/strong> e nella gestione delle pratiche doganali, per garantire un\u2019elaborazione senza intoppi delle vostre merci. In qualit\u00e0 di mittenti e destinatari autorizzati, garantiamo una <strong>gestione impeccabile della documentazione doganale<\/strong> in ogni momento. Cos\u00ec, clienti di tutto il mondo possono diventare vostri acquirenti, favorendo l&#8217;<strong>espansione globale<\/strong> del vostro<strong> brand.<\/strong><\/p>\n\n\n\n<section class=\"wp-block-pvse-benefits pvse-benefits\"><div class=\"wrap\"><h2 class=\"heading\" style=\"color:#5600d8\">Scegliete ci\u00f2 che vi serve e quanto lontano volete andare:<\/h2><ul><li><span>Problemi doganali ed espansione del business in Europa:<\/span><div class=\"text\">i pacchi spediti nell\u2019UE devono spesso essere immagazzinati per 24 ore prima della dogana. PVS semplifica questo processo, garantendo una rapida sdoganamento e una spedizione fluida all\u2019interno dell\u2019UE. Con le autorizzazioni necessarie e il nostro status di provider di servizi eCommerce transfrontalieri, possiamo anche accelerare le spedizioni dirette verso la Svizzera e il Regno Unito. Il risultato? Clienti soddisfatti e un marchio in crescita!<\/div><\/li><li><span>Spedizioni con corrieri locali:<\/span><div class=\"text\">una volta spediti i pacchi, vengono consegnati al servizio di spedizione locale da voi preferito. I vantaggi? Processi di spedizione ottimizzati e un supporto logistico completo. I clienti possono ritirare i pacchi comodamente in loco e restituirli come se fossero stati ordinati a livello regionale. Questo \u00e8 davvero un servizio eccezionale che possiamo offrire come ESP!<\/div><\/li><li><span>Ottimizzazione fiscale per l\u2019eCommerce:<\/span><div class=\"text\">siamo in grado di offrire servizi di contabilit\u00e0 eCommerce e fatturazione in valuta locale, gestendo tutti gli obblighi fiscali necessari. Il nostro team contabile fornisce una rappresentanza fiscale estera ed estratti conto mensili, offrendo una visione trasparente dell\u2019andamento con monitoraggio delle spedizioni globali e una gestione della contabilit\u00e0 clienti con chiusura mensile e annuale, per garantirvi un\u2019esperienza senza stress!<\/div><\/li><li><span>E altro ancora:<\/span><div class=\"text\">come ESP, vi offriamo servizi avanzati su misura per le aziende eCommerce, inclusi dichiarazioni IVA e la redazione di bilanci e conti economici. Le nostre soluzioni comprendono l\u2019integrazione con i fornitori di servizi di pagamento, il controllo dei rischi e la conformit\u00e0, per rendere le vostre operazioni sicure ed efficienti. Inoltre, offriamo servizi di recupero crediti e solleciti, che garantiscono una gestione fluida e senza problemi dei vostri processi finanziari.<\/div><\/li><\/ul><\/div><\/section>\n\n\n\n<p class=\"has-medium-font-size\">Esplorate le aree in cui operiamo, incrementate il vostro appeal e raggiungete <strong>il massimo potenziale<\/strong> del vostro business. Siamo qui per aiutarvi ad ampliare i canali di contatto, migliorare l\u2019<strong>efficienza<\/strong> e ridurre i costi aziendali, <strong>ovunque e in modo semplice<\/strong>. Siamo il partner che vi garantir\u00e0 un\u2019esperienza di altissima qualit\u00e0 e <strong>servizi completi ed efficaci<\/strong> per il vostro e-commerce. Dalla fase iniziale alla conclusione del processo, <strong>ovunque nel mondo<\/strong>.<\/p>\n\n\n\n<section class=\"wp-block-pvse-box-list\"><div class=\"wrap\"><h2 class=\"headline\">Scoprite tutti i nostri servizi per soddisfare al meglio le vostre esigenze<\/h2><div class=\"boxes columns4\"><a href=\"https:\/\/pvs-es.com\/index.php\/logistics\/?lang=it\" class=\"box\"><p class=\"subheadline\">Logistics<\/p><div class=\"description\"><div><p>Stoccaggio, automazione, pick &amp; pack, spedizioni in tutto il mondo e gestione resi. Abbiamo le soluzioni dalla A alla Z per supportare la vostra crescita in modo flessibile e sostenibile.<\/p><\/div><\/div><\/a><a href=\"https:\/\/pvs-es.com\/index.php\/customer-care\/?lang=it\" class=\"box\"><p class=\"subheadline\">Customer Care<\/p><div class=\"description\"><div><p>Pre-vendita e post-vendita per la soddisfazione dei vostri clienti finali, trasparenza garantita attraverso un\u2019accurata reportistica sui KPI e sullo stato delle attivit\u00e0 \u2013 siamo specialisti con esperienza decennale.<\/p><\/div><\/div><\/a><a href=\"https:\/\/pvs-es.com\/index.php\/marketplaces\/?lang=it\" class=\"box\"><p class=\"subheadline\">Marketplace Services<\/p><div class=\"description\"><div><p>Pacchetti all inclusive \u2013 dalla presenza sul mercato alla mappatura, dal marketing digitale per l\u2019e-commerce al go-live, in perfetta integrazione. Voi ci fornite gli stock pi\u00f9 alla moda e i dati \u2013 noi ci occupiamo del resto.<\/p><\/div><\/div><\/a><a href=\"https:\/\/pvs-es.com\/index.php\/consulting\/?lang=it\" class=\"box\"><p class=\"subheadline\">Consulting<\/p><div class=\"description\"><div><p>Non siamo solo logistica omnichannel efficiente e assistenza clienti: vi offriamo ci\u00f2 di cui avete bisogno. Potrete cos\u00ec beneficiare di molti anni di consulenza, ottimizzazione dei processi di e-commerce e altro ancora.<\/p><\/div><\/div><\/a><a href=\"https:\/\/pvs-es.com\/index.php\/merchant-of-records\/?lang=it\" class=\"box\"><p class=\"subheadline\">Merchant of Records (MoR)<\/p><div class=\"description\"><div><p>Gestire il corretto flusso finanziario garantendo conformit\u00e0 fiscali e normative internazionali, pu\u00f2 essere difficile: possiamo agire come vostro MOR e permettervi di concentrarvi sulla crescita della vostra attivit\u00e0<\/p><\/div><\/div><\/a><a href=\"https:\/\/pvs-es.com\/index.php\/platforms\/\" class=\"box\"><p class=\"subheadline\">Platforms<\/p><div class=\"description\"><div><p>Progettiamo soluzioni su misura che uniscono tecnologia, strategia ed esperienza utente. Come partner delle principali piattaforme e-commerce, costruiamo sistemi scalabili e integrati, adatti a ogni esigenza: dal B2C e B2B fino alle integrazioni cloud pi\u00f9 complesse.<\/p><\/div><\/div><\/a><a href=\"https:\/\/pvs-es.com\/index.php\/marketing\/\" class=\"box\"><p class=\"subheadline\">Marketing<\/p><div class=\"description\"><div><p>Attraverso strategie di marketing digitale mirate, SEO avanzato e analisi basata sui dati, aiutiamo i brand a crescere in modo visibile e concreto. Il nostro focus: risultati tangibili, incremento delle vendite e successo duraturo su tutti i canali digitali.<\/p><\/div><\/div><\/a><\/div><div class=\"all-services\"><a href=\"\/index.php\/services\/\" class=\"top-link\">All Services<\/a><\/div><\/div><\/section>\n\n\n\n<h2 class=\"wp-block-heading has-text-color has-link-color wp-elements-88e09ff1243ed386ea264d1f8389d008\" style=\"color:#5600d8\">Storie di successo<\/h2>\n\n\n\n<section class=\"wp-block-pvse-case-storys pvse-case-storys\"><div class=\"grid\"><div class=\"strich_wrap\"><div class=\"line\"><\/div><div class=\"line\"><\/div><div class=\"line\"><\/div><div class=\"line\"><\/div><div class=\"line\"><\/div><div class=\"line\"><\/div><div class=\"line\"><\/div><div class=\"line\"><\/div><div class=\"line\"><\/div><div class=\"line-b\"><\/div><div class=\"line-b\"><\/div><div class=\"line-b\"><\/div><div class=\"line-b\"><\/div><div class=\"line-b\"><\/div><div class=\"line-b\"><\/div><div class=\"line-b\"><\/div><div class=\"line-b\"><\/div><div class=\"line-b\"><\/div><\/div><div class=\"case\"><figure><img decoding=\"async\" src=\"https:\/\/pvs-es.com\/wp-content\/uploads\/2024\/11\/Parfumdreams.jpg\" alt=\"Donna con un profumo in mano che sorride verso il basso nella fotocamera\"\/><\/figure><div class=\"gradient-layer\"><\/div><figure><img decoding=\"async\" src=\"https:\/\/pvs-es.com\/wp-content\/uploads\/2024\/11\/Logo_Zeichenflaeche-1-Kopie-6.png\" class=\"logo\" alt=\"Logo del Parfumdreams\"\/><\/figure><\/div><div class=\"case\"><figure><img decoding=\"async\" src=\"https:\/\/pvs-es.com\/wp-content\/uploads\/2024\/11\/Niche-Beauty.jpg\" alt=\"Prodotti cosmetici disposti con una borsa da viaggio in un aereo\"\/><\/figure><div class=\"gradient-layer\"><\/div><figure><img decoding=\"async\" src=\"https:\/\/pvs-es.com\/wp-content\/uploads\/2024\/11\/Logo_Zeichenflaeche-1-Kopie.png\" class=\"logo\" alt=\"Logo del Niche Beauty\"\/><\/figure><\/div><div class=\"case\"><figure><img decoding=\"async\" src=\"https:\/\/pvs-es.com\/wp-content\/uploads\/2024\/11\/Zwiesel-Glas.jpg\" alt=\"Un bicchiere di vino pieno su una tavola apparecchiata\"\/><\/figure><div class=\"gradient-layer\"><\/div><figure><img decoding=\"async\" src=\"https:\/\/pvs-es.com\/wp-content\/uploads\/2024\/11\/Logo_Zeichenflaeche-1.png\" class=\"logo\" alt=\"Logo del Zwiesel-Glas\"\/><\/figure><\/div><div class=\"case\"><figure><img decoding=\"async\" src=\"https:\/\/pvs-es.com\/wp-content\/uploads\/2024\/11\/Odlo.jpg\" alt=\"Sciatori che camminano in abbigliamento da neve\"\/><\/figure><div class=\"gradient-layer\"><\/div><figure><img decoding=\"async\" src=\"https:\/\/pvs-es.com\/wp-content\/uploads\/2024\/11\/Logo_Zeichenflaeche-1-Kopie-2.png\" class=\"logo\" alt=\"Logo del Odlo\"\/><\/figure><\/div><\/div><\/section>\n\n\n\n<div style=\"height:80px\" aria-hidden=\"true\" class=\"wp-block-spacer\"><\/div>\n\n\n\n<section class=\"wp-block-pvse-process-block process\"><div class=\"wrap\"><h2 class=\"heading\">Come iniziare?<\/h2><div class=\"flexalign\"><div class=\"step\"><div class=\"icon\"><img decoding=\"async\" src=\"http:\/\/www.pvs-es.com\/wp-content\/uploads\/2024\/10\/Analyze.png\" alt=\"decorative illustration of the step\"\/><\/div><div class=\"text\"><strong>La contabilit\u00e0 e le questioni fiscali non fanno per me\u2026<\/strong><br>Ma noi le adoriamo! Esternalizzate la vostra contabilit\u00e0 e dedicatevi a ci\u00f2 che amate di pi\u00f9: al resto pensiamo noi. Con la nostra esperienza decennale, siamo esperti in tasse, dichiarazioni IVA, controlli di rischio\u2026 e molto altro!<\/div><\/div><div class=\"step\"><div class=\"icon\"><img decoding=\"async\" src=\"http:\/\/www.pvs-es.com\/wp-content\/uploads\/2024\/10\/Reporting.png\" alt=\"decorative illustration of the step\"\/><\/div><div class=\"text\"><strong><strong>Non sono sicuro di voler spedire in Paesi extra UE, sembra complicato\u2026<\/strong><\/strong><br>Lo \u00e8, ma non per noi. Lo facciamo da tempo e in tutto il mondo, quindi siete in buone mani per<strong> consegne rapide internazionali.<\/strong> Possiamo garantire che ogni pacco arriver\u00e0 a destinazione e, se cos\u00ec non fosse, abbiamo soluzioni pronte per affrontare qualsiasi imprevisto.<\/div><\/div><div class=\"step\"><div class=\"icon\"><img decoding=\"async\" src=\"http:\/\/www.pvs-es.com\/wp-content\/uploads\/2024\/10\/Prozessoptimierung.png\" alt=\"decorative illustration of the step\"\/><\/div><div class=\"text\"><strong>Ho paura che i miei clienti debbano aspettare troppo a lungo per i loro pacchi\u2026<\/strong><br>Grazie alle nostre infrastrutture e al nostro orientamento internazionale, possiamo attivare per voi la necessaria <strong>assistenza fiscale <\/strong> e il <strong>supporto per vendite transfrontaliere<\/strong>. Questo vi permetter\u00e0 di espandervi a livello globale pi\u00f9 rapidamente, conquistando mercati chiave in piena conformit\u00e0 con la legge e senza necessit\u00e0 di registrazione IVA. Ma non \u00e8 tutto: possiamo spedire i pacchi in giornata con <strong>soluzioni di consegna rapida,<\/strong> affinch\u00e9 i clienti li ricevano in meno di 3-5 giorni, a seconda della loro posizione nel mondo.<\/div><\/div><\/div><\/div><\/section>\n\n\n\n<div style=\"height:20px\" aria-hidden=\"true\" class=\"wp-block-spacer\"><\/div>\n\n\n\n<h2 class=\"wp-block-heading has-text-color has-link-color wp-elements-eea7a817acd8aa226edb4937954966cf\" style=\"color:#5600d8\">Restiamo in contatto<\/h2>\n\n\n\n<div class=\"wp-block-columns is-layout-flex wp-container-core-columns-is-layout-9d6595d7 wp-block-columns-is-layout-flex\">\n<div class=\"wp-block-column is-layout-flow wp-block-column-is-layout-flow\" style=\"flex-basis:66.66%\">\n<script type=\"text\/javascript\" src=\"\/\/m.pvs-rs.com\/form\/generate.js?id=25\"><\/script>\n<\/div>\n\n\n\n<div class=\"wp-block-column is-layout-flow wp-block-column-is-layout-flow\" style=\"flex-basis:33.33%\">\n<figure class=\"wp-block-image size-full\"><img loading=\"lazy\" decoding=\"async\" width=\"800\" height=\"1000\" src=\"http:\/\/www.pvs-es.com\/wp-content\/uploads\/2025\/01\/Luigi-D\u00b4Olivio-2.jpg\" alt=\"Un giovane si appoggia sul braccio sinistro, con la spalla rivolta verso la fotocamera, e sorride all'obiettivo.\" class=\"wp-image-2098\" srcset=\"https:\/\/pvs-es.com\/wp-content\/uploads\/2025\/01\/Luigi-D\u00b4Olivio-2.jpg 800w, https:\/\/pvs-es.com\/wp-content\/uploads\/2025\/01\/Luigi-D\u00b4Olivio-2-240x300.jpg 240w, https:\/\/pvs-es.com\/wp-content\/uploads\/2025\/01\/Luigi-D\u00b4Olivio-2-768x960.jpg 768w\" sizes=\"auto, (max-width: 800px) 100vw, 800px\" \/><\/figure>\n<\/div>\n<\/div>\n\n\n\n<section class=\"wp-block-pvse-more-block pvse-more-block\"><div class=\"wrap\"><h2 class=\"heading\" style=\"color:#5600d8\">Potrebbero interessarti anche&#8230;<\/h2><div class=\"more-blocks\"><a class=\"block\" href=\"\/index.php\/logistics\/\"><div class=\"desc\">Logistics<\/div><\/a><a class=\"block\" href=\"\/index.php\/customer-care\/\"><div class=\"desc\">Customer Care<\/div><\/a><a class=\"block\" href=\"\/index.php\/marketplaces\/\"><div class=\"desc\">Marketplaces<\/div><\/a><\/div><\/div><\/section>\n\n\n\n<p><\/p>\n","protected":false},"excerpt":{"rendered":"<p>Cercate un valore aggiunto per i vostri servizi? Oltre alla logistica tradizionale, ci siamo specializzati come provider di servizi eCommerce transfrontalieri nella logistica internazionale e nella gestione delle pratiche doganali, per garantire un\u2019elaborazione senza intoppi delle vostre merci. In qualit\u00e0 di mittenti e destinatari autorizzati, garantiamo una gestione impeccabile della documentazione doganale in ogni momento. [&hellip;]<\/p>\n","protected":false},"author":6,"featured_media":0,"parent":0,"menu_order":0,"comment_status":"closed","ping_status":"closed","template":"","meta":{"footnotes":""},"class_list":["post-366","page","type-page","status-publish","hentry"],"jetpack_sharing_enabled":true,"_links":{"self":[{"href":"https:\/\/pvs-es.com\/index.php\/wp-json\/wp\/v2\/pages\/366","targetHints":{"allow":["GET"]}}],"collection":[{"href":"https:\/\/pvs-es.com\/index.php\/wp-json\/wp\/v2\/pages"}],"about":[{"href":"https:\/\/pvs-es.com\/index.php\/wp-json\/wp\/v2\/types\/page"}],"author":[{"embeddable":true,"href":"https:\/\/pvs-es.com\/index.php\/wp-json\/wp\/v2\/users\/6"}],"replies":[{"embeddable":true,"href":"https:\/\/pvs-es.com\/index.php\/wp-json\/wp\/v2\/comments?post=366"}],"version-history":[{"count":52,"href":"https:\/\/pvs-es.com\/index.php\/wp-json\/wp\/v2\/pages\/366\/revisions"}],"predecessor-version":[{"id":3384,"href":"https:\/\/pvs-es.com\/index.php\/wp-json\/wp\/v2\/pages\/366\/revisions\/3384"}],"wp:attachment":[{"href":"https:\/\/pvs-es.com\/index.php\/wp-json\/wp\/v2\/media?parent=366"}],"curies":[{"name":"wp","href":"https:\/\/api.w.org\/{rel}","templated":true}]}}