{"id":306,"date":"2024-10-29T16:34:26","date_gmt":"2024-10-29T15:34:26","guid":{"rendered":"https:\/\/www.pvs-es.com\/?page_id=306"},"modified":"2025-07-09T09:43:12","modified_gmt":"2025-07-09T07:43:12","slug":"customer-care","status":"publish","type":"page","link":"https:\/\/pvs-es.com\/index.php\/customer-care\/","title":{"rendered":"Customer Care"},"content":{"rendered":"\n<div class=\"wp-block-pvse-title-detail-parallax wrapper-parallax\"><layer class=\"bg\"><img decoding=\"async\" src=\"http:\/\/www.pvs-es.com\/wp-content\/uploads\/2024\/10\/Header-6.jpg\" alt=\"background for parallax effect\"\/><\/layer><layer class=\"ly-3\"><img decoding=\"async\" src=\"http:\/\/www.pvs-es.com\/wp-content\/uploads\/2025\/01\/leerebene.png\" alt=\"third layer of graphical parallax effect\"\/><\/layer><layer class=\"ly-2\"><img decoding=\"async\" src=\"http:\/\/www.pvs-es.com\/wp-content\/uploads\/2025\/01\/leerebene.png\" alt=\"second layer of graphical parallax effect\"\/><\/layer><layer class=\"ly-1\"><img decoding=\"async\" src=\"http:\/\/www.pvs-es.com\/wp-content\/uploads\/2025\/01\/leerebene.png\" alt=\"first layer of graphical parallax effect\"\/><\/layer><div class=\"glasswrap\"><div class=\"schrag\"><\/div><div class=\"schrag\"><\/div><div class=\"schrag\"><\/div><div class=\"hero-detail\"><div class=\"hero-detail-text\"><h2 class=\"has-medium-font-size\">Clienti felici, business in crescita.<\/h2><\/div><div class=\"hero-detail-heading\"><div class=\"pointer\"><\/div><div class=\"pointer\"><\/div><div class=\"pointer\"><\/div><h1 style=\"color:#5600d8\" class=\"wp-block-heading\">La cura di ogni dettaglio \u00e8 la chiave del successo.<\/h1><\/div><\/div><\/div><div class=\"line\"><\/div><div class=\"line\"><\/div><div class=\"line\"><\/div><div class=\"line\"><\/div><div class=\"line\"><\/div><div class=\"line\"><\/div><div class=\"line\"><\/div><div class=\"line\"><\/div><div class=\"line\"><\/div><div class=\"line\"><\/div><div class=\"line\"><\/div><div class=\"line\"><\/div><\/div>\n\n\n\n<div style=\"height:80px\" aria-hidden=\"true\" class=\"wp-block-spacer\"><\/div>\n\n\n\n<h2 class=\"wp-block-heading has-text-color has-link-color wp-elements-88222271e72bcfcfb14455f02d747466\" style=\"color:#5600d8\">Customer care personalizzato:<\/h2>\n\n\n\n<p class=\"has-medium-font-size\">Il <strong>servizio clienti<\/strong> \u00e8 probabilmente la parte pi\u00f9 importante del <strong>customer journey<\/strong>: siamo felici di dire che siamo molto pi\u00f9 di un semplice customer care \u2013 ci prendiamo cura del cliente, ottimizzandone l&#8217;esperienza e offrendo insights innovativi. Offriamo spunti per il cambiamento, siamo veri problem-solver. Siamo qui per voi \u2013 con un approccio tailor-made, dinamico e orientato alla collaborazione. <\/p>\n\n\n\n<section class=\"wp-block-pvse-benefits pvse-benefits\"><div class=\"wrap\"><h2 class=\"heading\" style=\"color:#5600d8\">I nostri servizi di customer care<\/h2><ul><li><span>Consulenza:<\/span><div class=\"text\">Analizziamo e ottimizziamo i vostri processi per garantire la massima soddisfazione, sia dei vostri clienti che della vostra azienda. Conosciamo a fondo le sfide del customer care e sappiamo affrontarle con professionalit\u00e0 ed eleganza. I nostri obiettivi? Fidelizzazione a lungo termine, miglioramento continuo e rafforzamento della brand identity, attraverso un supporto eccellente nei contatti con i clienti. Risultato: un incremento del 10% nella customer satisfaction porta a nuove opportunit\u00e0 di upselling.<\/div><\/li><li><span>Definizione del vostro processo:<\/span><div class=\"text\">L\u2019efficienza \u00e8 la chiave, ed \u00e8 il nostro obiettivo principale. Puntiamo a creare un customer journey fluido, affinch\u00e9 i clienti si sentano sempre in buone mani. Ci occupiamo di risolvere problematiche specifiche e ricorrenti al primo contatto, senza ritardi, dubbi o complicazioni.<\/div><\/li><li><span>Customer care internazionale:<\/span><div class=\"text\">A differenza di altri customer care, il nostro servizio tailor-made considera le specificit\u00e0 culturali locali di ogni Paese e parla la vostra lingua. Adattiamo il nostro approccio tenendo conto delle caratteristiche nazionali e culturali di ciascun mercato, garantendo ai vostri clienti il miglior servizio possibile, ovunque nel mondo.<\/div><\/li><li><span>Trasparenza:<\/span><div class=\"text\">Solo chi analizza i propri processi e identifica i punti deboli pu\u00f2 operare con efficienza e offrire ai clienti la migliore esperienza possibile. I nostri report vi offrono una panoramica completa sui KPI pi\u00f9 rilevanti, garantendo la massima trasparenza per raggiungere il massimo successo.<\/div><\/li><li><span>Cross-industry expertise:<\/span><div class=\"text\">Qualunque sia il vostro settore, ci immergiamo a fondo nelle vostre richieste e aspettative. Grazie a decenni di know-how, abbiamo esperienza con una vasta gamma di brand di ogni settore. La nostra ambizione? Continuare a imparare e crescere con voi, per offrire il massimo in ogni situazione.<\/div><\/li><\/ul><\/div><\/section>\n\n\n\n<h2 class=\"wp-block-heading has-text-color has-link-color wp-elements-e91134da248e9c9f6e6d7798a339a907\" style=\"color:#5600d8\">Storie di successo<\/h2>\n\n\n\n<section class=\"wp-block-pvse-case-storys pvse-case-storys\"><div class=\"grid\"><div class=\"strich_wrap\"><div class=\"line\"><\/div><div class=\"line\"><\/div><div class=\"line\"><\/div><div class=\"line\"><\/div><div class=\"line\"><\/div><div class=\"line\"><\/div><div class=\"line\"><\/div><div class=\"line\"><\/div><div class=\"line\"><\/div><div class=\"line-b\"><\/div><div class=\"line-b\"><\/div><div class=\"line-b\"><\/div><div class=\"line-b\"><\/div><div class=\"line-b\"><\/div><div class=\"line-b\"><\/div><div class=\"line-b\"><\/div><div class=\"line-b\"><\/div><div class=\"line-b\"><\/div><\/div><div class=\"case\"><figure><img decoding=\"async\" src=\"https:\/\/pvs-es.com\/wp-content\/uploads\/2024\/11\/Zwiesel-Glas.jpg\" alt=\"Un bicchiere di vino pieno su una tavola apparecchiata\"\/><\/figure><div class=\"gradient-layer\"><\/div><figure><img decoding=\"async\" src=\"https:\/\/pvs-es.com\/wp-content\/uploads\/2024\/11\/Logo_Zeichenflaeche-1.png\" class=\"logo\" alt=\"Logo del Zwiesel-Glas\"\/><\/figure><\/div><div class=\"case\"><figure><img decoding=\"async\" src=\"https:\/\/pvs-es.com\/wp-content\/uploads\/2024\/11\/Kunert.jpg\" alt=\"Fotografia dalla vita ai piedi di un outfit con gonna completamente bianco\"\/><\/figure><div class=\"gradient-layer\"><\/div><figure><img decoding=\"async\" src=\"https:\/\/pvs-es.com\/wp-content\/uploads\/2024\/11\/Logo_Zeichenflaeche-1-Kopie-4.png\" class=\"logo\" alt=\"Logo del Kunert\"\/><\/figure><\/div><div class=\"case\"><figure><img decoding=\"async\" src=\"https:\/\/pvs-es.com\/wp-content\/uploads\/2024\/11\/Outletcity-Metzingen.jpg\" alt=\"Cortile di un grande magazzino\"\/><\/figure><div class=\"gradient-layer\"><\/div><figure><img decoding=\"async\" src=\"https:\/\/pvs-es.com\/wp-content\/uploads\/2024\/11\/Logo_Zeichenflaeche-1-Kopie-5.png\" class=\"logo\" alt=\"Logo del Outletcity-Metzingen\"\/><\/figure><\/div><\/div><\/section>\n\n\n\n<div style=\"height:20px\" aria-hidden=\"true\" class=\"wp-block-spacer\"><\/div>\n\n\n\n<p><br><\/p>\n\n\n\n<div style=\"height:20px\" aria-hidden=\"true\" class=\"wp-block-spacer\"><\/div>\n\n\n\n<section class=\"wp-block-pvse-process-block process\"><div class=\"wrap\"><h2 class=\"heading\">Come funziona?<\/h2><div class=\"flexalign\"><div class=\"step\"><div class=\"icon\"><img decoding=\"async\" src=\"http:\/\/www.pvs-es.com\/wp-content\/uploads\/2024\/10\/Analyze.png\" alt=\"decorative illustration of the step\"\/><\/div><div class=\"text\"><strong>Come funziona l&#8217;onboarding? Quanto velocemente possiamo iniziare?<\/strong><br>Siamo operativi in tempi record. Grazie alla nostra esperienza pluriennale, possiamo occuparci di tutto: dal trasferimento dei numeri telefonici alla formazione personalizzata dei nostri agenti, fino al ticketing per garantire trasparenza, gestione e manutenzione del database \u2013 senza dimenticare telefonia e email. Contattateci subito! <\/div><\/div><div class=\"step\"><div class=\"icon\"><img decoding=\"async\" src=\"http:\/\/www.pvs-es.com\/wp-content\/uploads\/2024\/10\/Reporting.png\" alt=\"decorative illustration of the step\"\/><\/div><div class=\"text\"><strong>Come possiamo essere certi che i nostri clienti saranno soddisfatti del nostro customer care, fornito tramite voi?<\/strong><br>Ci consideriamo un&#8217;estensione del vostro team. Per rispecchiare la vostra identit\u00e0 unica, lavoriamo con piccoli team di circa 15 persone, che conoscono a fondo le caratteristiche dei vostri prodotti e le esigenze specifiche del vostro target, per garantire una fidelizzazione dei clienti a lungo termine. In questo modo, offriamo un servizio impeccabile. Come? Con un&#8217;ineccepibile efficienza nei processi di customer care, un supporto tailor-made, un miglioramento dell&#8217;immagine del brand e una spiccata empatia nel servizio clienti. Contattateci e iniziate a ottimizzare il vostro customer journey!<\/div><\/div><div class=\"step\"><div class=\"icon\"><img decoding=\"async\" src=\"http:\/\/www.pvs-es.com\/wp-content\/uploads\/2024\/10\/Prozessoptimierung.png\" alt=\"decorative illustration of the step\"\/><\/div><div class=\"text\"><strong>Come funzionano i report?<\/strong><br>I nostri report vi offrono una panoramica chiara dei KPI pi\u00f9 rilevanti, garantendo la massima trasparenza nell&#8217;analisi dei processi di customer care. La vostra dashboard personalizzata mostra le vostre performance in tempo reale, cos\u00ec potrete monitorare costantemente la qualit\u00e0 della nostra assistenza clienti, con soluzioni rapide e personalizzate. I report Hotkey e altre statistiche vi forniranno ulteriori approfondimenti. <\/div><\/div><\/div><\/div><\/section>\n\n\n\n<p class=\"has-medium-font-size\">La frequenza e la durata dei contatti sono monitorate per ottimizzare i processi.<\/p>\n\n\n\n<div style=\"height:100px\" aria-hidden=\"true\" class=\"wp-block-spacer\"><\/div>\n\n\n\n<h2 class=\"wp-block-heading has-text-color has-link-color wp-elements-eea7a817acd8aa226edb4937954966cf\" style=\"color:#5600d8\">Restiamo in contatto<\/h2>\n\n\n\n<div class=\"wp-block-columns is-layout-flex wp-container-core-columns-is-layout-9d6595d7 wp-block-columns-is-layout-flex\">\n<div class=\"wp-block-column is-layout-flow wp-block-column-is-layout-flow\" style=\"flex-basis:66.66%\">\n<script type=\"text\/javascript\" src=\"\/\/m.pvs-rs.com\/form\/generate.js?id=25\"><\/script>\n<\/div>\n\n\n\n<div class=\"wp-block-column is-layout-flow wp-block-column-is-layout-flow\" style=\"flex-basis:33.33%\">\n<figure class=\"wp-block-image size-full\"><img loading=\"lazy\" decoding=\"async\" width=\"800\" height=\"1000\" src=\"http:\/\/www.pvs-es.com\/wp-content\/uploads\/2025\/01\/Luigi-D\u00b4Olivio-2.jpg\" alt=\"Un giovane si appoggia sul braccio sinistro, con la spalla rivolta verso la fotocamera, e sorride all'obiettivo.\" class=\"wp-image-2098\" srcset=\"https:\/\/pvs-es.com\/wp-content\/uploads\/2025\/01\/Luigi-D\u00b4Olivio-2.jpg 800w, https:\/\/pvs-es.com\/wp-content\/uploads\/2025\/01\/Luigi-D\u00b4Olivio-2-240x300.jpg 240w, https:\/\/pvs-es.com\/wp-content\/uploads\/2025\/01\/Luigi-D\u00b4Olivio-2-768x960.jpg 768w\" sizes=\"auto, (max-width: 800px) 100vw, 800px\" \/><\/figure>\n<\/div>\n<\/div>\n\n\n\n<section class=\"wp-block-pvse-more-block pvse-more-block\"><div class=\"wrap\"><h2 class=\"heading\" style=\"color:#5600d8\">Potrebbero interessarti anche&#8230;<\/h2><div class=\"more-blocks\"><a class=\"block\" href=\"\/index.php\/logistics\/\"><div class=\"desc\">Logistics<\/div><\/a><a class=\"block\" href=\"\/index.php\/consulting\/\"><div class=\"desc\">Consulting<\/div><\/a><a class=\"block\" href=\"\/index.php\/marketplaces\/\"><div class=\"desc\">Marketplaces<\/div><\/a><\/div><\/div><\/section>\n","protected":false},"excerpt":{"rendered":"<p>Customer care personalizzato: Il servizio clienti \u00e8 probabilmente la parte pi\u00f9 importante del customer journey: siamo felici di dire che siamo molto pi\u00f9 di un semplice customer care \u2013 ci prendiamo cura del cliente, ottimizzandone l&#8217;esperienza e offrendo insights innovativi. Offriamo spunti per il cambiamento, siamo veri problem-solver. Siamo qui per voi \u2013 con un [&hellip;]<\/p>\n","protected":false},"author":6,"featured_media":0,"parent":0,"menu_order":0,"comment_status":"closed","ping_status":"closed","template":"","meta":{"footnotes":""},"class_list":["post-306","page","type-page","status-publish","hentry"],"jetpack_sharing_enabled":true,"_links":{"self":[{"href":"https:\/\/pvs-es.com\/index.php\/wp-json\/wp\/v2\/pages\/306","targetHints":{"allow":["GET"]}}],"collection":[{"href":"https:\/\/pvs-es.com\/index.php\/wp-json\/wp\/v2\/pages"}],"about":[{"href":"https:\/\/pvs-es.com\/index.php\/wp-json\/wp\/v2\/types\/page"}],"author":[{"embeddable":true,"href":"https:\/\/pvs-es.com\/index.php\/wp-json\/wp\/v2\/users\/6"}],"replies":[{"embeddable":true,"href":"https:\/\/pvs-es.com\/index.php\/wp-json\/wp\/v2\/comments?post=306"}],"version-history":[{"count":54,"href":"https:\/\/pvs-es.com\/index.php\/wp-json\/wp\/v2\/pages\/306\/revisions"}],"predecessor-version":[{"id":3370,"href":"https:\/\/pvs-es.com\/index.php\/wp-json\/wp\/v2\/pages\/306\/revisions\/3370"}],"wp:attachment":[{"href":"https:\/\/pvs-es.com\/index.php\/wp-json\/wp\/v2\/media?parent=306"}],"curies":[{"name":"wp","href":"https:\/\/api.w.org\/{rel}","templated":true}]}}