{"id":2929,"date":"2025-04-22T16:21:49","date_gmt":"2025-04-22T14:21:49","guid":{"rendered":"https:\/\/pvs-es.com\/?page_id=2929"},"modified":"2025-07-08T16:09:35","modified_gmt":"2025-07-08T14:09:35","slug":"marketing","status":"publish","type":"page","link":"https:\/\/pvs-es.com\/index.php\/marketing\/?lang=de","title":{"rendered":"Marketing"},"content":{"rendered":"\n<div class=\"wp-block-pvse-title-detail-parallax wrapper-parallax\"><layer class=\"bg\"><img decoding=\"async\" src=\"https:\/\/pvs-es.com\/wp-content\/uploads\/2024\/10\/Header-12.1.jpg\" alt=\"background for parallax effect\"\/><\/layer><layer class=\"ly-3\"><img decoding=\"async\" src=\"https:\/\/pvs-es.com\/wp-content\/uploads\/2025\/01\/leerebene.png\" alt=\"third layer of graphical parallax effect\"\/><\/layer><layer class=\"ly-2\"><img decoding=\"async\" src=\"https:\/\/pvs-es.com\/wp-content\/uploads\/2025\/01\/leerebene.png\" alt=\"second layer of graphical parallax effect\"\/><\/layer><layer class=\"ly-1\"><img decoding=\"async\" src=\"https:\/\/pvs-es.com\/wp-content\/uploads\/2025\/01\/leerebene.png\" alt=\"first layer of graphical parallax effect\"\/><\/layer><div class=\"glasswrap\"><div class=\"schrag\"><\/div><div class=\"schrag\"><\/div><div class=\"schrag\"><\/div><div class=\"hero-detail\"><div class=\"hero-detail-text\"><h2 class=\"has-medium-font-size\">Mit einer ma\u00dfgeschneiderten Marketingstrategie verwandeln wir Ihre digitale Pr\u00e4senz in messbaren Erfolg<\/h2><\/div><div class=\"hero-detail-heading\"><div class=\"pointer\"><\/div><div class=\"pointer\"><\/div><div class=\"pointer\"><\/div><h1 style=\"color:#5600d8\" class=\"wp-block-heading\">Maximieren Sie Ihre digitale Performance<\/h1><\/div><\/div><\/div><div class=\"line\"><\/div><div class=\"line\"><\/div><div class=\"line\"><\/div><div class=\"line\"><\/div><div class=\"line\"><\/div><div class=\"line\"><\/div><div class=\"line\"><\/div><div class=\"line\"><\/div><div class=\"line\"><\/div><div class=\"line\"><\/div><div class=\"line\"><\/div><div class=\"line\"><\/div><\/div>\n\n\n\n<h2 class=\"wp-block-heading\">Digitale Sichtbarkeit ist entscheidend f\u00fcr Ihr Wachstum<\/h2>\n\n\n\n<p class=\"has-medium-font-size\">Wir entwickeln ma\u00dfgeschneiderte Marketingstrategien, die Ihre Online-Pr\u00e4senz auf das n\u00e4chste Level heben. Mit einem ganzheitlichen Ansatz kombinieren wir Performance Marketing, SEO-Optimierung und datenbasierte Analyse, um Ihre Zielgruppen effektiv zu erreichen und den Umsatz nachhaltig zu steigern. Gemeinsam gestalten wir Ihre digitale Zukunft und sorgen daf\u00fcr, dass Ihre Marke in der digitalen Welt die Aufmerksamkeit bekommt, die sie verdient.<\/p>\n\n\n\n<section class=\"wp-block-pvse-benefits pvse-benefits\"><div class=\"wrap\"><h2 class=\"heading\" style=\"color:#000000\"><\/h2><ul><li><span>Unsere Marketingstrategie \u2013 ma\u00dfgeschneidert f\u00fcr Ihren Erfolg<\/span><div class=\"text\">Wir entwickeln eine ganzheitliche digitale Strategie, die exakt auf Ihre Markenziele abgestimmt ist. Durch einen klaren Fokus auf Awareness, Engagement, Conversion und Affiliation sorgen wir daf\u00fcr, dass Sie Ihre Zielgruppen gezielt erreichen und langfristige Erfolge erzielen.<\/div><\/li><li><span>Mit SEO-Optimierung Sichtbarkeit maximieren<\/span><div class=\"text\">Mit pr\u00e4ziser Content-Optimierung, gezieltem Linkbuilding und technischen SEO im Hintergrund verbessern wir Ihre Platzierungen in den Suchergebnissen. So steigern wir Ihre Markenbekanntheit und sorgen daf\u00fcr, dass Sie im richtigen Moment von den Nutzern gefunden werden, die echtes Interesse an Ihrer Marke haben.<\/div><\/li><li><span>Web Analytics f\u00fcr datengetriebenes Wachstum<\/span><div class=\"text\">Durch detaillierte Analysen des Nutzerverhaltens und Echtzeit-Optimierung Ihrer digitalen Ressourcen schaffen wir tiefere Einblicke in das Verhalten Ihrer Zielgruppen. Mit pr\u00e4zisem Tracking und ma\u00dfgeschneiderten Reports stellen wir sicher, dass Ihre Strategie kontinuierlich optimiert wird, um beste Ergebnisse zu erzielen.<\/div><\/li><li><span>Performance Marketing \u2013 aus Budget wird Umsatz<\/span><div class=\"text\">Wir verwandeln Ihr Werbebudget in messbaren Umsatz. Mit gezielten Kampagnen \u00fcber Google Ads, Facebook Ads und andere Kan\u00e4le maximieren wir Ihren ROAS und steigern Ihre Verkaufszahlen. Dabei \u00fcberwachen wir st\u00e4ndig die Leistung und liefern Ihnen zeitnahe Reports, um schnell auf Ver\u00e4nderungen reagieren zu k\u00f6nnen.<\/div><\/li><\/ul><\/div><\/section>\n","protected":false},"excerpt":{"rendered":"<p>Digitale Sichtbarkeit ist entscheidend f\u00fcr Ihr Wachstum Wir entwickeln ma\u00dfgeschneiderte Marketingstrategien, die Ihre Online-Pr\u00e4senz auf das n\u00e4chste Level heben. Mit einem ganzheitlichen Ansatz kombinieren wir Performance Marketing, SEO-Optimierung und datenbasierte Analyse, um Ihre Zielgruppen effektiv zu erreichen und den Umsatz nachhaltig zu steigern. Gemeinsam gestalten wir Ihre digitale Zukunft und sorgen daf\u00fcr, dass Ihre Marke [&hellip;]<\/p>\n","protected":false},"author":6,"featured_media":0,"parent":0,"menu_order":0,"comment_status":"closed","ping_status":"closed","template":"","meta":{"footnotes":""},"class_list":["post-2929","page","type-page","status-publish","hentry"],"jetpack_sharing_enabled":true,"_links":{"self":[{"href":"https:\/\/pvs-es.com\/index.php\/wp-json\/wp\/v2\/pages\/2929","targetHints":{"allow":["GET"]}}],"collection":[{"href":"https:\/\/pvs-es.com\/index.php\/wp-json\/wp\/v2\/pages"}],"about":[{"href":"https:\/\/pvs-es.com\/index.php\/wp-json\/wp\/v2\/types\/page"}],"author":[{"embeddable":true,"href":"https:\/\/pvs-es.com\/index.php\/wp-json\/wp\/v2\/users\/6"}],"replies":[{"embeddable":true,"href":"https:\/\/pvs-es.com\/index.php\/wp-json\/wp\/v2\/comments?post=2929"}],"version-history":[{"count":3,"href":"https:\/\/pvs-es.com\/index.php\/wp-json\/wp\/v2\/pages\/2929\/revisions"}],"predecessor-version":[{"id":3275,"href":"https:\/\/pvs-es.com\/index.php\/wp-json\/wp\/v2\/pages\/2929\/revisions\/3275"}],"wp:attachment":[{"href":"https:\/\/pvs-es.com\/index.php\/wp-json\/wp\/v2\/media?parent=2929"}],"curies":[{"name":"wp","href":"https:\/\/api.w.org\/{rel}","templated":true}]}}