{"id":2922,"date":"2025-04-22T16:08:54","date_gmt":"2025-04-22T14:08:54","guid":{"rendered":"https:\/\/pvs-es.com\/?page_id=2922"},"modified":"2025-07-08T14:13:43","modified_gmt":"2025-07-08T12:13:43","slug":"platforms","status":"publish","type":"page","link":"https:\/\/pvs-es.com\/index.php\/platforms\/?lang=de","title":{"rendered":"Platforms"},"content":{"rendered":"\n<div class=\"wp-block-pvse-title-detail-parallax wrapper-parallax\"><layer class=\"bg\"><img decoding=\"async\" src=\"https:\/\/pvs-es.com\/wp-content\/uploads\/2024\/10\/Header-8.1.jpg\" alt=\"background for parallax effect\"\/><\/layer><layer class=\"ly-3\"><img decoding=\"async\" src=\"https:\/\/pvs-es.com\/wp-content\/uploads\/2025\/01\/leerebene.png\" alt=\"third layer of graphical parallax effect\"\/><\/layer><layer class=\"ly-2\"><img decoding=\"async\" src=\"https:\/\/pvs-es.com\/wp-content\/uploads\/2025\/01\/leerebene.png\" alt=\"second layer of graphical parallax effect\"\/><\/layer><layer class=\"ly-1\"><img decoding=\"async\" src=\"https:\/\/pvs-es.com\/wp-content\/uploads\/2025\/01\/leerebene.png\" alt=\"first layer of graphical parallax effect\"\/><\/layer><div class=\"glasswrap\"><div class=\"schrag\"><\/div><div class=\"schrag\"><\/div><div class=\"schrag\"><\/div><div class=\"hero-detail\"><div class=\"hero-detail-text\"><h2 class=\"has-medium-font-size\">Mit individuellen Plattform-L\u00f6sungen bringen wir Ihre digitale Pr\u00e4senz auf das n\u00e4chste Level \u2013 effizient, skalierbar und immer up to date!<\/h2><\/div><div class=\"hero-detail-heading\"><div class=\"pointer\"><\/div><div class=\"pointer\"><\/div><div class=\"pointer\"><\/div><h1 style=\"color:#5600d8\" class=\"wp-block-heading\">Ihre digitale Plattform, perfekt integriert!<\/h1><\/div><\/div><\/div><div class=\"line\"><\/div><div class=\"line\"><\/div><div class=\"line\"><\/div><div class=\"line\"><\/div><div class=\"line\"><\/div><div class=\"line\"><\/div><div class=\"line\"><\/div><div class=\"line\"><\/div><div class=\"line\"><\/div><div class=\"line\"><\/div><div class=\"line\"><\/div><div class=\"line\"><\/div><\/div>\n\n\n\n<h2 class=\"wp-block-heading has-text-color has-link-color wp-elements-af37ba639fa821afb6305244a78d2681\" style=\"color:#5600d8\">Ein starker Partner f\u00fcr Ihre Plattformstrategie<\/h2>\n\n\n\n<p class=\"has-medium-font-size\">eCommerce ist mehr als nur <em>ein<\/em> Shop \u2013 es ist das digitale R\u00fcckgrat moderner Marken. PVS eServices entwickelt individuelle Plattforml\u00f6sungen, die sich nahtlos in Ihre Systemlandschaft einf\u00fcgen. Denn: Wir liefern Technologie, die funktioniert \u2013 integriert, skalierbar und auf Ihre Ziele ausgerichtet. Gemeinsam machen wir Ihre Marke fit f\u00fcr alle Kan\u00e4le, alle Anforderungen und alle Plattformen \u2013 so wie Sie es gerade brauchen.<\/p>\n\n\n\n<section class=\"wp-block-pvse-benefits pvse-benefits\"><div class=\"wrap\"><h2 class=\"heading\" style=\"color:#5600d8\">Wie wir Ihr eCommerce zukunftssicher machen?<\/h2><ul><li><span>Plattform-L\u00f6sungen \u2013 auf Sie zugeschnitten<\/span><div class=\"text\">Wir entwickeln individuelle eCommerce-Plattformen, die exakt auf Ihre Marke abgestimmt sind. Mit einem ganzheitlichen, benutzerzentrierten Ansatz kombinieren wir intuitives Design und starke Funktionalit\u00e4ten f\u00fcr eine perfekte Customer Journey \u00fcber alle Kan\u00e4le hinweg. Dabei sorgen wir daf\u00fcr, dass auch im Backend alles reibungslos funktioniert.<\/div><\/li><li><span>Expertise, die w\u00e4chst<\/span><div class=\"text\">Ob Cloud oder On-Premise \u2013 wir w\u00e4hlen mit Ihnen gemeinsam die passenden Schnittstelle f\u00fcr Ihr Projekt. Wir setzen dabei seit Jahren mit u.a. Shopify oder Shopware auf die leistungsst\u00e4rksten Plattformen auf dem Markt und haben dadurch Expertenstatus erreicht. Sie w\u00fcnschen sich andere Plattformanbieter? F\u00fcr uns kein Problem.<\/div><\/li><li><span>Integration &amp; Skalierbarkeit on point<\/span><div class=\"text\">Wir managen komplexe Integrationen souver\u00e4n \u2013 von ERP-Systemen \u00fcber CRM- bis hin zu API-Schnittstellen. Unsere L\u00f6sungen sorgen f\u00fcr skalierbare, flexible und anpassungsf\u00e4hige eCommerce-Systeme, die sich nahtlos in Ihre bestehende IT-Landschaft einf\u00fcgen.<\/div><\/li><li><span>Schnellstart f\u00fcr Ihr eCommerce<\/span><div class=\"text\">Zum Start integrieren wir f\u00fcr Sie ein solides Fundament, das alle Standardfunktionen mitbringt. So k\u00f6nnen Sie schneller starten, gezielter personalisieren und Ihre L\u00f6sung sp\u00e4ter effizient an Ihre Anforderungen anpassen. Denn Bed\u00fcrfnisse \u00e4ndern sich. Wir sind gewappnet, um Ihre Vorstellung auch langfristig umzusetzen.<\/div><\/li><\/ul><\/div><\/section>\n","protected":false},"excerpt":{"rendered":"<p>Ein starker Partner f\u00fcr Ihre Plattformstrategie eCommerce ist mehr als nur ein Shop \u2013 es ist das digitale R\u00fcckgrat moderner Marken. PVS eServices entwickelt individuelle Plattforml\u00f6sungen, die sich nahtlos in Ihre Systemlandschaft einf\u00fcgen. Denn: Wir liefern Technologie, die funktioniert \u2013 integriert, skalierbar und auf Ihre Ziele ausgerichtet. Gemeinsam machen wir Ihre Marke fit f\u00fcr alle [&hellip;]<\/p>\n","protected":false},"author":6,"featured_media":0,"parent":0,"menu_order":0,"comment_status":"closed","ping_status":"closed","template":"","meta":{"footnotes":""},"class_list":["post-2922","page","type-page","status-publish","hentry"],"jetpack_sharing_enabled":true,"_links":{"self":[{"href":"https:\/\/pvs-es.com\/index.php\/wp-json\/wp\/v2\/pages\/2922","targetHints":{"allow":["GET"]}}],"collection":[{"href":"https:\/\/pvs-es.com\/index.php\/wp-json\/wp\/v2\/pages"}],"about":[{"href":"https:\/\/pvs-es.com\/index.php\/wp-json\/wp\/v2\/types\/page"}],"author":[{"embeddable":true,"href":"https:\/\/pvs-es.com\/index.php\/wp-json\/wp\/v2\/users\/6"}],"replies":[{"embeddable":true,"href":"https:\/\/pvs-es.com\/index.php\/wp-json\/wp\/v2\/comments?post=2922"}],"version-history":[{"count":7,"href":"https:\/\/pvs-es.com\/index.php\/wp-json\/wp\/v2\/pages\/2922\/revisions"}],"predecessor-version":[{"id":3258,"href":"https:\/\/pvs-es.com\/index.php\/wp-json\/wp\/v2\/pages\/2922\/revisions\/3258"}],"wp:attachment":[{"href":"https:\/\/pvs-es.com\/index.php\/wp-json\/wp\/v2\/media?parent=2922"}],"curies":[{"name":"wp","href":"https:\/\/api.w.org\/{rel}","templated":true}]}}