{"id":287,"date":"2024-10-29T15:24:26","date_gmt":"2024-10-29T14:24:26","guid":{"rendered":"https:\/\/www.pvs-es.com\/?page_id=287"},"modified":"2025-07-08T14:07:30","modified_gmt":"2025-07-08T12:07:30","slug":"services","status":"publish","type":"page","link":"https:\/\/pvs-es.com\/index.php\/services\/","title":{"rendered":"Services"},"content":{"rendered":"\n<div class=\"wp-block-pvse-title-detail-parallax wrapper-parallax\"><layer class=\"bg\"><img decoding=\"async\" src=\"http:\/\/www.pvs-es.com\/wp-content\/uploads\/2024\/12\/header_services1.webp\" alt=\"background for parallax effect\"\/><\/layer><layer class=\"ly-3\"><img decoding=\"async\" src=\"http:\/\/www.pvs-es.com\/wp-content\/uploads\/2024\/12\/header_services2.webp\" alt=\"third layer of graphical parallax effect\"\/><\/layer><layer class=\"ly-2\"><img decoding=\"async\" src=\"http:\/\/www.pvs-es.com\/wp-content\/uploads\/2024\/12\/header_services3.webp\" alt=\"second layer of graphical parallax effect\"\/><\/layer><layer class=\"ly-1\"><img decoding=\"async\" src=\"http:\/\/www.pvs-es.com\/wp-content\/uploads\/2025\/01\/header_services4-1.webp\" alt=\"first layer of graphical parallax effect\"\/><\/layer><div class=\"glasswrap\"><div class=\"schrag\"><\/div><div class=\"schrag\"><\/div><div class=\"schrag\"><\/div><div class=\"hero-detail\"><div class=\"hero-detail-text\"><h2 class=\"has-medium-font-size\">Il nostro obiettivo: un&#8217;esperienza luxury per i clienti e un&#8217;immagine coerente del brand su tutti i canali.<\/h2><\/div><div class=\"hero-detail-heading\"><div class=\"pointer\"><\/div><div class=\"pointer\"><\/div><div class=\"pointer\"><\/div><h1 style=\"color:#5600d8\" class=\"wp-block-heading\">Scegliete il singolo servizio o il full outsourcing completo.<\/h1><\/div><\/div><\/div><div class=\"line\"><\/div><div class=\"line\"><\/div><div class=\"line\"><\/div><div class=\"line\"><\/div><div class=\"line\"><\/div><div class=\"line\"><\/div><div class=\"line\"><\/div><div class=\"line\"><\/div><div class=\"line\"><\/div><div class=\"line\"><\/div><div class=\"line\"><\/div><div class=\"line\"><\/div><\/div>\n\n\n\n<section class=\"wp-block-pvse-ul-left-text-right-copy\"><div class=\"wrap\"><h2 class=\"headline\">Pacchetto completo o servizio singolo? La scelta \u00e8 nelle vostre mani.<\/h2><div class=\"grid-col-2\"><div class=\"col-2\"><div class=\"column-item\"><span class=\"column-text\"> Diamo l&#8217;opportunit\u00e0 di avviare progressivamente le diverse funzionalit\u00e0 <\/span><\/div><div class=\"column-item\"><span class=\"column-text\">Offriamo la possibilit\u00e0 di esternalizzare il servizio passo dopo passo, in un&#8217;ottica tailor-made (ad esempio, solo logistica, solo assistenza clienti, solo marketplace, ecc. incrementando o modificando le attivit\u00e0 da un anno all&#8217;altro)<\/span><\/div><\/div><div class=\"col-2\"><p class=\"text\">Non importa quale sia il percorso scelto: vi aiutiamo a mostrare l&#8217;appeal di tutto il vostro potenziale, ad aumentare l&#8217;efficienza, a creare hype intorno a voi e offrire ai clienti un&#8217;esperienza indimenticabile che superi tutte le aspettative.<\/p><\/div><\/div><\/div><\/section>\n\n\n\n<section class=\"wp-block-pvse-box-list\"><div class=\"wrap\"><h2 class=\"headline\">Come possiamo supportare il vostro successo:<\/h2><div class=\"boxes columns4\"><a href=\"https:\/\/pvs-es.com\/index.php\/logistics\/?lang=it\" class=\"box\"><p class=\"subheadline\">Logistics<\/p><div class=\"description\"><div><p>Stoccaggio, automazione, pick &amp; pack, spedizioni in tutto il mondo e gestione resi. Abbiamo le soluzioni dalla A alla Z per supportare la vostra crescita in modo flessibile e sostenibile.<\/p><\/div><\/div><\/a><a href=\"https:\/\/pvs-es.com\/index.php\/customer-care\/?lang=it\" class=\"box\"><p class=\"subheadline\">Customer Care<\/p><div class=\"description\"><div><p>Pre-vendita e post-vendita per la soddisfazione dei vostri clienti finali, trasparenza garantita attraverso un\u2019accurata reportistica sui KPI e sullo stato delle attivit\u00e0 \u2013 siamo specialisti con esperienza decennale.<\/p><\/div><\/div><\/a><a href=\"https:\/\/pvs-es.com\/index.php\/marketplaces\/?lang=it\" class=\"box\"><p class=\"subheadline\">Marketplace Services<\/p><div class=\"description\"><div><p>Pacchetti all inclusive \u2013 dalla presenza sul mercato alla mappatura, dal marketing digitale per l\u2019e-commerce al go-live, in perfetta integrazione. Voi ci fornite gli stock pi\u00f9 alla moda e i dati \u2013 noi ci occupiamo del resto.<\/p><\/div><\/div><\/a><a href=\"https:\/\/pvs-es.com\/index.php\/consulting\/?lang=it\" class=\"box\"><p class=\"subheadline\">Consulting<\/p><div class=\"description\"><div><p>Non siamo solo logistica omnichannel efficiente e assistenza clienti: vi offriamo ci\u00f2 di cui avete bisogno. Potrete cos\u00ec beneficiare di molti anni di consulenza, ottimizzazione dei processi di e-commerce e altro ancora.<\/p><\/div><\/div><\/a><a href=\"https:\/\/pvs-es.com\/index.php\/crossborder\/?lang=it\" class=\"box\"><p class=\"subheadline\">Cross-Border Strategy<\/p><div class=\"description\"><div><p>Servizi su misura per la vostra attivit\u00e0 \u2013 in tutto il mondo \u2013 grazie alla nostra ampia conoscenza delle questioni doganali, relative alla Brexit o alle imposte.<\/p><\/div><\/div><\/a><a href=\"https:\/\/pvs-es.com\/index.php\/merchant-of-records\/?lang=it\" class=\"box\"><p class=\"subheadline\">Merchant of Records (MoR)<\/p><div class=\"description\"><div><p>Gestire il corretto flusso finanziario garantendo conformit\u00e0 fiscali e normative internazionali, pu\u00f2 essere difficile: possiamo agire come vostro MOR e permettervi di concentrarvi sulla crescita della vostra attivit\u00e0<\/p><\/div><\/div><\/a><a href=\"https:\/\/pvs-es.com\/index.php\/platforms\/\" class=\"box\"><p class=\"subheadline\">Platforms<\/p><div class=\"description\"><div><p>Progettiamo soluzioni su misura che uniscono tecnologia, strategia ed esperienza utente. Come partner delle principali piattaforme e-commerce, costruiamo sistemi scalabili e integrati, adatti a ogni esigenza: dal B2C e B2B fino alle integrazioni cloud pi\u00f9 complesse.<\/p><\/div><\/div><\/a><a href=\"https:\/\/pvs-es.com\/index.php\/marketing\/\" class=\"box\"><p class=\"subheadline\">Marketing<\/p><div class=\"description\"><div><p>Attraverso strategie di marketing digitale mirate, SEO avanzato e analisi basata sui dati, aiutiamo i brand a crescere in modo visibile e concreto. Il nostro focus: risultati tangibili, incremento delle vendite e successo duraturo su tutti i canali digitali.<\/p><\/div><\/div><\/a><\/div><div class=\"all-services\"><a href=\"\/index.php\/services\/\" class=\"top-link\">All Services<\/a><\/div><\/div><\/section>\n\n\n\n<section class=\"wp-block-pvse-more-block pvse-more-block\"><div class=\"wrap\"><h2 class=\"heading\" style=\"color:#5600d8\">Non riuscite a trovare qui quello di cui avete bisogno? <\/h2><div class=\"more-blocks\"><a class=\"block\" href=\"\/index.php\/internal-process-optimization\/\"><div class=\"desc\">Internal process optimization<\/div><\/a><a class=\"block\" href=\"\/index.php\/ux-cx-optimization\/\"><div class=\"desc\">UX\/CX optimization<\/div><\/a><\/div><\/div><\/section>\n\n\n\n<section class=\"wp-block-pvse-benefits pvse-benefits\"><div class=\"wrap\"><h2 class=\"heading\" style=\"color:#5600d8\">Crediamo\u2026<\/h2><ul><li><span>Nella massima qualit\u00e0:<\/span><div class=\"text\">Offriamo un servizio di qualit\u00e0 premium per brand premium (flessibilit\u00e0, esperienza decennale, attenzione alle esigenze dei clienti, qualit\u00e0 che si adatta con stile alle vostre esigenze e che manteniamo in tutti i servizi, canali e confini nazionali)<\/div><\/li><li><span>Nell\u2019importanza di una partnership strategica per l\u2019eCommerce a 360 gradi:<\/span><div class=\"text\">Professionalit\u00e0, gestione logistica internazionale, visione globale, conoscenza integrata e processi altamente strutturati \u2013 questo \u00e8 il nostro approccio tailor-made<\/div><\/li><li><span>In soluzioni individuali e scalabili per la crescita:<\/span><div class=\"text\">A livello individuale e di partnership, garantiamo flessibilit\u00e0 operativa aziendale e offriamo la possibilit\u00e0 di un outsourcing personalizzato passo dopo passo. Iniziamo da dove ne avrete bisogno (con servizi individuali o soluzioni full service)<\/div><\/li><li><span>Nella consulenza:<\/span><div class=\"text\">Vi offriamo approcci strategici e di ottimizzazione della crescita trasparenti per l\u2019espansione globale del brand, con integrazione omnicanale, in pochi secondi, e KPI delle performance nella logistica e in tutte le aree. La nostra consulenza vi consentir\u00e0 di migliorare la qualit\u00e0 e risparmiare sui costi. Possiamo offrire best practice grazie ad anni di esperienza in tutti i servizi offerti.<\/div><\/li><li><span>Nelle partnership costruite per il futuro:<\/span><div class=\"text\">Siamo visionari, innovatori proattivi al vostro fianco a livello internazionale, siamo fashion stylist di possibilit\u00e0 illimitate, tenendo sempre in considerazione le abitudini specifiche e i trend di ogni Paese<\/div><\/li><li><span>Nell\u2019essere pronti a partire in un attimo:<\/span><div class=\"text\">Garantiamo l\u2019implementazione rapida dei servizi e l\u2019onboarding ready-to-wear<\/div><\/li><\/ul><\/div><\/section>\n","protected":false},"excerpt":{"rendered":"","protected":false},"author":6,"featured_media":0,"parent":0,"menu_order":0,"comment_status":"closed","ping_status":"closed","template":"","meta":{"footnotes":""},"class_list":["post-287","page","type-page","status-publish","hentry"],"jetpack_sharing_enabled":true,"_links":{"self":[{"href":"https:\/\/pvs-es.com\/index.php\/wp-json\/wp\/v2\/pages\/287","targetHints":{"allow":["GET"]}}],"collection":[{"href":"https:\/\/pvs-es.com\/index.php\/wp-json\/wp\/v2\/pages"}],"about":[{"href":"https:\/\/pvs-es.com\/index.php\/wp-json\/wp\/v2\/types\/page"}],"author":[{"embeddable":true,"href":"https:\/\/pvs-es.com\/index.php\/wp-json\/wp\/v2\/users\/6"}],"replies":[{"embeddable":true,"href":"https:\/\/pvs-es.com\/index.php\/wp-json\/wp\/v2\/comments?post=287"}],"version-history":[{"count":58,"href":"https:\/\/pvs-es.com\/index.php\/wp-json\/wp\/v2\/pages\/287\/revisions"}],"predecessor-version":[{"id":3254,"href":"https:\/\/pvs-es.com\/index.php\/wp-json\/wp\/v2\/pages\/287\/revisions\/3254"}],"wp:attachment":[{"href":"https:\/\/pvs-es.com\/index.php\/wp-json\/wp\/v2\/media?parent=287"}],"curies":[{"name":"wp","href":"https:\/\/api.w.org\/{rel}","templated":true}]}}