{"id":2595,"date":"2025-02-13T16:49:43","date_gmt":"2025-02-13T15:49:43","guid":{"rendered":"https:\/\/pvs-es.com\/index.php\/opt-in\/"},"modified":"2025-03-10T15:02:13","modified_gmt":"2025-03-10T14:02:13","slug":"opt-in","status":"publish","type":"page","link":"https:\/\/pvs-es.com\/index.php\/opt-in\/?lang=fr","title":{"rendered":"Newsletter Subscription"},"content":{"rendered":"\n<div style=\"height:140px\" aria-hidden=\"true\" class=\"wp-block-spacer\"><\/div>\n\n\n\n<h2 class=\"wp-block-heading has-text-color has-link-color wp-elements-f7408ad0010c7c25e3e73417e3d4236e\" style=\"color:#5600d8\">Toujours bien inform\u00e9 :<\/h2>\n\n\n\n<div style=\"height:40px\" aria-hidden=\"true\" class=\"wp-block-spacer\"><\/div>\n\n\n\n<p class=\"has-medium-font-size\">Recevez r\u00e9guli\u00e8rement des informations pr\u00e9cieuses sur les tendances et les d\u00e9veloppements actuels du commerce \u00e9lectronique. Inscrivez-vous et profitez des actualit\u00e9s du secteur, des connaissances d&#8217;experts et des mises \u00e0 jour exclusives &#8211; directement dans votre bo\u00eete de r\u00e9ception.<\/p>\n\n\n\n<div style=\"height:40px\" aria-hidden=\"true\" class=\"wp-block-spacer\"><\/div>\n\n\n\n<script type=\"text\/javascript\" src=\"\/\/m.pvs-es.com\/form\/generate.js?id=15\"><\/script>\n\n\n\n<div style=\"height:102px\" aria-hidden=\"true\" class=\"wp-block-spacer\"><\/div>\n","protected":false},"excerpt":{"rendered":"<p>Toujours bien inform\u00e9 : Recevez r\u00e9guli\u00e8rement des informations pr\u00e9cieuses sur les tendances et les d\u00e9veloppements actuels du commerce \u00e9lectronique. Inscrivez-vous et profitez des actualit\u00e9s du secteur, des connaissances d&#8217;experts et des mises \u00e0 jour exclusives &#8211; directement dans votre bo\u00eete de r\u00e9ception.<\/p>\n","protected":false},"author":6,"featured_media":0,"parent":0,"menu_order":0,"comment_status":"closed","ping_status":"closed","template":"","meta":{"footnotes":""},"class_list":["post-2595","page","type-page","status-publish","hentry"],"jetpack_sharing_enabled":true,"_links":{"self":[{"href":"https:\/\/pvs-es.com\/index.php\/wp-json\/wp\/v2\/pages\/2595","targetHints":{"allow":["GET"]}}],"collection":[{"href":"https:\/\/pvs-es.com\/index.php\/wp-json\/wp\/v2\/pages"}],"about":[{"href":"https:\/\/pvs-es.com\/index.php\/wp-json\/wp\/v2\/types\/page"}],"author":[{"embeddable":true,"href":"https:\/\/pvs-es.com\/index.php\/wp-json\/wp\/v2\/users\/6"}],"replies":[{"embeddable":true,"href":"https:\/\/pvs-es.com\/index.php\/wp-json\/wp\/v2\/comments?post=2595"}],"version-history":[{"count":7,"href":"https:\/\/pvs-es.com\/index.php\/wp-json\/wp\/v2\/pages\/2595\/revisions"}],"predecessor-version":[{"id":2835,"href":"https:\/\/pvs-es.com\/index.php\/wp-json\/wp\/v2\/pages\/2595\/revisions\/2835"}],"wp:attachment":[{"href":"https:\/\/pvs-es.com\/index.php\/wp-json\/wp\/v2\/media?parent=2595"}],"curies":[{"name":"wp","href":"https:\/\/api.w.org\/{rel}","templated":true}]}}