{"id":242,"date":"2024-10-29T10:18:50","date_gmt":"2024-10-29T09:18:50","guid":{"rendered":"https:\/\/www.pvs-es.com\/?page_id=242"},"modified":"2025-07-08T15:18:17","modified_gmt":"2025-07-08T13:18:17","slug":"home","status":"publish","type":"page","link":"https:\/\/pvs-es.com\/","title":{"rendered":"Home"},"content":{"rendered":"\n<div class=\"wp-block-pvse-title-detail-parallax wrapper-parallax\"><layer class=\"bg\"><img decoding=\"async\" src=\"http:\/\/www.pvs-es.com\/wp-content\/uploads\/2025\/01\/Header_Internal-Process-Optimzation_1-scaled.webp\" alt=\"background for parallax effect\"\/><\/layer><layer class=\"ly-3\"><img decoding=\"async\" src=\"http:\/\/www.pvs-es.com\/wp-content\/uploads\/2025\/01\/Header_Internal-Process-Optimzation_3-scaled.webp\" alt=\"third layer of graphical parallax effect\"\/><\/layer><layer class=\"ly-2\"><img decoding=\"async\" src=\"http:\/\/www.pvs-es.com\/wp-content\/uploads\/2025\/01\/Header_Internal-Process-Optimzation_2-scaled.webp\" alt=\"second layer of graphical parallax effect\"\/><\/layer><layer class=\"ly-1\"><img decoding=\"async\" src=\"http:\/\/www.pvs-es.com\/wp-content\/uploads\/2025\/01\/leerebene.png\" alt=\"first layer of graphical parallax effect\"\/><\/layer><div class=\"glasswrap\"><div class=\"schrag\"><\/div><div class=\"schrag\"><\/div><div class=\"schrag\"><\/div><div class=\"hero-detail\"><div class=\"hero-detail-text\"><h2 class=\"has-medium-font-size\">Dinamico, connesso, multiforme, visionario: PVS realizza appieno le potenzialit\u00e0 del vostro business eCommerce.<\/h2><\/div><div class=\"hero-detail-heading\"><div class=\"pointer\"><\/div><div class=\"pointer\"><\/div><div class=\"pointer\"><\/div><h1 style=\"color:#5600d8\" class=\"wp-block-heading\">Soluzioni eCommerce su misura per supportare la vostra crescita.<\/h1><\/div><\/div><\/div><div class=\"line\"><\/div><div class=\"line\"><\/div><div class=\"line\"><\/div><div class=\"line\"><\/div><div class=\"line\"><\/div><div class=\"line\"><\/div><div class=\"line\"><\/div><div class=\"line\"><\/div><div class=\"line\"><\/div><div class=\"line\"><\/div><div class=\"line\"><\/div><div class=\"line\"><\/div><\/div>\n\n\n\n<div style=\"height:80px\" aria-hidden=\"true\" class=\"wp-block-spacer\"><\/div>\n\n\n\n<p class=\"has-medium-font-size\">Esplorate le aree in cui operiamo, incrementate il vostro appeal e raggiungete <strong>il massimo potenziale<\/strong> del vostro business. Siamo qui per aiutarvi ad ampliare i canali di contatto, migliorare l\u2019<strong>efficienza<\/strong> e ridurre i costi aziendali, <strong>ovunque e in modo semplice<\/strong>. Siamo il partner che vi garantir\u00e0 un\u2019esperienza di altissima qualit\u00e0 e <strong>servizi completi ed efficaci<\/strong> per il vostro e-commerce. Dalla fase iniziale alla conclusione del processo, <strong>ovunque nel mondo<\/strong>.<\/p>\n\n\n\n<section class=\"wp-block-pvse-box-list\"><div class=\"wrap\"><h2 class=\"headline\">Scoprite tutti i nostri servizi per soddisfare al meglio le vostre esigenze<\/h2><div class=\"boxes columns4\"><a href=\"https:\/\/pvs-es.com\/index.php\/logistics\/?lang=it\" class=\"box\"><p class=\"subheadline\">Logistics<\/p><div class=\"description\"><div><p>Stoccaggio, automazione, pick &amp; pack, spedizioni in tutto il mondo e gestione resi. Abbiamo le soluzioni dalla A alla Z per supportare la vostra crescita in modo flessibile e sostenibile.<\/p><\/div><\/div><\/a><a href=\"https:\/\/pvs-es.com\/index.php\/customer-care\/?lang=it\" class=\"box\"><p class=\"subheadline\">Customer Care<\/p><div class=\"description\"><div><p>Pre-vendita e post-vendita per la soddisfazione dei vostri clienti finali, trasparenza garantita attraverso un\u2019accurata reportistica sui KPI e sullo stato delle attivit\u00e0 \u2013 siamo specialisti con esperienza decennale.<\/p><\/div><\/div><\/a><a href=\"https:\/\/pvs-es.com\/index.php\/marketplaces\/?lang=it\" class=\"box\"><p class=\"subheadline\">Marketplace Services<\/p><div class=\"description\"><div><p>Pacchetti all inclusive \u2013 dalla presenza sul mercato alla mappatura, dal marketing digitale per l\u2019e-commerce al go-live, in perfetta integrazione. Voi ci fornite gli stock pi\u00f9 alla moda e i dati \u2013 noi ci occupiamo del resto.<\/p><\/div><\/div><\/a><a href=\"https:\/\/pvs-es.com\/index.php\/consulting\/?lang=it\" class=\"box\"><p class=\"subheadline\">Consulting<\/p><div class=\"description\"><div><p>Non siamo solo logistica omnichannel efficiente e assistenza clienti: vi offriamo ci\u00f2 di cui avete bisogno. Potrete cos\u00ec beneficiare di molti anni di consulenza, ottimizzazione dei processi di e-commerce e altro ancora.<\/p><\/div><\/div><\/a><a href=\"https:\/\/pvs-es.com\/index.php\/crossborder\/?lang=it\" class=\"box\"><p class=\"subheadline\">Cross-Border Strategy<\/p><div class=\"description\"><div><p>Servizi su misura per la vostra attivit\u00e0 \u2013 in tutto il mondo \u2013 grazie alla nostra ampia conoscenza delle questioni doganali, relative alla Brexit o alle imposte.<\/p><\/div><\/div><\/a><a href=\"https:\/\/pvs-es.com\/index.php\/merchant-of-records\/?lang=it\" class=\"box\"><p class=\"subheadline\">Merchant of Records (MoR)<\/p><div class=\"description\"><div><p>Gestire il corretto flusso finanziario garantendo conformit\u00e0 fiscali e normative internazionali, pu\u00f2 essere difficile: possiamo agire come vostro MOR e permettervi di concentrarvi sulla crescita della vostra attivit\u00e0<\/p><\/div><\/div><\/a><a href=\"https:\/\/pvs-es.com\/index.php\/platforms\/\" class=\"box\"><p class=\"subheadline\">Platforms<\/p><div class=\"description\"><div><p>Progettiamo soluzioni su misura che uniscono tecnologia, strategia ed esperienza utente. Come partner delle principali piattaforme e-commerce, costruiamo sistemi scalabili e integrati, adatti a ogni esigenza: dal B2C e B2B fino alle integrazioni cloud pi\u00f9 complesse.<\/p><\/div><\/div><\/a><a href=\"https:\/\/pvs-es.com\/index.php\/marketing\/\" class=\"box\"><p class=\"subheadline\">Marketing<\/p><div class=\"description\"><div><p>Attraverso strategie di marketing digitale mirate, SEO avanzato e analisi basata sui dati, aiutiamo i brand a crescere in modo visibile e concreto. Il nostro focus: risultati tangibili, incremento delle vendite e successo duraturo su tutti i canali digitali.<\/p><\/div><\/div><\/a><\/div><div class=\"all-services\"><a href=\"\/index.php\/services\/\" class=\"top-link\">All Services<\/a><\/div><\/div><\/section>\n\n\n\n<h2 class=\"wp-block-heading has-text-color has-link-color wp-elements-2df820b6cfc1e09c1fd719c906bb5bca\" style=\"color:#5600d8\">Siamo al vostro fianco in ogni fase <\/h2>\n\n\n\n<p class=\"has-medium-font-size\">Avete bisogno di supporto per migliorare i vostri processi? Volete superare ogni confine grazie alla nostra consulenza per l&#8217;internazionalizzazione? Oppure volete analizzare e ottimizzare tutti i vostri canali e processi di contatto per offrire un&#8217;esperienza di acquisto da passerella, straordinaria e senza problemi? Possiamo farlo insieme, con un approccio globale.<\/p>\n\n\n\n<section class=\"wp-block-pvse-ugrid-layout\"><div class=\"ontop\"><b><\/b><h2><\/h2><\/div><div class=\"ugrid\"><div class=\"top-left-u u-background left\"><h2>Ottimizzazione dell&#8217;interfaccia utente<\/h2><\/div><div class=\"spacer-circle\"><div class=\"u-background left\"><\/div><div class=\"u-background right\"><\/div><div class=\"arrow-left\"><\/div><div class=\"circle\"><\/div><div class=\"arrow-right-m\"><\/div><\/div><div class=\"top-right-u u-background right\"><h2>Ottimizzazione dei processi interni<\/h2><\/div><div class=\"middle-left u-background left\"><div class=\"arrow-left\"><\/div><\/div><div class=\"middle-right u-background right\"><div class=\"arrow-right\"><\/div><\/div><div class=\"bottom-half-u\"><div class=\"u-background left\"><\/div><div class=\"u-background right\"><\/div><div class=\"learn-more\"><h2>Risultato: <\/h2><a href=\"linkobern\" class=\"top-link top-link-text\">costi pi\u00f9 bassi, profitti pi\u00f9 alti e maggiore fidelizzazione dei clienti.<\/a><a href=\"\/index.php\/ux-cx-optimization\/\" class=\"left-link left-link-text\">More Information<\/a><a href=\"\/index.php\/internal-process-optimization\/\" class=\"right-link right-link-text\">More Information<\/a><\/div><div class=\"arrow-t-l\"><\/div><div class=\"arrow-m-l\"><\/div><div class=\"arrow-t-r\"><\/div><div class=\"arrow-m-r\"><\/div><\/div><\/div><\/section>\n\n\n\n<h2 class=\"wp-block-heading has-text-color has-link-color wp-elements-e91134da248e9c9f6e6d7798a339a907\" style=\"color:#5600d8\">Storie di successo<\/h2>\n\n\n\n<section class=\"wp-block-pvse-case-storys pvse-case-storys\"><div class=\"grid\"><div class=\"strich_wrap\"><div class=\"line\"><\/div><div class=\"line\"><\/div><div class=\"line\"><\/div><div class=\"line\"><\/div><div class=\"line\"><\/div><div class=\"line\"><\/div><div class=\"line\"><\/div><div class=\"line\"><\/div><div class=\"line\"><\/div><div class=\"line-b\"><\/div><div class=\"line-b\"><\/div><div class=\"line-b\"><\/div><div class=\"line-b\"><\/div><div class=\"line-b\"><\/div><div class=\"line-b\"><\/div><div class=\"line-b\"><\/div><div class=\"line-b\"><\/div><div class=\"line-b\"><\/div><\/div><div class=\"case\"><figure><img decoding=\"async\" src=\"https:\/\/pvs-es.com\/wp-content\/uploads\/2024\/11\/Bugatti.jpg\" alt=\"Una donna si appoggia a un uomo con abiti Bugatti.\"\/><\/figure><div class=\"gradient-layer\"><\/div><figure><img decoding=\"async\" src=\"https:\/\/pvs-es.com\/wp-content\/uploads\/2024\/11\/Logo_Zeichenflaeche-1-Kopie-3.png\" class=\"logo\" alt=\"Logo della Bugatti\"\/><\/figure><\/div><div class=\"case\"><figure><img decoding=\"async\" src=\"https:\/\/pvs-es.com\/wp-content\/uploads\/2025\/01\/parma-calcio-2.jpg\" alt=\"Atleta che posa con la maglia\"\/><\/figure><div class=\"gradient-layer\"><\/div><figure><img decoding=\"async\" src=\"https:\/\/pvs-es.com\/wp-content\/uploads\/2025\/01\/Parma-Calcio-logo-RGB-White.png\" class=\"logo\" alt=\"Logo del Parma Calcio\"\/><\/figure><\/div><div class=\"case\"><figure><img decoding=\"async\" src=\"https:\/\/pvs-es.com\/wp-content\/uploads\/2024\/11\/Odlo.jpg\" alt=\"Sciatori che camminano in abbigliamento da neve\"\/><\/figure><div class=\"gradient-layer\"><\/div><figure><img decoding=\"async\" src=\"https:\/\/pvs-es.com\/wp-content\/uploads\/2024\/11\/Logo_Zeichenflaeche-1-Kopie-2.png\" class=\"logo\" alt=\"Logo del Odlo\"\/><\/figure><\/div><div class=\"case\"><figure><img decoding=\"async\" src=\"https:\/\/pvs-es.com\/wp-content\/uploads\/2024\/11\/Niche-Beauty.jpg\" alt=\"Prodotti cosmetici disposti con una borsa da viaggio in un aereo\"\/><\/figure><div class=\"gradient-layer\"><\/div><figure><img decoding=\"async\" src=\"https:\/\/pvs-es.com\/wp-content\/uploads\/2024\/11\/Logo_Zeichenflaeche-1-Kopie.png\" class=\"logo\" alt=\"Logo del Niche Beauty\"\/><\/figure><\/div><div class=\"case\"><figure><img decoding=\"async\" src=\"https:\/\/pvs-es.com\/wp-content\/uploads\/2024\/11\/Parfumdreams.jpg\" alt=\"Donna con un profumo in mano che sorride verso il basso nella fotocamera\"\/><\/figure><div class=\"gradient-layer\"><\/div><figure><img decoding=\"async\" src=\"https:\/\/pvs-es.com\/wp-content\/uploads\/2024\/11\/Logo_Zeichenflaeche-1-Kopie-6.png\" class=\"logo\" alt=\"Logo del Parfumdreams\"\/><\/figure><\/div><div class=\"case\"><figure><img decoding=\"async\" src=\"https:\/\/pvs-es.com\/wp-content\/uploads\/2024\/11\/Kunert.jpg\" alt=\"Fotografia dalla vita ai piedi di un outfit con gonna completamente bianco\"\/><\/figure><div class=\"gradient-layer\"><\/div><figure><img decoding=\"async\" src=\"https:\/\/pvs-es.com\/wp-content\/uploads\/2024\/11\/Logo_Zeichenflaeche-1-Kopie-4.png\" class=\"logo\" alt=\"Logo del Kunert\"\/><\/figure><\/div><div class=\"case\"><figure><img decoding=\"async\" src=\"https:\/\/pvs-es.com\/wp-content\/uploads\/2024\/11\/Zwiesel-Glas.jpg\" alt=\"Un bicchiere di vino pieno su una tavola apparecchiata\"\/><\/figure><div class=\"gradient-layer\"><\/div><figure><img decoding=\"async\" src=\"https:\/\/pvs-es.com\/wp-content\/uploads\/2024\/11\/Logo_Zeichenflaeche-1.png\" class=\"logo\" alt=\"Logo del Zwiesel-Glas\"\/><\/figure><\/div><div class=\"case\"><figure><img decoding=\"async\" src=\"https:\/\/pvs-es.com\/wp-content\/uploads\/2024\/11\/Outletcity-Metzingen.jpg\" alt=\"Cortile di un grande magazzino\"\/><\/figure><div class=\"gradient-layer\"><\/div><figure><img decoding=\"async\" src=\"https:\/\/pvs-es.com\/wp-content\/uploads\/2024\/11\/Logo_Zeichenflaeche-1-Kopie-5.png\" class=\"logo\" alt=\"Logo del Outletcity-Metzingen\"\/><\/figure><\/div><\/div><\/section>\n\n\n\n<section class=\"wp-block-pvse-benefits pvse-benefits\"><div class=\"wrap\"><h2 class=\"heading\" style=\"color:#5600d8\">Crediamo&#8230;<\/h2><ul><li><span>Nella massima qualit\u00e0:<\/span><div class=\"text\">Offriamo servizi premium per brand premium (flessibilit\u00e0, esperienza decennale, attenzione alle esigenze dei clienti, qualit\u00e0 perfetta per le vostre necessit\u00e0 che manteniamo in tutti i servizi e in tutti i confini nazionali).<\/div><\/li><li><span>Nell\u2019essere un partner strategico per l\u2019eCommerce a 360 gradi:<\/span><div class=\"text\">Professionalit\u00e0, visione globale, conoscenze integrate e processi altamente strutturati \u2013 ecco quello che possiamo garantirvi<\/div><\/li><li><span>Nelle soluzioni personalizzate per l\u2019e-commerce:<\/span><div class=\"text\">Proposte personalizzate o di partnership, flessibilit\u00e0, possibilit\u00e0 di outsourcing passo dopo passo \u2013 iniziamo da dove avrete bisogno (con servizi individuali o soluzioni full service)<\/div><\/li><li><span>Nei servizi di consulenza aziendale:<\/span><div class=\"text\">Vi garantiamo approcci strategici e di ottimizzazione della crescita nella massima trasparenza, servizi di supporto multicanale, in pochi secondi, e KPI per tutti i servizi offerti. La nostra consulenza vi consentir\u00e0 di migliorare la qualit\u00e0 e di risparmiare sui costi<\/div><\/li><li><span>Nelle partnership costruite per il futuro:<\/span><div class=\"text\">Siamo visionari, innovatori proattivi sempre al vostro fianco a livello internazionale per darvi possibilit\u00e0 illimitate, tenendo sempre in considerazione le abitudini specifiche di ogni Paese e le ultime tendenze<\/div><\/li><li><span>Nell\u2019essere pronti a partire in un attimo:<\/span><div class=\"text\">Vi offriamo velocit\u00e0 di implementazione e strategie di onboarding e-commerce pr\u00eat-\u00e0-porter<\/div><\/li><\/ul><\/div><\/section>\n\n\n\n<section class=\"wp-block-pvse-more-block pvse-more-block\"><div class=\"wrap\"><h2 class=\"heading\" style=\"color:#5600d8\">Potrebbero interessarti anche&#8230;<\/h2><div class=\"more-blocks\"><a class=\"block\" href=\"\/index.php\/services\/\"><div class=\"desc\">Services<\/div><\/a><a class=\"block\" href=\"\/index.php\/internal-process-optimization\/\"><div class=\"desc\">Internal process optimization<\/div><\/a><a class=\"block\" href=\"\/index.php\/ux-cx-optimization\/\"><div class=\"desc\">UX\/CX optimization<\/div><\/a><\/div><\/div><\/section>\n\n\n\n<h2 class=\"wp-block-heading has-text-color has-link-color wp-elements-0d141efb8404a6236683c8d927e3869f\" style=\"color:#5600d8\">Restiamo in contatto<\/h2>\n\n\n\n<div class=\"wp-block-columns is-layout-flex wp-container-core-columns-is-layout-9d6595d7 wp-block-columns-is-layout-flex\">\n<div class=\"wp-block-column is-layout-flow wp-block-column-is-layout-flow\" style=\"flex-basis:66.66%\">\n<script type=\"text\/javascript\" src=\"\/\/m.pvs-rs.com\/form\/generate.js?id=25\"><\/script>\n<\/div>\n\n\n\n<div class=\"wp-block-column is-layout-flow wp-block-column-is-layout-flow\" style=\"flex-basis:33.33%\">\n<figure class=\"wp-block-image size-full\"><img loading=\"lazy\" decoding=\"async\" width=\"800\" height=\"1000\" src=\"http:\/\/www.pvs-es.com\/wp-content\/uploads\/2025\/01\/Luigi-D\u00b4Olivio-2.jpg\" alt=\"Un giovane si appoggia sul braccio sinistro con la spalla rivolta verso la fotocamera e sorride all'obiettivo.\" class=\"wp-image-2098\" srcset=\"https:\/\/pvs-es.com\/wp-content\/uploads\/2025\/01\/Luigi-D\u00b4Olivio-2.jpg 800w, https:\/\/pvs-es.com\/wp-content\/uploads\/2025\/01\/Luigi-D\u00b4Olivio-2-240x300.jpg 240w, https:\/\/pvs-es.com\/wp-content\/uploads\/2025\/01\/Luigi-D\u00b4Olivio-2-768x960.jpg 768w\" sizes=\"auto, (max-width: 800px) 100vw, 800px\" \/><\/figure>\n<\/div>\n<\/div>\n\n\n\n<div style=\"height:100px\" aria-hidden=\"true\" class=\"wp-block-spacer\"><\/div>\n\n\n\n<section class=\"wp-block-pvse-more-block pvse-more-block\"><div class=\"wrap\"><h2 class=\"heading\" style=\"color:#5600d8\">Rimani informato: Iscriviti per ottenere approfondimenti.<\/h2><div class=\"more-blocks\"><a class=\"block\" href=\"\/index.php\/opt-in\/\"><div class=\"desc\">Ricevi notizie esclusive<\/div><\/a><\/div><\/div><\/section>\n","protected":false},"excerpt":{"rendered":"<p>Esplorate le aree in cui operiamo, incrementate il vostro appeal e raggiungete il massimo potenziale del vostro business. Siamo qui per aiutarvi ad ampliare i canali di contatto, migliorare l\u2019efficienza e ridurre i costi aziendali, ovunque e in modo semplice. Siamo il partner che vi garantir\u00e0 un\u2019esperienza di altissima qualit\u00e0 e servizi completi ed efficaci [&hellip;]<\/p>\n","protected":false},"author":6,"featured_media":0,"parent":0,"menu_order":0,"comment_status":"closed","ping_status":"closed","template":"","meta":{"footnotes":""},"class_list":["post-242","page","type-page","status-publish","hentry"],"jetpack_sharing_enabled":true,"_links":{"self":[{"href":"https:\/\/pvs-es.com\/index.php\/wp-json\/wp\/v2\/pages\/242","targetHints":{"allow":["GET"]}}],"collection":[{"href":"https:\/\/pvs-es.com\/index.php\/wp-json\/wp\/v2\/pages"}],"about":[{"href":"https:\/\/pvs-es.com\/index.php\/wp-json\/wp\/v2\/types\/page"}],"author":[{"embeddable":true,"href":"https:\/\/pvs-es.com\/index.php\/wp-json\/wp\/v2\/users\/6"}],"replies":[{"embeddable":true,"href":"https:\/\/pvs-es.com\/index.php\/wp-json\/wp\/v2\/comments?post=242"}],"version-history":[{"count":165,"href":"https:\/\/pvs-es.com\/index.php\/wp-json\/wp\/v2\/pages\/242\/revisions"}],"predecessor-version":[{"id":3459,"href":"https:\/\/pvs-es.com\/index.php\/wp-json\/wp\/v2\/pages\/242\/revisions\/3459"}],"wp:attachment":[{"href":"https:\/\/pvs-es.com\/index.php\/wp-json\/wp\/v2\/media?parent=242"}],"curies":[{"name":"wp","href":"https:\/\/api.w.org\/{rel}","templated":true}]}}