{"id":2356,"date":"2024-10-30T12:13:11","date_gmt":"2024-10-30T11:13:11","guid":{"rendered":"https:\/\/pvs-es.com\/index.php\/company\/"},"modified":"2025-07-09T09:12:39","modified_gmt":"2025-07-09T07:12:39","slug":"company","status":"publish","type":"page","link":"https:\/\/pvs-es.com\/index.php\/company\/?lang=fr","title":{"rendered":"Company"},"content":{"rendered":"\n<div class=\"wp-block-pvse-title-detail-parallax wrapper-parallax\"><layer class=\"bg\"><img decoding=\"async\" src=\"http:\/\/www.pvs-es.com\/wp-content\/uploads\/2025\/01\/BG-Company.webp\" alt=\"background for parallax effect\"\/><\/layer><layer class=\"ly-3\"><img decoding=\"async\" src=\"http:\/\/www.pvs-es.com\/wp-content\/uploads\/2025\/01\/Company-2.1.webp\" alt=\"third layer of graphical parallax effect\"\/><\/layer><layer class=\"ly-2\"><img decoding=\"async\" src=\"http:\/\/www.pvs-es.com\/wp-content\/uploads\/2025\/01\/leerebene.png\" alt=\"second layer of graphical parallax effect\"\/><\/layer><layer class=\"ly-1\"><img decoding=\"async\" src=\"http:\/\/www.pvs-es.com\/wp-content\/uploads\/2025\/01\/leerebene.png\" alt=\"first layer of graphical parallax effect\"\/><\/layer><div class=\"glasswrap\"><div class=\"schrag\"><\/div><div class=\"schrag\"><\/div><div class=\"schrag\"><\/div><div class=\"hero-detail\"><div class=\"hero-detail-text\"><h2 class=\"has-medium-font-size\">Nous favorisons votre croissance dans le monde entier gr\u00e2ce \u00e0 des partenariats de confiance, une efficacit\u00e9 in\u00e9gal\u00e9e et des d\u00e9cennies d&#8217;expertise.<\/h2><\/div><div class=\"hero-detail-heading\"><div class=\"pointer\"><\/div><div class=\"pointer\"><\/div><div class=\"pointer\"><\/div><h1 style=\"color:#5600d8\" class=\"wp-block-heading\">PVS : l&#8217;expertise rencontre l&#8217;innovation<\/h1><\/div><\/div><\/div><div class=\"line\"><\/div><div class=\"line\"><\/div><div class=\"line\"><\/div><div class=\"line\"><\/div><div class=\"line\"><\/div><div class=\"line\"><\/div><div class=\"line\"><\/div><div class=\"line\"><\/div><div class=\"line\"><\/div><div class=\"line\"><\/div><div class=\"line\"><\/div><div class=\"line\"><\/div><\/div>\n\n\n\n<div style=\"height:80px\" aria-hidden=\"true\" class=\"wp-block-spacer\"><\/div>\n\n\n\n<h2 class=\"wp-block-heading has-text-color has-link-color wp-elements-adab13a10b0d6d02458e12b4af7f3b5e\" style=\"color:#5600d8\">Notre mission : Donner du pouvoir \u00e0 votre entreprise<\/h2>\n\n\n\n<p class=\"has-medium-font-size\">Nous pensons que des <strong>relations solides<\/strong> sont la pierre angulaire d&#8217;un succ\u00e8s durable, que ce soit avec des clients, des partenaires, des fournisseurs ou des investisseurs. C&#8217;est pourquoi notre mission consiste \u00e0 favoriser les relations qui apportent une valeur ajout\u00e9e significative \u00e0 votre entreprise. Nous identifions les opportunit\u00e9s de croissance, <strong>rationalisons les processus<\/strong> et <strong>affinons les points de contact<\/strong> <strong>afin d&#8217;accro\u00eetre l&#8217;efficacit\u00e9<\/strong> et <strong>de r\u00e9duire les co\u00fbts d&#8217;exploitation.<\/strong> O\u00f9 que vous soyez, nous vous <strong>offrons une exp\u00e9rience transparente<\/strong> et <strong>m\u00e9morable gr\u00e2ce \u00e0 une assistance de bout en bout sur la place de march\u00e9<\/strong> et <strong>\u00e0 des services de conseil pour les ventes internationales.<\/strong> Engag\u00e9s \u00e0 d\u00e9passer les attentes, nous fournissons des services eCommerce de premi\u00e8re qualit\u00e9 du d\u00e9but \u00e0 la fin &#8211; de mani\u00e8re <strong>globale et tangible.<\/strong> Ensemble, <strong>nous \u00e9laborons des solutions int\u00e9gr\u00e9es<\/strong> pour<strong> l&#8217;exp\u00e9dition, la logistique, le service \u00e0 la client\u00e8le<\/strong> et<strong> la gestion de la place de march\u00e9<\/strong>, afin de g\u00e9n\u00e9rer une <strong>croissance durable<\/strong> pour votre <strong>entreprise dans le paysage du commerce \u00e9lectronique.<\/strong> En nous appuyant sur des partenariats internationaux et des strat\u00e9gies multicanal, nous permettons une expansion transparente de la marque \u00e0 360\u00b0 sur les places de march\u00e9 europ\u00e9ennes.<\/p>\n\n\n\n<p class=\"has-medium-font-size\"><\/p>\n\n\n\n<p class=\"has-medium-font-size\"><\/p>\n\n\n\n<div style=\"height:80px\" aria-hidden=\"true\" class=\"wp-block-spacer\"><\/div>\n\n\n\n<h2 class=\"wp-block-heading has-text-color has-link-color wp-elements-e11ee83a93bb4b1d9cdd33bf7228c70a\" style=\"color:#5600d8\">La PVS en chiffres : faits et chiffres<\/h2>\n\n\n\n<section class=\"wp-block-pvse-counter counter\"><div class=\"countable\"><div class=\"number\">100<\/div><div class=\"description\">Marques satisfaites<\/div><\/div><div class=\"countable\"><div class=\"number\">500<\/div><div class=\"description\">Chiffre d&#8217;affaires en millions de marchandises<\/div><\/div><div class=\"countable\"><div class=\"number\">300<\/div><div class=\"description\">Mille m\u00e8tres carr\u00e9s d&#8217;espace logistique en Europe<\/div><\/div><div class=\"countable\"><div class=\"number\">10<\/div><div class=\"description\">Millions d&#8217;envois par an<\/div><\/div><\/section>\n\n\n\n<section class=\"wp-block-pvse-benefits pvse-benefits\"><div class=\"wrap\"><h2 class=\"heading\" style=\"color:#5600d8\">Nos partenaires<\/h2><ul><li><span>PVS Europe<\/span><img decoding=\"async\" src=\"https:\/\/pvs-es.com\/wp-content\/uploads\/2025\/01\/PVS-europe.png\" alt=\"logo\"\/><div class=\"text\"><a href=\"http:\/\/pvs-europe.com\/fr\/\" target=\"_blank\" rel=\"noreferrer noopener\">PVS Europe<\/a>, dont le si\u00e8ge se trouve en Allemagne, est un fournisseur de services d\u2019ex\u00e9cution de commandes pour le commerce en ligne. Avec plusieurs filiales \u00e0 travers l\u2019Europe, PVS a consolid\u00e9 sa position de partenaire de choix pour l\u2019optimisation des processus de vente au d\u00e9tail et de commerce \u00e9lectronique gr\u00e2ce \u00e0 son r\u00e9seau F4E (Fulfillment for Europe).<\/div><\/li><li><span>F4E<\/span><img decoding=\"async\" src=\"https:\/\/pvs-es.com\/wp-content\/uploads\/2025\/01\/6631e1d2fcbcf9a640e5536f_footer-logo.png\" alt=\"logo\"\/><div class=\"text\">En tant que partenaire fondateur, PVS offre une gamme compl\u00e8te de services \u00e0 l\u2019\u00e9chelle europ\u00e9enne, en s\u2019appuyant sur un r\u00e9seau \u00e9tendu et des solutions logistiques et de conseil sur mesure pour r\u00e9pondre aux besoins avanc\u00e9s en mati\u00e8re de traitement des commandes.\u00a0<a href=\"http:\/\/f4e-fulfillment.com\/\" target=\"_blank\" rel=\"noreferrer noopener\">F4E, \u00ab Fulfillment for Europe \u00bb<\/a>, repr\u00e9sente un solide r\u00e9seau local de traitement des commandes int\u00e9gr\u00e9 \u00e0 un syst\u00e8me unifi\u00e9 de gestion d\u2019entrep\u00f4t (WMS). Ce r\u00e9seau garantit l\u2019ex\u00e9cution et la livraison des commandes en temps voulu dans toute l\u2019Europe, une expansion transparente sur les march\u00e9s europ\u00e9ens, des co\u00fbts de distribution optimis\u00e9s et un service \u00e0 la client\u00e8le irr\u00e9prochable \u2013 toujours dans les d\u00e9lais, le budget et le calendrier pr\u00e9vus !<\/div><\/li><li><span>Services relationnels PVS<\/span><img decoding=\"async\" src=\"https:\/\/pvs-es.com\/wp-content\/uploads\/2025\/01\/PVS-RS.png\" alt=\"logo\"\/><div class=\"text\">\u00ab Seuls ceux qui combinent empathie et professionnalisme dans le service \u00e0 la client\u00e8le peuvent faire la diff\u00e9rence \u00bb : telle est la devise de\u00a0<a href=\"https:\/\/pvs-rs.com\/en\/\" target=\"_blank\" rel=\"noreferrer noopener\">PVS RS<\/a>. En tant que sp\u00e9cialistes de l\u2019assistance \u00e0 la client\u00e8le, nous sommes votre partenaire id\u00e9al pour fournir des solutions exceptionnelles en mati\u00e8re d\u2019exp\u00e9rience client qui favorisent une fid\u00e9lit\u00e9 durable. Pour nous, le service client va au-del\u00e0 de la valeur ajout\u00e9e\u00a0: c\u2019est notre mission de rendre les gens plus heureux et de permettre aux marques de se renforcer et d\u2019atteindre un succ\u00e8s durable.<\/div><\/li><\/ul><\/div><\/section>\n\n\n\n<section class=\"wp-block-pvse-process-block process\"><div class=\"wrap\"><h2 class=\"heading\">Une approche en constante \u00e9volution con\u00e7ue pour optimiser et \u00e9lever votre marque de A \u00e0 Z<\/h2><div class=\"flexalign\"><div class=\"step\"><div class=\"icon\"><img decoding=\"async\" src=\"http:\/\/www.pvs-es.com\/wp-content\/uploads\/2024\/10\/Analyze.png\" alt=\"decorative illustration of the step\"\/><\/div><div class=\"text\"><strong>L&#8217;analyse<\/strong><br>Nous commen\u00e7ons par analyser vos besoins sp\u00e9cifiques, en vous offrant la possibilit\u00e9 de choisir entre des services personnalis\u00e9s ou un ensemble complet. Gr\u00e2ce \u00e0 une collaboration ouverte, nous travaillons ensemble pour identifier des solutions sp\u00e9cifiques aux d\u00e9taillants, en \u00e9liminant les \u00e9l\u00e9ments superflus. Que vous ayez besoin d&#8217;une approche compl\u00e8te ou de services individuels, nous sommes l\u00e0 pour vous fournir exactement ce dont vous avez besoin.<\/div><\/div><div class=\"step\"><div class=\"icon\"><img decoding=\"async\" src=\"http:\/\/www.pvs-es.com\/wp-content\/uploads\/2024\/10\/Reporting.png\" alt=\"decorative illustration of the step\"\/><\/div><div class=\"text\"><strong><strong><strong>Mise en \u0153uvre des mesures essentielles<\/strong><\/strong><\/strong><br>Nous organisons l&#8217;ensemble du processus avec des services complets de commerce \u00e9lectronique, en vous guidant pas \u00e0 pas. De l&#8217;int\u00e9gration et de la mise en \u0153uvre personnalis\u00e9es \u00e0 l&#8217;\u00e9tablissement de rapports d\u00e9taill\u00e9s, nous vous assistons \u00e0 chaque \u00e9tape. Avec des experts dans tous les aspects du commerce \u00e9lectronique, vous pouvez \u00eatre s\u00fbr que vous \u00eates entre de bonnes mains. Notre approche strat\u00e9gique et cibl\u00e9e est con\u00e7ue pour aider votre Success Story \u00e0 atteindre des sommets encore plus \u00e9lev\u00e9s.<\/div><\/div><div class=\"step\"><div class=\"icon\"><img decoding=\"async\" src=\"http:\/\/www.pvs-es.com\/wp-content\/uploads\/2024\/10\/Prozessoptimierung.png\" alt=\"decorative illustration of the step\"\/><\/div><div class=\"text\"><strong><strong>Optimisation de la cha\u00eene d&#8217;approvisionnement<\/strong><\/strong><br>Le changement est toujours possible et nous nous engageons \u00e0 \u00eatre \u00e0 vos c\u00f4t\u00e9s. Nous examinons r\u00e9guli\u00e8rement vos processus, en identifiant les opportunit\u00e9s strat\u00e9giques de mise en \u0153uvre &nbsp;afin d&#8217;am\u00e9liorer votre succ\u00e8s et d&#8217;assurer une croissance continue.<\/div><\/div><div class=\"step\"><div class=\"icon\"><img decoding=\"async\" src=\"http:\/\/www.pvs-es.com\/wp-content\/uploads\/2024\/10\/Umsetzung.png\" alt=\"decorative illustration of the step\"\/><\/div><div class=\"text\"><strong><strong>Rapports<\/strong><br><\/strong>Nos rapports d\u00e9taill\u00e9s, nos tableaux de bord avanc\u00e9s et nos analyses num\u00e9riques approfondies constituent une base solide pour l&#8217;am\u00e9lioration continue et les optimisations de haut niveau, qui font progresser votre entreprise.<\/div><\/div><\/div><\/div><\/section>\n\n\n\n<div class=\"wp-block-pvse-personal-contact\"><h2 class=\"headline\"><strong>Votre contact mondial<br>S\u00e9lectionnez votre pays<\/strong><\/h2><div><p class=\"text\"><\/p><\/div><select class=\"country-select\" value=\"Italy\" onchange=\"document.querySelectorAll('.country-group').forEach(el =&gt; el.style.display = el.getAttribute('data-country') === this.value ? 'grid' : 'none');\"><option value=\"\">Select Country<\/option><option value=\"Italy\" selected>Italy<\/option><option value=\"Curacao\">Curacao<\/option><option value=\"Sweden\">Sweden<\/option><option value=\"USA\">USA<\/option><option value=\"Hungary\">Hungary<\/option><option value=\"Ukraine\">Ukraine<\/option><option value=\"Poland\">Poland<\/option><option value=\"Czech Republic\">Czech Republic<\/option><option value=\"Denmark\">Denmark<\/option><option value=\"Germany\">Germany<\/option><option value=\"Netherlands\">Netherlands<\/option><option value=\"Ireland\">Ireland<\/option><option value=\"Spain\">Spain<\/option><option value=\"Switzerland\/Austria\">Switzerland\/Austria<\/option><option value=\"France\/Belgium\">France\/Belgium<\/option><option value=\"France\">France<\/option><option value=\"Croatia\">Croatia<\/option><\/select><div class=\"country-group\" data-country=\"Italy\" style=\"display:grid\"><div class=\"mitarbeiter-item\"><div><img decoding=\"async\" src=\"http:\/\/www.pvs-es.com\/wp-content\/uploads\/2025\/01\/PVS-RS.png\" alt=\"Premium Customer Care\"\/><\/div><div><h4>Premium Customer Care<\/h4><i> PVS RS Parma<\/i><\/div><\/div><div class=\"mitarbeiter-item\"><div><img decoding=\"async\" src=\"http:\/\/www.pvs-es.com\/wp-content\/uploads\/2025\/01\/PVS-europe.png\" alt=\"Premium Logistics &amp; Fulfillment \"\/><\/div><div><h4>Premium Logistics &amp; Fulfillment <\/h4><i> PVS Europe Parma<\/i><\/div><\/div><div class=\"mitarbeiter-item\"><div><img decoding=\"async\" src=\"http:\/\/www.pvs-es.com\/wp-content\/uploads\/2025\/01\/pvs-es.png\" alt=\"Premium eServices Fulfillment\"\/><\/div><div><h4>Premium eServices Fulfillment<\/h4><i> PVS eServices Milano<\/i><\/div><\/div><\/div><div class=\"country-group\" data-country=\"Curacao\" style=\"display:none\"><div class=\"mitarbeiter-item\"><div><img decoding=\"async\" src=\"http:\/\/www.pvs-es.com\/wp-content\/uploads\/2025\/01\/PVS-RS.png\" alt=\"Premium Customer Care\"\/><\/div><div><h4>Premium Customer Care<\/h4><i> PVS RS Willemstad<\/i><\/div><\/div><\/div><div class=\"country-group\" data-country=\"Sweden\" style=\"display:none\"><div class=\"mitarbeiter-item\"><div><img decoding=\"async\" src=\"http:\/\/www.pvs-es.com\/wp-content\/uploads\/2025\/01\/PVS-RS.png\" alt=\"Premium Customer Care\"\/><\/div><div><h4>Premium Customer Care<\/h4><i> PVS RS \u00d6stersund<\/i><\/div><\/div><\/div><div class=\"country-group\" data-country=\"USA\" style=\"display:none\"><div class=\"mitarbeiter-item\"><div><img decoding=\"async\" src=\"http:\/\/www.pvs-es.com\/wp-content\/uploads\/2025\/01\/PVS-RS.png\" alt=\"Premium Customer Care\"\/><\/div><div><h4>Premium Customer Care<\/h4><i> PVS RS Oglesby<\/i><\/div><\/div><div class=\"mitarbeiter-item\"><div><img decoding=\"async\" src=\"http:\/\/www.pvs-es.com\/wp-content\/uploads\/2025\/01\/PVS-RS.png\" alt=\"Premium Customer Care\"\/><\/div><div><h4>Premium Customer Care<\/h4><i> PVS RS Alexandria<\/i><\/div><\/div><\/div><div class=\"country-group\" data-country=\"Hungary\" style=\"display:none\"><div class=\"mitarbeiter-item\"><div><img decoding=\"async\" src=\"http:\/\/www.pvs-es.com\/wp-content\/uploads\/2025\/01\/PVS-RS.png\" alt=\"Premium Customer Care\"\/><\/div><div><h4>Premium Customer Care<\/h4><i> PVS RS Budapest<\/i><\/div><\/div><\/div><div class=\"country-group\" data-country=\"Ukraine\" style=\"display:none\"><div class=\"mitarbeiter-item\"><div><img decoding=\"async\" src=\"http:\/\/www.pvs-es.com\/wp-content\/uploads\/2025\/01\/PVS-RS.png\" alt=\"Premium Customer Care\"\/><\/div><div><h4>Premium Customer Care<\/h4><i> PVS RS Lwiw<\/i><\/div><\/div><\/div><div class=\"country-group\" data-country=\"Poland\" style=\"display:none\"><div class=\"mitarbeiter-item\"><div><img decoding=\"async\" src=\"http:\/\/www.pvs-es.com\/wp-content\/uploads\/2025\/01\/PVS-RS.png\" alt=\"Premium Customer Care\"\/><\/div><div><h4>Premium Customer Care<\/h4><i> PVS RS Bydgoszcz<\/i><\/div><\/div><div class=\"mitarbeiter-item\"><div><img decoding=\"async\" src=\"http:\/\/www.pvs-es.com\/wp-content\/uploads\/2025\/01\/pvs-es.png\" alt=\"Premium eServices Fulfillment\"\/><\/div><div><h4>Premium eServices Fulfillment<\/h4><i> PVS eServices Warsaw<\/i><\/div><\/div><\/div><div class=\"country-group\" data-country=\"Czech Republic\" style=\"display:none\"><div class=\"mitarbeiter-item\"><div><img decoding=\"async\" src=\"http:\/\/www.pvs-es.com\/wp-content\/uploads\/2025\/01\/PVS-RS.png\" alt=\"Premium Customer Care\"\/><\/div><div><h4>Premium Customer Care<\/h4><i> PVS RS Budweis<\/i><\/div><\/div><div class=\"mitarbeiter-item\"><div><img decoding=\"async\" src=\"http:\/\/www.pvs-es.com\/wp-content\/uploads\/2025\/01\/pvs-es.png\" alt=\"Premium eServices Fulfillment\"\/><\/div><div><h4>Premium eServices Fulfillment<\/h4><i> PVS eServices Hradec Kr\u00e1lov\u00e9<\/i><\/div><\/div><\/div><div class=\"country-group\" data-country=\"Denmark\" style=\"display:none\"><div class=\"mitarbeiter-item\"><div><img decoding=\"async\" src=\"http:\/\/www.pvs-es.com\/wp-content\/uploads\/2025\/01\/PVS-RS.png\" alt=\"Premium Customer Care\"\/><\/div><div><h4>Premium Customer Care<\/h4><i> PVS RS Kopenhagen<\/i><\/div><\/div><div class=\"mitarbeiter-item\"><div><img decoding=\"async\" src=\"http:\/\/www.pvs-es.com\/wp-content\/uploads\/2025\/01\/pvs-es.png\" alt=\"Premium eServices Fulfillment\"\/><\/div><div><h4>Premium eServices Fulfillment<\/h4><i> PVS eServices Kopenhagen<\/i><\/div><\/div><\/div><div class=\"country-group\" data-country=\"Germany\" style=\"display:none\"><div class=\"mitarbeiter-item\"><div><img decoding=\"async\" src=\"http:\/\/www.pvs-es.com\/wp-content\/uploads\/2025\/01\/PVS-RS.png\" alt=\"Premium Customer Care\"\/><\/div><div><h4>Premium Customer Care<\/h4><i> PVS RS Stuttgart<\/i><\/div><\/div><div class=\"mitarbeiter-item\"><div><img decoding=\"async\" src=\"http:\/\/www.pvs-es.com\/wp-content\/uploads\/2025\/01\/PVS-RS.png\" alt=\"Premium Customer Care\"\/><\/div><div><h4>Premium Customer Care<\/h4><i> PVS RS Ludwigshafen<\/i><\/div><\/div><div class=\"mitarbeiter-item\"><div><img decoding=\"async\" src=\"http:\/\/www.pvs-es.com\/wp-content\/uploads\/2025\/01\/PVS-europe.png\" alt=\"Premium Logistics &amp; Fulfillment \"\/><\/div><div><h4>Premium Logistics &amp; Fulfillment <\/h4><i> PVS Europe Meckenheim<\/i><\/div><\/div><div class=\"mitarbeiter-item\"><div><img decoding=\"async\" src=\"http:\/\/www.pvs-es.com\/wp-content\/uploads\/2025\/01\/PVS-europe.png\" alt=\"Premium Logistics &amp; Fulfillment \"\/><\/div><div><h4>Premium Logistics &amp; Fulfillment <\/h4><i> PVS Europe Ha\u00dffurt<\/i><\/div><\/div><div class=\"mitarbeiter-item\"><div><img decoding=\"async\" src=\"http:\/\/www.pvs-es.com\/wp-content\/uploads\/2025\/01\/PVS-europe.png\" alt=\"Premium Logistics &amp; Fulfillment \"\/><\/div><div><h4>Premium Logistics &amp; Fulfillment <\/h4><i> PVS Europe Elmshorn <\/i><\/div><\/div><div class=\"mitarbeiter-item\"><div><img decoding=\"async\" src=\"http:\/\/www.pvs-es.com\/wp-content\/uploads\/2025\/01\/PVS-europe.png\" alt=\"Premium Logistics &amp; Fulfillment \"\/><\/div><div><h4>Premium Logistics &amp; Fulfillment <\/h4><i> PVS Europe Neckarsulm<\/i><\/div><\/div><div class=\"mitarbeiter-item\"><div><img decoding=\"async\" src=\"http:\/\/www.pvs-es.com\/wp-content\/uploads\/2025\/01\/PVS-europe.png\" alt=\"Premium Logistics &amp; Fulfillment \"\/><\/div><div><h4>Premium Logistics &amp; Fulfillment <\/h4><i> PVS Europe Wagh\u00e4usel<\/i><\/div><\/div><div class=\"mitarbeiter-item\"><div><img decoding=\"async\" src=\"http:\/\/www.pvs-es.com\/wp-content\/uploads\/2025\/01\/PVS-europe.png\" alt=\"Premium Logistics &amp; Fulfillment \"\/><\/div><div><h4>Premium Logistics &amp; Fulfillment <\/h4><i> PVS Europe Garching<\/i><\/div><\/div><div class=\"mitarbeiter-item\"><div><img decoding=\"async\" src=\"http:\/\/www.pvs-es.com\/wp-content\/uploads\/2025\/01\/pvs-es.png\" alt=\"Premium eServices Fulfillment\"\/><\/div><div><h4>Premium eServices Fulfillment<\/h4><i> PVS eServices Stuttgart<\/i><\/div><\/div><div class=\"mitarbeiter-item\"><div><img decoding=\"async\" src=\"http:\/\/www.pvs-es.com\/wp-content\/uploads\/2025\/01\/pvs-es.png\" alt=\"Premium eServices Fulfillment\"\/><\/div><div><h4>Premium eServices Fulfillment<\/h4><i> PVS eServices Neckarsulm<\/i><\/div><\/div><\/div><div class=\"country-group\" data-country=\"Netherlands\" style=\"display:none\"><div class=\"mitarbeiter-item\"><div><img decoding=\"async\" src=\"http:\/\/www.pvs-es.com\/wp-content\/uploads\/2025\/01\/PVS-RS.png\" alt=\"Premium Customer Care\"\/><\/div><div><h4>Premium Customer Care<\/h4><i> PVS RS Deventer<\/i><\/div><\/div><\/div><div class=\"country-group\" data-country=\"Ireland\" style=\"display:none\"><div class=\"mitarbeiter-item\"><div><img decoding=\"async\" src=\"http:\/\/www.pvs-es.com\/wp-content\/uploads\/2025\/01\/pvs-es.png\" alt=\"Premium eServices Fulfillment\"\/><\/div><div><h4>Premium eServices Fulfillment<\/h4><i> PVS eServices Ballynearla<\/i><\/div><\/div><\/div><div class=\"country-group\" data-country=\"Spain\" style=\"display:none\"><div class=\"mitarbeiter-item\"><div><img decoding=\"async\" src=\"http:\/\/www.pvs-es.com\/wp-content\/uploads\/2025\/01\/pvs-es.png\" alt=\"Premium eServices Fulfillment\"\/><\/div><div><h4>Premium eServices Fulfillment<\/h4><i> PVS eServices Madrid<\/i><\/div><\/div><\/div><div class=\"country-group\" data-country=\"Switzerland\/Austria\" style=\"display:none\"><div class=\"mitarbeiter-item\"><div><img decoding=\"async\" src=\"http:\/\/www.pvs-es.com\/wp-content\/uploads\/2025\/01\/pvs-es.png\" alt=\"Premium eServices Fulfillment\"\/><\/div><div><h4>Premium eServices Fulfillment<\/h4><i> PVS eServices Gai\u00dfau<\/i><\/div><\/div><div class=\"mitarbeiter-item\"><div><img decoding=\"async\" src=\"http:\/\/www.pvs-es.com\/wp-content\/uploads\/2025\/01\/PVS-RS.png\" alt=\"Premium Customer Care\"\/><\/div><div><h4>Premium Customer Care<\/h4><i> PVS RS St. Margarethen<\/i><\/div><\/div><\/div><div class=\"country-group\" data-country=\"France\/Belgium\" style=\"display:none\"><div class=\"mitarbeiter-item\"><div><img decoding=\"async\" src=\"http:\/\/www.pvs-es.com\/wp-content\/uploads\/2025\/01\/pvs-es.png\" alt=\"Premium eServices Fulfillment\"\/><\/div><div><h4>Premium eServices Fulfillment<\/h4><i> PVS eServices Mouscron<\/i><\/div><\/div><\/div><div class=\"country-group\" data-country=\"France\" style=\"display:none\"><div class=\"mitarbeiter-item\"><div><img decoding=\"async\" src=\"http:\/\/www.pvs-es.com\/wp-content\/uploads\/2025\/01\/pvs-es.png\" alt=\"Premium eServices Fulfillment\"\/><\/div><div><h4>Premium eServices Fulfillment<\/h4><i> PVS eServices Sailly-lez Lannoy<\/i><\/div><\/div><\/div><div class=\"country-group\" data-country=\"Croatia\" style=\"display:none\"><div class=\"mitarbeiter-item\"><div><img decoding=\"async\" src=\"http:\/\/www.pvs-es.com\/wp-content\/uploads\/2025\/01\/PVS-RS.png\" alt=\"Premium Customer Care\"\/><\/div><div><h4>Premium Customer Care<\/h4><i> PVS RS Zagreb<\/i><\/div><\/div><\/div><\/div>\n\n\n\n<div style=\"height:100px\" aria-hidden=\"true\" class=\"wp-block-spacer\"><\/div>\n\n\n\n<section class=\"wp-block-pvse-more-block pvse-more-block\"><div class=\"wrap\"><h2 class=\"heading\" style=\"color:#5600d8\">Restez inform\u00e9&nbsp;: abonnez-vous pour obtenir des informations<\/h2><div class=\"more-blocks\"><a class=\"block\" href=\"\/index.php\/opt-in\/?lang=fr\"><div class=\"desc\">Recevez nos derni\u00e8res nouvelles<\/div><\/a><\/div><\/div><\/section>\n\n\n\n<div style=\"height:121px\" aria-hidden=\"true\" class=\"wp-block-spacer\"><\/div>\n\n\n\n<h2 class=\"wp-block-heading has-text-color has-link-color wp-elements-53187f3b350c24dcb44729f011195668\" style=\"color:#5600d8\">Restons en contact<\/h2>\n\n\n\n<div class=\"wp-block-columns l-a-r is-layout-flex wp-container-core-columns-is-layout-9d6595d7 wp-block-columns-is-layout-flex\">\n<div class=\"wp-block-column is-layout-flow wp-block-column-is-layout-flow\" style=\"flex-basis:66.66%\">\n<script type=\"text\/javascript\" src=\"\/\/m.pvs-rs.com\/form\/generate.js?id=27\"><\/script>\n<\/div>\n\n\n\n<div class=\"wp-block-column is-layout-flow wp-block-column-is-layout-flow\" style=\"flex-basis:33.33%\">\n<figure class=\"wp-block-image size-full\"><img loading=\"lazy\" decoding=\"async\" width=\"800\" height=\"1000\" src=\"http:\/\/www.pvs-es.com\/wp-content\/uploads\/2025\/01\/Luigi-D\u00b4Olivio-2.jpg\" alt=\"Un jeune homme s'appuie sur son bras gauche, l'\u00e9paule tourn\u00e9e vers la cam\u00e9ra, et sourit \u00e0 l'objectif.\" class=\"wp-image-2099\" srcset=\"https:\/\/pvs-es.com\/wp-content\/uploads\/2025\/01\/Luigi-D\u00b4Olivio-2.jpg 800w, https:\/\/pvs-es.com\/wp-content\/uploads\/2025\/01\/Luigi-D\u00b4Olivio-2-240x300.jpg 240w, https:\/\/pvs-es.com\/wp-content\/uploads\/2025\/01\/Luigi-D\u00b4Olivio-2-768x960.jpg 768w\" sizes=\"auto, (max-width: 800px) 100vw, 800px\" \/><\/figure>\n<\/div>\n<\/div>\n","protected":false},"excerpt":{"rendered":"<p>Notre mission : Donner du pouvoir \u00e0 votre entreprise Nous pensons que des relations solides sont la pierre angulaire d&#8217;un succ\u00e8s durable, que ce soit avec des clients, des partenaires, des fournisseurs ou des investisseurs. C&#8217;est pourquoi notre mission consiste \u00e0 favoriser les relations qui apportent une valeur ajout\u00e9e significative \u00e0 votre entreprise. Nous identifions [&hellip;]<\/p>\n","protected":false},"author":6,"featured_media":0,"parent":0,"menu_order":0,"comment_status":"closed","ping_status":"closed","template":"","meta":{"footnotes":""},"class_list":["post-2356","page","type-page","status-publish","hentry"],"jetpack_sharing_enabled":true,"_links":{"self":[{"href":"https:\/\/pvs-es.com\/index.php\/wp-json\/wp\/v2\/pages\/2356","targetHints":{"allow":["GET"]}}],"collection":[{"href":"https:\/\/pvs-es.com\/index.php\/wp-json\/wp\/v2\/pages"}],"about":[{"href":"https:\/\/pvs-es.com\/index.php\/wp-json\/wp\/v2\/types\/page"}],"author":[{"embeddable":true,"href":"https:\/\/pvs-es.com\/index.php\/wp-json\/wp\/v2\/users\/6"}],"replies":[{"embeddable":true,"href":"https:\/\/pvs-es.com\/index.php\/wp-json\/wp\/v2\/comments?post=2356"}],"version-history":[{"count":15,"href":"https:\/\/pvs-es.com\/index.php\/wp-json\/wp\/v2\/pages\/2356\/revisions"}],"predecessor-version":[{"id":3344,"href":"https:\/\/pvs-es.com\/index.php\/wp-json\/wp\/v2\/pages\/2356\/revisions\/3344"}],"wp:attachment":[{"href":"https:\/\/pvs-es.com\/index.php\/wp-json\/wp\/v2\/media?parent=2356"}],"curies":[{"name":"wp","href":"https:\/\/api.w.org\/{rel}","templated":true}]}}