{"id":2341,"date":"2024-10-30T11:52:29","date_gmt":"2024-10-30T10:52:29","guid":{"rendered":"https:\/\/pvs-es.com\/index.php\/crossborder\/"},"modified":"2025-07-09T10:21:52","modified_gmt":"2025-07-09T08:21:52","slug":"crossborder","status":"publish","type":"page","link":"https:\/\/pvs-es.com\/index.php\/crossborder\/?lang=de","title":{"rendered":"Cross-Border ESP"},"content":{"rendered":"\n<div class=\"wp-block-pvse-title-detail-parallax wrapper-parallax\"><layer class=\"bg\"><img decoding=\"async\" src=\"https:\/\/pvs-es.com\/wp-content\/uploads\/2025\/01\/BG-Home.jpg\" alt=\"background for parallax effect\"\/><\/layer><layer class=\"ly-3\"><img decoding=\"async\" src=\"https:\/\/pvs-es.com\/wp-content\/uploads\/2025\/01\/Home-3.webp\" alt=\"third layer of graphical parallax effect\"\/><\/layer><layer class=\"ly-2\"><img decoding=\"async\" src=\"https:\/\/pvs-es.com\/wp-content\/uploads\/2025\/01\/Home-2.webp\" alt=\"second layer of graphical parallax effect\"\/><\/layer><layer class=\"ly-1\"><img decoding=\"async\" src=\"https:\/\/pvs-es.com\/wp-content\/uploads\/2025\/01\/Home-1.webp\" alt=\"first layer of graphical parallax effect\"\/><\/layer><div class=\"glasswrap\"><div class=\"schrag\"><\/div><div class=\"schrag\"><\/div><div class=\"schrag\"><\/div><div class=\"hero-detail\"><div class=\"hero-detail-text\"><h2 class=\"has-medium-font-size\">Hat sich Ihre Marke auf nationaler, internationaler oder globaler Ebene etabliert? Wir machen es m\u00f6glich.<\/h2><\/div><div class=\"hero-detail-heading\"><div class=\"pointer\"><\/div><div class=\"pointer\"><\/div><div class=\"pointer\"><\/div><h1 style=\"color:#5600d8\" class=\"wp-block-heading\">Garantiertes Wachstum in den wichtigsten M\u00e4rkten<\/h1><\/div><\/div><\/div><div class=\"line\"><\/div><div class=\"line\"><\/div><div class=\"line\"><\/div><div class=\"line\"><\/div><div class=\"line\"><\/div><div class=\"line\"><\/div><div class=\"line\"><\/div><div class=\"line\"><\/div><div class=\"line\"><\/div><div class=\"line\"><\/div><div class=\"line\"><\/div><div class=\"line\"><\/div><\/div>\n\n\n\n<div style=\"height:80px\" aria-hidden=\"true\" class=\"wp-block-spacer\"><\/div>\n\n\n\n<p class=\"has-medium-font-size\"><strong>Suchen Sie nach einem Mehrwert f\u00fcr Ihre Dienstleistungen?<\/strong> \u00dcber die traditionelle Logistik hinaus haben wir uns auf <strong>internationale Logistik und Zollabwicklung spezialisiert<\/strong>, um eine reibungslose Abfertigung Ihrer Waren zu gew\u00e4hrleisten. Als zugelassene Versender und Empf\u00e4nger garantieren wir in jeder Phase eine <strong>einwandfreie Abwicklung der Zolldokumente. <\/strong>So k\u00f6nnen Kunden auf der ganzen Welt problemlos auf Ihre Produkte zugreifen und somit die <strong>globale Expansion Ihrer Marke vorantreiben.<\/strong><\/p>\n\n\n\n<section class=\"wp-block-pvse-benefits pvse-benefits\"><div class=\"wrap\"><h2 class=\"heading\" style=\"color:#5600d8\">Entscheiden Sie, was Sie brauchen und wie weit Sie gehen wollen:<\/h2><ul><li><span>Vereinfachen Sie die Zollabfertigung und erweitern Sie Ihr Gesch\u00e4ft in Europa:<\/span><div class=\"text\">Pakete, die in die EU versandt werden, m\u00fcssen vor der Zollabfertigung oft 24 Stunden lang gelagert werden. PVS vereinfacht diesen Prozess und sorgt f\u00fcr eine schnelle Zollabfertigung und einen reibungslosen Versand innerhalb der EU. Mit den erforderlichen Genehmigungen k\u00f6nnen wir auch Direktsendungen in die Schweiz und nach Gro\u00dfbritannien beschleunigen. Das Ergebnis? Zufriedene Kunden und eine florierende Marke!<\/div><\/li><li><span>Lokale Transportunternehmen:<\/span><div class=\"text\">Sobald die Pakete verschickt werden, werden sie an den von Ihnen bevorzugten lokalen Versanddienstleister \u00fcbergeben. Die Vorteile? Optimierte Versandabl\u00e4ufe und umfassende logistische Unterst\u00fctzung. Die Kunden genie\u00dfen den Komfort, die Pakete vor Ort abzuholen und sie so zur\u00fcckzusenden, als ob sie regional bestellt worden w\u00e4ren. Das ist wirklich ein au\u00dfergew\u00f6hnlicher Service!<\/div><\/li><li><span>Steueroptimierung f\u00fcr den eCommerce:<\/span><div class=\"text\">Wir bieten umfassende Buchhaltungs- und Rechnungsstellungsdienste in lokaler W\u00e4hrung und verwalten alle erforderlichen Steuerverpflichtungen nahtlos. Unser fachkundiges Buchhaltungsteam bietet eine steuerliche Vertretung im Ausland und liefert monatliche Abrechnungen, die Ihnen einen klaren \u00dcberblick \u00fcber die Leistung geben. Mit globaler Sendungsverfolgung, Kundenkontoverwaltung und effizienten Monats- und Jahresabschl\u00fcssen sorgen wir f\u00fcr einen stressfreien Ablauf Ihrer eCommerce-Aktivit\u00e4ten!<\/div><\/li><li><span>Und mehr:<\/span><div class=\"text\">Wir bieten Ihnen fortschrittliche, auf eCommerce-Unternehmen zugeschnittene Services f\u00fcr Umsatzsteuererkl\u00e4rungen und die Erstellung von Gewinn- und Verlustrechnungen. Unsere L\u00f6sungen umfassen die Integration mit Zahlungsanbietern, Risikokontrolle und Compliance, um Ihre Gesch\u00e4fte sicher und effizient zu gestalten. Dar\u00fcber hinaus bieten wir Inkasso- und Mahndienste an, die eine reibungslose und problemlose Verwaltung Ihrer Finanzprozesse gew\u00e4hrleisten.<\/div><\/li><\/ul><\/div><\/section>\n\n\n\n<p class=\"has-medium-font-size\">Entdecken Sie die verschiedenen Bereiche, in denen wir t\u00e4tig sind, steigern Sie die Attraktivit\u00e4t Ihrer Marke und sch\u00f6pfen Sie das <strong>volle Potenzial<\/strong> Ihres Unternehmens aus. Wir sind darauf spezialisiert, Ihnen dabei zu helfen, Ihre Kommunikationskan\u00e4le zu erweitern und Ihre <strong>operative Effizienz<\/strong> zu verbessern, w\u00e4hrend Sie gleichzeitig Ihre Kosten senken &#8211; <strong>jederzeit, \u00fcberall und mit geringem Aufwand.<\/strong> Als Ihr zuverl\u00e4ssiger Partner bieten wir Ihnen erstklassige Leistungen und umfassende, <strong>effektive L\u00f6sungen<\/strong> f\u00fcr Ihre eCommerce-Anforderungen und begleiten Sie bei jedem Schritt des Prozesses, <strong>ganz gleich, wo Sie weltweit t\u00e4tig sind.<\/strong><\/p>\n\n\n\n<section class=\"wp-block-pvse-box-list\"><div class=\"wrap\"><h2 class=\"headline\">Wie k\u00f6nnen wir zu Ihrem Erfolg beitragen?<\/h2><div class=\"boxes columns4\"><a href=\"https:\/\/pvs-es.com\/index.php\/logistics\/?lang=de\" class=\"box\"><p class=\"subheadline\">Logistics<\/p><div class=\"description\"><div><p>Weltweite Lagerhaltung, Pick&amp;Pack und Versanddienstleistungen, die auf Ihr Unternehmen zugeschnitten sind. Wir k\u00fcmmern uns um alles, von der Qualit\u00e4t der eingehenden Sendungen \u00fcber die Auswahl leistungsf\u00e4higer Kuriere bis hin zur Abwicklung internationaler Retouren. Wachsen Sie nachhaltig mit unserer End-to-End-Logistikkompetenz.<\/p><\/div><\/div><\/a><a href=\"https:\/\/pvs-es.com\/index.php\/customer-care\/\/?lang=de\" class=\"box\"><p class=\"subheadline\">Customer Care<\/p><div class=\"description\"><div><p>Vom Pre-Sales bis zum Post-Sales stellen wir die Zufriedenheit Ihrer Endkunden mit garantierter Transparenz durch detaillierte KPI-Berichte und Aktivit\u00e4ts-Updates sicher. Mit unserer jahrzehntelangen Erfahrung sind wir Ihre vertrauensw\u00fcrdigen Spezialisten.<\/p><\/div><\/div><\/a><a href=\"https:\/\/pvs-es.com\/index.php\/marketplaces\/\/?lang=de\" class=\"box\"><p class=\"subheadline\">Marketplace Services<\/p><div class=\"description\"><div><p>eCommerce-Komplettpakete \u2013 von der Marktplatzeinrichtung und -zuordnung bis hin zum digitalen Marketing und zur Inbetriebnahme \u2013 wir bieten eine nahtlose Integration f\u00fcr Ihr Unternehmen. Liefern Sie uns einfach Ihr modisches Inventar und Ihre Daten, um zu beginnen.<\/p><\/div><\/div><\/a><a href=\"https:\/\/pvs-es.com\/index.php\/consulting\/\/?lang=de\" class=\"box\"><p class=\"subheadline\">Consulting<\/p><div class=\"description\"><div><p>Wir gehen \u00fcber effiziente Omnichannel-Logistik und Customer Support hinaus \u2013 wir liefern genau das, was Sie brauchen. Mit unserer langj\u00e4hrigen Expertise in den Bereichen Consulting und eCommerce-Prozessoptimierung stellen wir sicher, dass Ihr Unternehmen davon profitiert.<\/p><\/div><\/div><\/a><a href=\"https:\/\/pvs-es.com\/index.php\/merchant-of-records\/\/?lang=de\" class=\"box\"><p class=\"subheadline\">Merchant of Records (MoR)<\/p><div class=\"description\"><div><p>Die Verwaltung des Cashflows, die Einhaltung internationaler Steuergesetze und rechtlicher Vorschriften kann sehr komplex sein. Als Ihr Merchant of Record (MoR) \u00fcbernehmen wir die volle Verantwortung f\u00fcr den gesamten Prozess, reduzieren Ihre Steuerverwaltungslast und lassen Sie sich auf Ihr wachsendes Gesch\u00e4ft konzentrieren.<\/p><\/div><\/div><\/a><a href=\"https:\/\/pvs-es.com\/index.php\/platforms\/?lang=de\" class=\"box\"><p class=\"subheadline\">Platforms<\/p><div class=\"description\"><div><p>Wir entwickeln passgenaue L\u00f6sungen, die Technologie, Strategie und User Experience vereinen. Als Partner f\u00fchrender eCommerce-Plattformen realisieren wir nahtlose, skalierbare Systeme \u2013 von B2C \u00fcber B2B bis hin zu komplexen Cloud-Integrationen.<\/p><\/div><\/div><\/a><a href=\"https:\/\/pvs-es.com\/index.php\/marketing\/?lang=de\" class=\"box\"><p class=\"subheadline\">Marketing<\/p><div class=\"description\"><div><p>Mit strategischem Digital Marketing, intelligenter SEO und datengetriebenen Analysen bringen wir Marken sichtbar nach vorn. Unser Ziel: messbare Ergebnisse, h\u00f6here Ums\u00e4tze und nachhaltiger Erfolg auf allen digitalen Kan\u00e4len.<\/p><\/div><\/div><\/a><\/div><div class=\"all-services\"><a href=\"https:\/\/pvs-es.com\/index.php\/services\/\" class=\"top-link\">All Services<\/a><\/div><\/div><\/section>\n\n\n\n<h2 class=\"wp-block-heading has-text-color has-link-color wp-elements-b23a6fee8be70012eac8091b079cc865\" style=\"color:#5600d8\">Business Cases<\/h2>\n\n\n\n<section class=\"wp-block-pvse-case-storys pvse-case-storys\"><div class=\"grid\"><div class=\"strich_wrap\"><div class=\"line\"><\/div><div class=\"line\"><\/div><div class=\"line\"><\/div><div class=\"line\"><\/div><div class=\"line\"><\/div><div class=\"line\"><\/div><div class=\"line\"><\/div><div class=\"line\"><\/div><div class=\"line\"><\/div><div class=\"line-b\"><\/div><div class=\"line-b\"><\/div><div class=\"line-b\"><\/div><div class=\"line-b\"><\/div><div class=\"line-b\"><\/div><div class=\"line-b\"><\/div><div class=\"line-b\"><\/div><div class=\"line-b\"><\/div><div class=\"line-b\"><\/div><\/div><div class=\"case\"><figure><img decoding=\"async\" src=\"https:\/\/pvs-es.com\/wp-content\/uploads\/2024\/11\/Parfumdreams.jpg\" alt=\"Frau h\u00e4lt Parf\u00fcm in der Hand und l\u00e4chelt nach unten in die Kamera\"\/><\/figure><div class=\"gradient-layer\"><\/div><figure><img decoding=\"async\" src=\"https:\/\/pvs-es.com\/wp-content\/uploads\/2024\/11\/Logo_Zeichenflaeche-1-Kopie-6.png\" class=\"logo\" alt=\"Logo von Parfumdreams\"\/><\/figure><\/div><div class=\"case\"><figure><img decoding=\"async\" src=\"https:\/\/pvs-es.com\/wp-content\/uploads\/2024\/11\/Niche-Beauty.jpg\" alt=\"Kosmetikprodukte mit Reisetasche in einem Flugzeug drapiert\"\/><\/figure><div class=\"gradient-layer\"><\/div><figure><img decoding=\"async\" src=\"https:\/\/pvs-es.com\/wp-content\/uploads\/2024\/11\/Logo_Zeichenflaeche-1-Kopie.png\" class=\"logo\" alt=\"Logo von Niche Beauty\"\/><\/figure><\/div><div class=\"case\"><figure><img decoding=\"async\" src=\"https:\/\/pvs-es.com\/wp-content\/uploads\/2024\/11\/Zwiesel-Glas.jpg\" alt=\"Ein gef\u00fclltes Weinglas auf einem gedeckten Tisch\"\/><\/figure><div class=\"gradient-layer\"><\/div><figure><img decoding=\"async\" src=\"https:\/\/pvs-es.com\/wp-content\/uploads\/2024\/11\/Logo_Zeichenflaeche-1.png\" class=\"logo\" alt=\"Logo von Zwiesel-Glas\"\/><\/figure><\/div><div class=\"case\"><figure><img decoding=\"async\" src=\"https:\/\/pvs-es.com\/wp-content\/uploads\/2024\/11\/Odlo.jpg\" alt=\"Skifahrer laufen in Schneemontur\"\/><\/figure><div class=\"gradient-layer\"><\/div><figure><img decoding=\"async\" src=\"https:\/\/pvs-es.com\/wp-content\/uploads\/2024\/11\/Logo_Zeichenflaeche-1-Kopie-2.png\" class=\"logo\" alt=\"Logo von Odlo\"\/><\/figure><\/div><\/div><\/section>\n\n\n\n<div style=\"height:80px\" aria-hidden=\"true\" class=\"wp-block-spacer\"><\/div>\n\n\n\n<section class=\"wp-block-pvse-process-block process\"><div class=\"wrap\"><h2 class=\"heading\"><strong>Wie fange ich an?<\/strong><\/h2><div class=\"flexalign\"><div class=\"step\"><div class=\"icon\"><img decoding=\"async\" src=\"http:\/\/www.pvs-es.com\/wp-content\/uploads\/2024\/10\/Analyze.png\" alt=\"decorative illustration of the step\"\/><\/div><div class=\"text\"><strong>Buchhaltungs- und Steuerfragen sind nicht meine Sache<\/strong> &#8230;<br>\u00dcberlassen Sie die Zahlen uns! Lagern Sie Ihre Buchhaltung aus und konzentrieren Sie sich auf das, was Sie am meisten lieben &#8211; den Rest erledigen wir. Mit unserer jahrzehntelangen Erfahrung sind wir auf Steuern, Mehrwertsteuererkl\u00e4rungen, Risikokontrolle und vieles mehr spezialisiert, so dass Sie sich keine Sorgen machen m\u00fcssen, w\u00e4hrend Sie Ihr Unternehmen weiterentwickeln.<\/div><\/div><div class=\"step\"><div class=\"icon\"><img decoding=\"async\" src=\"http:\/\/www.pvs-es.com\/wp-content\/uploads\/2024\/10\/Reporting.png\" alt=\"decorative illustration of the step\"\/><\/div><div class=\"text\"><strong>Ich bin mir nicht sicher, ob ich in europ\u00e4ische Drittl\u00e4nder versenden m\u00f6chte, es klingt kompliziert &#8230;<\/strong><br>Es mag zwar komplex erscheinen, aber nicht f\u00fcr uns. Mit jahrelanger Erfahrung im weltweiten Versand sorgen wir f\u00fcr schnelle und zuverl\u00e4ssige internationale Lieferungen. Jedes Paket erreicht garantiert seinen Bestimmungsort und sollte etwas Unerwartetes passieren, haben wir L\u00f6sungen parat, um alle Probleme zu l\u00f6sen. Sie sind in guten H\u00e4nden!<\/div><\/div><div class=\"step\"><div class=\"icon\"><img decoding=\"async\" src=\"http:\/\/www.pvs-es.com\/wp-content\/uploads\/2024\/10\/Prozessoptimierung.png\" alt=\"decorative illustration of the step\"\/><\/div><div class=\"text\"><strong>Ich habe Bedenken, dass meine Kunden lange Wartezeiten f\u00fcr ihre Pakete haben k\u00f6nnten &#8230;<\/strong><br>Mit unserer soliden Infrastruktur und unserer globalen Reichweite bieten wir umfassende steuerliche Unterst\u00fctzung f\u00fcr grenz\u00fcberschreitende Verk\u00e4ufe und helfen Ihnen, problemlos international zu expandieren. Sie k\u00f6nnen schnell in wichtige M\u00e4rkte eintreten und dabei die Vorschriften einhalten, ohne dass Sie sich f\u00fcr die Mehrwertsteuer registrieren lassen m\u00fcssen. Und das ist noch nicht alles: Unser Versand am selben Tag und unsere schnellen Versandl\u00f6sungen stellen sicher, dass Ihre Kunden ihre Pakete innerhalb von 3 bis 5 Werktagen erhalten, je nachdem, wo sie sich weltweit befinden.<\/div><\/div><\/div><\/div><\/section>\n\n\n\n<div style=\"height:20px\" aria-hidden=\"true\" class=\"wp-block-spacer\"><\/div>\n\n\n\n<h2 class=\"wp-block-heading has-text-color has-link-color wp-elements-522e4deae5e65911a31ac987ce533a19\" style=\"color:#5600d8\">Lassen Sie uns in Kontakt bleiben<\/h2>\n\n\n\n<div class=\"wp-block-columns l-a-r is-layout-flex wp-container-core-columns-is-layout-9d6595d7 wp-block-columns-is-layout-flex\">\n<div class=\"wp-block-column is-layout-flow wp-block-column-is-layout-flow\" style=\"flex-basis:66.66%\">\n<script type=\"text\/javascript\" src=\"\/\/m.pvs-rs.com\/form\/generate.js?id=26\"><\/script>\n<\/div>\n\n\n\n<div class=\"wp-block-column is-layout-flow wp-block-column-is-layout-flow\" style=\"flex-basis:33.33%\">\n<figure class=\"wp-block-image size-full\"><img loading=\"lazy\" decoding=\"async\" width=\"800\" height=\"1000\" src=\"http:\/\/www.pvs-es.com\/wp-content\/uploads\/2025\/01\/Luigi-D\u00b4Olivio-2.jpg\" alt=\"Ein junger Mann st\u00fctzt sich auf seinen linken Arm, richtet die Schulter zur Kamera und l\u00e4chelt in die Kamera.\" class=\"wp-image-2099\" srcset=\"https:\/\/pvs-es.com\/wp-content\/uploads\/2025\/01\/Luigi-D\u00b4Olivio-2.jpg 800w, https:\/\/pvs-es.com\/wp-content\/uploads\/2025\/01\/Luigi-D\u00b4Olivio-2-240x300.jpg 240w, https:\/\/pvs-es.com\/wp-content\/uploads\/2025\/01\/Luigi-D\u00b4Olivio-2-768x960.jpg 768w\" sizes=\"auto, (max-width: 800px) 100vw, 800px\" \/><\/figure>\n<\/div>\n<\/div>\n\n\n\n<section class=\"wp-block-pvse-more-block pvse-more-block\"><div class=\"wrap\"><h2 class=\"heading\" style=\"color:#5600d8\">Sie k\u00f6nnten auch interessiert sein an &#8230;<\/h2><div class=\"more-blocks\"><a class=\"block\" href=\"\/index.php\/logistics\/\/?lang=de\"><div class=\"desc\">Logistics<\/div><\/a><a class=\"block\" href=\"\/index.php\/customer-care\/\/?lang=de\"><div class=\"desc\">Customer Care<\/div><\/a><a class=\"block\" href=\"\/index.php\/marketplaces\/\/?lang=de\"><div class=\"desc\">Marketplaces<\/div><\/a><\/div><\/div><\/section>\n\n\n\n<p><\/p>\n","protected":false},"excerpt":{"rendered":"<p>Suchen Sie nach einem Mehrwert f\u00fcr Ihre Dienstleistungen? \u00dcber die traditionelle Logistik hinaus haben wir uns auf internationale Logistik und Zollabwicklung spezialisiert, um eine reibungslose Abfertigung Ihrer Waren zu gew\u00e4hrleisten. Als zugelassene Versender und Empf\u00e4nger garantieren wir in jeder Phase eine einwandfreie Abwicklung der Zolldokumente. So k\u00f6nnen Kunden auf der ganzen Welt problemlos auf Ihre [&hellip;]<\/p>\n","protected":false},"author":6,"featured_media":0,"parent":0,"menu_order":0,"comment_status":"closed","ping_status":"closed","template":"","meta":{"footnotes":""},"class_list":["post-2341","page","type-page","status-publish","hentry"],"jetpack_sharing_enabled":true,"_links":{"self":[{"href":"https:\/\/pvs-es.com\/index.php\/wp-json\/wp\/v2\/pages\/2341","targetHints":{"allow":["GET"]}}],"collection":[{"href":"https:\/\/pvs-es.com\/index.php\/wp-json\/wp\/v2\/pages"}],"about":[{"href":"https:\/\/pvs-es.com\/index.php\/wp-json\/wp\/v2\/types\/page"}],"author":[{"embeddable":true,"href":"https:\/\/pvs-es.com\/index.php\/wp-json\/wp\/v2\/users\/6"}],"replies":[{"embeddable":true,"href":"https:\/\/pvs-es.com\/index.php\/wp-json\/wp\/v2\/comments?post=2341"}],"version-history":[{"count":12,"href":"https:\/\/pvs-es.com\/index.php\/wp-json\/wp\/v2\/pages\/2341\/revisions"}],"predecessor-version":[{"id":3387,"href":"https:\/\/pvs-es.com\/index.php\/wp-json\/wp\/v2\/pages\/2341\/revisions\/3387"}],"wp:attachment":[{"href":"https:\/\/pvs-es.com\/index.php\/wp-json\/wp\/v2\/media?parent=2341"}],"curies":[{"name":"wp","href":"https:\/\/api.w.org\/{rel}","templated":true}]}}