{"id":2339,"date":"2024-10-30T11:52:29","date_gmt":"2024-10-30T10:52:29","guid":{"rendered":"https:\/\/pvs-es.com\/index.php\/crossborder\/"},"modified":"2025-07-09T10:20:16","modified_gmt":"2025-07-09T08:20:16","slug":"crossborder","status":"publish","type":"page","link":"https:\/\/pvs-es.com\/index.php\/crossborder\/?lang=fr","title":{"rendered":"Cross-Border ESP"},"content":{"rendered":"\n<div class=\"wp-block-pvse-title-detail-parallax wrapper-parallax\"><layer class=\"bg\"><img decoding=\"async\" src=\"https:\/\/pvs-es.com\/wp-content\/uploads\/2025\/01\/BG-Home.jpg\" alt=\"background for parallax effect\"\/><\/layer><layer class=\"ly-3\"><img decoding=\"async\" src=\"https:\/\/pvs-es.com\/wp-content\/uploads\/2025\/01\/Home-3.webp\" alt=\"third layer of graphical parallax effect\"\/><\/layer><layer class=\"ly-2\"><img decoding=\"async\" src=\"https:\/\/pvs-es.com\/wp-content\/uploads\/2025\/01\/Home-2.webp\" alt=\"second layer of graphical parallax effect\"\/><\/layer><layer class=\"ly-1\"><img decoding=\"async\" src=\"https:\/\/pvs-es.com\/wp-content\/uploads\/2025\/01\/Home-1.webp\" alt=\"first layer of graphical parallax effect\"\/><\/layer><div class=\"glasswrap\"><div class=\"schrag\"><\/div><div class=\"schrag\"><\/div><div class=\"schrag\"><\/div><div class=\"hero-detail\"><div class=\"hero-detail-text\"><h2 class=\"has-medium-font-size\">Votre marque est-elle \u00e9tablie au niveau national, international ou mondial ? Nous le faisons.<\/h2><\/div><div class=\"hero-detail-heading\"><div class=\"pointer\"><\/div><div class=\"pointer\"><\/div><div class=\"pointer\"><\/div><h1 style=\"color:#5600d8\" class=\"wp-block-heading\">Croissance garantie sur les march\u00e9s cl\u00e9s<\/h1><\/div><\/div><\/div><div class=\"line\"><\/div><div class=\"line\"><\/div><div class=\"line\"><\/div><div class=\"line\"><\/div><div class=\"line\"><\/div><div class=\"line\"><\/div><div class=\"line\"><\/div><div class=\"line\"><\/div><div class=\"line\"><\/div><div class=\"line\"><\/div><div class=\"line\"><\/div><div class=\"line\"><\/div><\/div>\n\n\n\n<div style=\"height:80px\" aria-hidden=\"true\" class=\"wp-block-spacer\"><\/div>\n\n\n\n<p class=\"has-medium-font-size\"><strong>Vous recherchez une valeur ajout\u00e9e \u00e0 vos services ?<\/strong> Au-del\u00e0 de la logistique traditionnelle, nous nous sommes sp\u00e9cialis\u00e9s, en tant que prestataire de services de commerce \u00e9lectronique transfrontalier, dans la logistique internationale et le d\u00e9douanement afin de garantir un d\u00e9douanement sans faille de vos marchandises. En tant qu&#8217;exp\u00e9diteurs et destinataires agr\u00e9\u00e9s, nous garantissons \u00e0 chaque \u00e9tape un traitement irr\u00e9prochable des documents douaniers. Les clients du monde entier peuvent ainsi acc\u00e9der facilement \u00e0 vos produits, ce qui favorise l&#8217;expansion mondiale de votre marque.<\/p>\n\n\n\n<section class=\"wp-block-pvse-benefits pvse-benefits\"><div class=\"wrap\"><h2 class=\"heading\" style=\"color:#5600d8\">D\u00e9terminez ce dont vous avez besoin et jusqu&#8217;o\u00f9 vous voulez aller :<\/h2><ul><li><span>Simplifier les formalit\u00e9s douani\u00e8res et d\u00e9velopper vos activit\u00e9s en Europe:<\/span><div class=\"text\">Les colis exp\u00e9di\u00e9s vers l\u2019UE doivent souvent \u00eatre stock\u00e9s pendant 24 heures avant d\u2019\u00eatre d\u00e9douan\u00e9s. PVS simplifie ce processus et assure un d\u00e9douanement rapide et une exp\u00e9dition sans probl\u00e8me dans l\u2019UE. Avec les autorisations n\u00e9cessaires et notre statut de prestataire de services de commerce \u00e9lectronique transfrontalier, nous pouvons \u00e9galement acc\u00e9l\u00e9rer les envois directs vers la Suisse et le Royaume-Uni. Le r\u00e9sultat ? Des clients satisfaits et une marque florissante !<\/div><\/li><li><span>Envois par transporteur local :<\/span><div class=\"text\">D\u00e8s que les colis sont envoy\u00e9s, ils sont confi\u00e9s au transporteur local que vous pr\u00e9f\u00e9rez. Les avantages ? Des processus d\u2019exp\u00e9dition optimis\u00e9s et un soutien logistique complet. Les clients b\u00e9n\u00e9ficient du confort de pouvoir r\u00e9cup\u00e9rer les colis sur place et de les renvoyer comme s\u2019ils avaient \u00e9t\u00e9 command\u00e9s au niveau r\u00e9gional. C\u2019est vraiment un service exceptionnel que nous pouvons offrir en tant qu\u2019ESP !<\/div><\/li><li><span>Optimisation fiscale pour le commerce \u00e9lectronique :<\/span><div class=\"text\">Nous fournissons des services complets de comptabilit\u00e9 et de facturation en monnaie locale, en g\u00e9rant toutes les obligations fiscales n\u00e9cessaires de mani\u00e8re transparente. Notre \u00e9quipe d\u2019experts comptables propose une repr\u00e9sentation fiscale \u00e0 l\u2019\u00e9tranger et fournit des relev\u00e9s mensuels, vous donnant une vue d\u2019ensemble claire des performances. Gr\u00e2ce au suivi des exp\u00e9ditions au niveau mondial, \u00e0 la gestion des comptes clients et \u00e0 des cl\u00f4tures mensuelles et annuelles efficaces, nous vous garantissons une exp\u00e9rience sans stress pour vos op\u00e9rations de commerce \u00e9lectronique !<\/div><\/li><li><span>Et plus encore :<\/span><div class=\"text\">En tant qu\u2019ESP, nous proposons des services avanc\u00e9s, adapt\u00e9s aux entreprises de commerce \u00e9lectronique, pour les d\u00e9clarations de TVA et la pr\u00e9paration des comptes de r\u00e9sultats. Nos solutions comprennent l\u2019int\u00e9gration avec les fournisseurs de paiement, le contr\u00f4le des risques et la conformit\u00e9 afin de rendre vos activit\u00e9s s\u00fbres et efficaces. Nous proposons \u00e9galement des services de recouvrement et de relance qui garantissent une gestion fluide de vos processus financiers.<\/div><\/li><\/ul><\/div><\/section>\n\n\n\n<p class=\"has-medium-font-size\">Explorez les diff\u00e9rents domaines dans lesquels nous op\u00e9rons, renforcez l&#8217;attrait de votre marque et <strong>valoriser le potentiel<\/strong> de votre entreprise. Nous sommes sp\u00e9cialis\u00e9s dans l&#8217;\u00e9largissement des canaux de communication et l&#8217;am\u00e9lioration de <strong>l&#8217;efficacit\u00e9 op\u00e9rationnelle,<\/strong> tout en r\u00e9duisant les co\u00fbts, \u00e0 tout moment, et en toute simplicit\u00e9. En tant que partenaire de confiance, nous vous proposons des exp\u00e9riences de premier ordre et des <strong>solutions compl\u00e8tes et efficaces<\/strong> pour r\u00e9pondre \u00e0 vos besoins en mati\u00e8re de <strong>commerce \u00e9lectronique,<\/strong> en vous guidant \u00e0 chaque \u00e9tape du processus, quel que soit l&#8217;endroit o\u00f9 vous op\u00e9rez dans le monde.<\/p>\n\n\n\n<section class=\"wp-block-pvse-box-list\"><div class=\"wrap\"><h2 class=\"headline\">Comment pouvons-nous contribuer \u00e0 votre succ\u00e8s ?<\/h2><div class=\"boxes columns4\"><a href=\"https:\/\/pvs-es.com\/index.php\/logistics\/?lang=fr\" class=\"box\"><p class=\"subheadline\">Logistics<\/p><div class=\"description\"><div><p>Services de stockage, de pr\u00e9paration de commandes et d\u2019exp\u00e9dition dans le monde entier, adapt\u00e9s \u00e0 votre entreprise. Nous g\u00e9rons tout, de la qualit\u00e9 des produits entrants \u00e0 la s\u00e9lection des transporteurs les plus performants, en passant par la gestion des retours internationaux. D\u00e9veloppez-vous de mani\u00e8re durable gr\u00e2ce \u00e0 notre expertise logistique.<\/p><\/div><\/div><\/a><a href=\"https:\/\/pvs-es.com\/index.php\/customer-care\/\/?lang=fr\" class=\"box\"><p class=\"subheadline\">Customer Care<\/p><div class=\"description\"><div><p>De la vente \u00e0 l\u2019apr\u00e8s-vente, nous assurons la satisfaction de vos clients avec une transparence garantie gr\u00e2ce \u00e0 des rapports KPI d\u00e9taill\u00e9s et des mises \u00e0 jour d\u2019activit\u00e9. Nous sommes vos sp\u00e9cialistes de confiance.<\/p><\/div><\/div><\/a><a href=\"https:\/\/pvs-es.com\/index.php\/marketplaces\/\/?lang=fr\" class=\"box\"><p class=\"subheadline\">Marketplace Services<\/p><div class=\"description\"><div><p>Forfaits tout compris : de la configuration et de la cartographie du march\u00e9 au marketing num\u00e9rique et \u00e0 la mise en service, nous offrons une int\u00e9gration transparente pour votre entreprise. Fournissez-nous simplement votre inventaire et vos donn\u00e9es pour commencer.<\/p><\/div><\/div><\/a><a href=\"https:\/\/pvs-es.com\/index.php\/consulting\/\/?lang=fr\" class=\"box\"><p class=\"subheadline\">Consulting<\/p><div class=\"description\"><div><p>Nous allons au-del\u00e0 d\u2019une logistique multicanale, et d\u2019un service client efficace : nous vous offrons exactement ce dont vous avez besoin. Forts de plusieurs ann\u00e9es d\u2019expertise en conseil et en optimisation des processus de commerce \u00e9lectronique, nous garantissons de nombreux avantages pour votre entreprise.<\/p><\/div><\/div><\/a><a href=\"https:\/\/pvs-es.com\/index.php\/merchant-of-records\/\/?lang=fr\" class=\"box\"><p class=\"subheadline\">Merchant of Records (MoR)<\/p><div class=\"description\"><div><p>La gestion des flux de tr\u00e9sorerie, la conformit\u00e9 fiscale internationale et les r\u00e9glementations juridiques peuvent \u00eatre complexes. En tant que MoR, nous assumons l\u2019enti\u00e8re responsabilit\u00e9 de l\u2019ensemble du processus, r\u00e9duisant ainsi votre charge de gestion fiscale et vous permettant de vous concentrer sur la croissance de votre entreprise.<\/p><\/div><\/div><\/a><a href=\"https:\/\/pvs-es.com\/index.php\/platforms\/?lang=fr\" class=\"box\"><p class=\"subheadline\">Platforms<\/p><div class=\"description\"><div><p>Nous d\u00e9veloppons des solutions sur mesure qui allient technologie, strat\u00e9gie et exp\u00e9rience utilisateur. En tant que partenaire des principales plateformes de commerce \u00e9lectronique, nous r\u00e9alisons des syst\u00e8mes transparents et \u00e9volutifs \u2013 du B2C au B2B en passant par des int\u00e9grations complexes dans le cloud.<\/p><\/div><\/div><\/a><a href=\"https:\/\/pvs-es.com\/index.php\/marketing\/?lang=fr\" class=\"box\"><p class=\"subheadline\">Marketing<\/p><div class=\"description\"><div><p>Gr\u00e2ce \u00e0 un marketing num\u00e9rique strat\u00e9gique, un r\u00e9f\u00e9rencement intelligent et des analyses ax\u00e9es sur les donn\u00e9es, nous faisons avancer les marques de mani\u00e8re visible. Notre objectif : des r\u00e9sultats mesurables, des ventes plus \u00e9lev\u00e9es et un succ\u00e8s durable sur tous les canaux num\u00e9riques.<\/p><\/div><\/div><\/a><\/div><div class=\"all-services\"><a href=\"https:\/\/pvs-es.com\/index.php\/services\/?lang=en\" class=\"top-link\">All Services<\/a><\/div><\/div><\/section>\n\n\n\n<h2 class=\"wp-block-heading has-text-color has-link-color wp-elements-7dcc3346d18d02c1d9550693e4c09ae6\" style=\"color:#5600d8\"><strong>Cas d&#8217;entreprise<\/strong><\/h2>\n\n\n\n<section class=\"wp-block-pvse-case-storys pvse-case-storys\"><div class=\"grid\"><div class=\"strich_wrap\"><div class=\"line\"><\/div><div class=\"line\"><\/div><div class=\"line\"><\/div><div class=\"line\"><\/div><div class=\"line\"><\/div><div class=\"line\"><\/div><div class=\"line\"><\/div><div class=\"line\"><\/div><div class=\"line\"><\/div><div class=\"line-b\"><\/div><div class=\"line-b\"><\/div><div class=\"line-b\"><\/div><div class=\"line-b\"><\/div><div class=\"line-b\"><\/div><div class=\"line-b\"><\/div><div class=\"line-b\"><\/div><div class=\"line-b\"><\/div><div class=\"line-b\"><\/div><\/div><div class=\"case\"><figure><img decoding=\"async\" src=\"https:\/\/pvs-es.com\/wp-content\/uploads\/2024\/11\/Parfumdreams.jpg\" alt=\"Femme tenant un parfum dans la main et souriant vers la cam\u00e9ra en contre-plong\u00e9e\"\/><\/figure><div class=\"gradient-layer\"><\/div><figure><img decoding=\"async\" src=\"https:\/\/pvs-es.com\/wp-content\/uploads\/2024\/11\/Logo_Zeichenflaeche-1-Kopie-6.png\" class=\"logo\" alt=\"Logo de Parfumdreams\"\/><\/figure><\/div><div class=\"case\"><figure><img decoding=\"async\" src=\"https:\/\/pvs-es.com\/wp-content\/uploads\/2024\/11\/Niche-Beauty.jpg\" alt=\"Produits cosm\u00e9tiques dispos\u00e9s avec un sac de voyage dans un avion\"\/><\/figure><div class=\"gradient-layer\"><\/div><figure><img decoding=\"async\" src=\"https:\/\/pvs-es.com\/wp-content\/uploads\/2024\/11\/Logo_Zeichenflaeche-1-Kopie.png\" class=\"logo\" alt=\"Logo de Niche Beauty\"\/><\/figure><\/div><div class=\"case\"><figure><img decoding=\"async\" src=\"https:\/\/pvs-es.com\/wp-content\/uploads\/2024\/11\/Zwiesel-Glas.jpg\" alt=\"Un verre de vin rempli sur une table dress\u00e9e\"\/><\/figure><div class=\"gradient-layer\"><\/div><figure><img decoding=\"async\" src=\"https:\/\/pvs-es.com\/wp-content\/uploads\/2024\/11\/Logo_Zeichenflaeche-1.png\" class=\"logo\" alt=\"Logo de Zweisel-Glas\"\/><\/figure><\/div><div class=\"case\"><figure><img decoding=\"async\" src=\"https:\/\/pvs-es.com\/wp-content\/uploads\/2024\/11\/Odlo.jpg\" alt=\"Skieurs marchant en tenue de neige\"\/><\/figure><div class=\"gradient-layer\"><\/div><figure><img decoding=\"async\" src=\"https:\/\/pvs-es.com\/wp-content\/uploads\/2024\/11\/Logo_Zeichenflaeche-1-Kopie-2.png\" class=\"logo\" alt=\"Logo de Odlo\"\/><\/figure><\/div><\/div><\/section>\n\n\n\n<div style=\"height:80px\" aria-hidden=\"true\" class=\"wp-block-spacer\"><\/div>\n\n\n\n<section class=\"wp-block-pvse-process-block process\"><div class=\"wrap\"><h2 class=\"heading\">Comment commencer ?<\/h2><div class=\"flexalign\"><div class=\"step\"><div class=\"icon\"><img decoding=\"async\" src=\"http:\/\/www.pvs-es.com\/wp-content\/uploads\/2024\/10\/Analyze.png\" alt=\"decorative illustration of the step\"\/><\/div><div class=\"text\"><strong>La comptabilit\u00e9 et la fiscalit\u00e9, ce n&#8217;est pas <br>mon truc<\/strong> <strong>&#8230;<\/strong><br>Laissez-nous nous occuper des chiffres ! Externalisez votre comptabilit\u00e9 et concentrez-vous sur ce que vous aimez le plus &#8211; nous nous occupons du reste. Forts d&#8217;une expertise de plusieurs d\u00e9cennies, nous sommes sp\u00e9cialis\u00e9s dans les imp\u00f4ts, les d\u00e9clarations de TVA, le contr\u00f4le des risques et bien d&#8217;autres choses encore, ce qui vous permet de d\u00e9velopper votre entreprise en toute s\u00e9r\u00e9nit\u00e9.<\/div><\/div><div class=\"step\"><div class=\"icon\"><img decoding=\"async\" src=\"http:\/\/www.pvs-es.com\/wp-content\/uploads\/2024\/10\/Reporting.png\" alt=\"decorative illustration of the step\"\/><\/div><div class=\"text\"><strong>Je ne suis pas s\u00fbr de vouloir exp\u00e9dier vers les pays tiers europ\u00e9ens, cela semble complexe<\/strong> <strong>&#8230;<\/strong><br>Cela peut sembler compliqu\u00e9, mais pas pour nous. Forts de nos ann\u00e9es d&#8217;exp\u00e9rience en mati\u00e8re d&#8217;exp\u00e9dition internationale, nous assurons des livraisons internationales rapides et fiables. Chaque colis est assur\u00e9 d&#8217;arriver \u00e0 destination et, en cas d&#8217;impr\u00e9vu, nous avons des solutions pr\u00eates \u00e0 l&#8217;emploi pour r\u00e9soudre tous les probl\u00e8mes de mani\u00e8re transparente. Vous \u00eates entre de bonnes mains !<\/div><\/div><div class=\"step\"><div class=\"icon\"><img decoding=\"async\" src=\"http:\/\/www.pvs-es.com\/wp-content\/uploads\/2024\/10\/Prozessoptimierung.png\" alt=\"decorative illustration of the step\"\/><\/div><div class=\"text\"><strong>Je crains que mes clients ne soient confront\u00e9s \u00e0 de longs d\u00e9lais d&#8217;attente pour leurs colis &#8230;<\/strong><br>Gr\u00e2ce \u00e0 notre infrastructure solide et \u00e0 notre port\u00e9e mondiale, nous fournissons une assistance fiscale compl\u00e8te et un soutien pour les ventes transfrontali\u00e8res, ce qui vous permet de vous d\u00e9velopper facilement \u00e0 l&#8217;\u00e9chelle internationale. Vous pouvez p\u00e9n\u00e9trer rapidement des march\u00e9s cl\u00e9s, tout en restant parfaitement conforme et en \u00e9vitant d&#8217;avoir \u00e0 vous enregistrer \u00e0 la TVA. Et ce n&#8217;est pas tout : nos solutions d&#8217;exp\u00e9dition le jour m\u00eame et de livraison rapide permettent \u00e0 vos clients de recevoir leurs colis dans un d\u00e9lai de 3 \u00e0 5 jours, en fonction de leur localisation dans le monde.<\/div><\/div><\/div><\/div><\/section>\n\n\n\n<div style=\"height:20px\" aria-hidden=\"true\" class=\"wp-block-spacer\"><\/div>\n\n\n\n<h2 class=\"wp-block-heading has-text-color has-link-color wp-elements-53187f3b350c24dcb44729f011195668\" style=\"color:#5600d8\">Restons en contact<\/h2>\n\n\n\n<div class=\"wp-block-columns l-a-r is-layout-flex wp-container-core-columns-is-layout-9d6595d7 wp-block-columns-is-layout-flex\">\n<div class=\"wp-block-column is-layout-flow wp-block-column-is-layout-flow\" style=\"flex-basis:66.66%\">\n<script type=\"text\/javascript\" src=\"\/\/m.pvs-rs.com\/form\/generate.js?id=27\"><\/script>\n<\/div>\n\n\n\n<div class=\"wp-block-column is-layout-flow wp-block-column-is-layout-flow\" style=\"flex-basis:33.33%\">\n<figure class=\"wp-block-image size-full\"><img loading=\"lazy\" decoding=\"async\" width=\"800\" height=\"1000\" src=\"http:\/\/www.pvs-es.com\/wp-content\/uploads\/2025\/01\/Luigi-D\u00b4Olivio-2.jpg\" alt=\"Un jeune homme s'appuie sur son bras gauche, l'\u00e9paule tourn\u00e9e vers la cam\u00e9ra, et sourit \u00e0 l'objectif.\" class=\"wp-image-2099\" srcset=\"https:\/\/pvs-es.com\/wp-content\/uploads\/2025\/01\/Luigi-D\u00b4Olivio-2.jpg 800w, https:\/\/pvs-es.com\/wp-content\/uploads\/2025\/01\/Luigi-D\u00b4Olivio-2-240x300.jpg 240w, https:\/\/pvs-es.com\/wp-content\/uploads\/2025\/01\/Luigi-D\u00b4Olivio-2-768x960.jpg 768w\" sizes=\"auto, (max-width: 800px) 100vw, 800px\" \/><\/figure>\n<\/div>\n<\/div>\n\n\n\n<section class=\"wp-block-pvse-more-block pvse-more-block\"><div class=\"wrap\"><h2 class=\"heading\" style=\"color:#5600d8\">Vous pourriez \u00e9galement \u00eatre <br>int\u00e9ress\u00e9 par &#8230;<\/h2><div class=\"more-blocks\"><a class=\"block\" href=\"\/index.php\/logistics\/\/?lang=fr\"><div class=\"desc\">Logistics<\/div><\/a><a class=\"block\" href=\"\/index.php\/customer-care\/\/?lang=fr\"><div class=\"desc\">Customer Care<\/div><\/a><a class=\"block\" href=\"\/index.php\/marketplaces\/\/?lang=fr\"><div class=\"desc\">Marketplaces<\/div><\/a><\/div><\/div><\/section>\n\n\n\n<p><\/p>\n","protected":false},"excerpt":{"rendered":"<p>Vous recherchez une valeur ajout\u00e9e \u00e0 vos services ? Au-del\u00e0 de la logistique traditionnelle, nous nous sommes sp\u00e9cialis\u00e9s, en tant que prestataire de services de commerce \u00e9lectronique transfrontalier, dans la logistique internationale et le d\u00e9douanement afin de garantir un d\u00e9douanement sans faille de vos marchandises. En tant qu&#8217;exp\u00e9diteurs et destinataires agr\u00e9\u00e9s, nous garantissons \u00e0 chaque [&hellip;]<\/p>\n","protected":false},"author":6,"featured_media":0,"parent":0,"menu_order":0,"comment_status":"closed","ping_status":"closed","template":"","meta":{"footnotes":""},"class_list":["post-2339","page","type-page","status-publish","hentry"],"jetpack_sharing_enabled":true,"_links":{"self":[{"href":"https:\/\/pvs-es.com\/index.php\/wp-json\/wp\/v2\/pages\/2339","targetHints":{"allow":["GET"]}}],"collection":[{"href":"https:\/\/pvs-es.com\/index.php\/wp-json\/wp\/v2\/pages"}],"about":[{"href":"https:\/\/pvs-es.com\/index.php\/wp-json\/wp\/v2\/types\/page"}],"author":[{"embeddable":true,"href":"https:\/\/pvs-es.com\/index.php\/wp-json\/wp\/v2\/users\/6"}],"replies":[{"embeddable":true,"href":"https:\/\/pvs-es.com\/index.php\/wp-json\/wp\/v2\/comments?post=2339"}],"version-history":[{"count":26,"href":"https:\/\/pvs-es.com\/index.php\/wp-json\/wp\/v2\/pages\/2339\/revisions"}],"predecessor-version":[{"id":3385,"href":"https:\/\/pvs-es.com\/index.php\/wp-json\/wp\/v2\/pages\/2339\/revisions\/3385"}],"wp:attachment":[{"href":"https:\/\/pvs-es.com\/index.php\/wp-json\/wp\/v2\/media?parent=2339"}],"curies":[{"name":"wp","href":"https:\/\/api.w.org\/{rel}","templated":true}]}}