{"id":2324,"date":"2024-10-30T11:27:42","date_gmt":"2024-10-30T10:27:42","guid":{"rendered":"https:\/\/pvs-es.com\/index.php\/consulting\/"},"modified":"2025-07-09T09:58:31","modified_gmt":"2025-07-09T07:58:31","slug":"consulting","status":"publish","type":"page","link":"https:\/\/pvs-es.com\/index.php\/consulting\/?lang=de","title":{"rendered":"Consulting"},"content":{"rendered":"\n<div class=\"wp-block-pvse-title-detail-parallax wrapper-parallax\"><layer class=\"bg\"><img decoding=\"async\" src=\"https:\/\/pvs-es.com\/wp-content\/uploads\/2024\/12\/4-BG-3.jpg\" alt=\"background for parallax effect\"\/><\/layer><layer class=\"ly-3\"><img decoding=\"async\" src=\"https:\/\/pvs-es.com\/wp-content\/uploads\/2024\/12\/3-BG-3.webp\" alt=\"third layer of graphical parallax effect\"\/><\/layer><layer class=\"ly-2\"><img decoding=\"async\" src=\"https:\/\/pvs-es.com\/wp-content\/uploads\/2024\/12\/2-VG-2.webp\" alt=\"second layer of graphical parallax effect\"\/><\/layer><layer class=\"ly-1\"><img decoding=\"async\" src=\"https:\/\/pvs-es.com\/wp-content\/uploads\/2024\/12\/1-VG-3.webp\" alt=\"first layer of graphical parallax effect\"\/><\/layer><div class=\"glasswrap\"><div class=\"schrag\"><\/div><div class=\"schrag\"><\/div><div class=\"schrag\"><\/div><div class=\"hero-detail\"><div class=\"hero-detail-text\"><h2 class=\"has-medium-font-size\">Lassen Sie uns gemeinsam Vermutungen hinterfragen und herausfinden, was den Erfolg im eCommerce wirklich ausmacht.<\/h2><\/div><div class=\"hero-detail-heading\"><div class=\"pointer\"><\/div><div class=\"pointer\"><\/div><div class=\"pointer\"><\/div><h1 style=\"color:#5600d8\" class=\"wp-block-heading\">Ihr Erfolg in unseren H\u00e4nden<\/h1><\/div><\/div><\/div><div class=\"line\"><\/div><div class=\"line\"><\/div><div class=\"line\"><\/div><div class=\"line\"><\/div><div class=\"line\"><\/div><div class=\"line\"><\/div><div class=\"line\"><\/div><div class=\"line\"><\/div><div class=\"line\"><\/div><div class=\"line\"><\/div><div class=\"line\"><\/div><div class=\"line\"><\/div><\/div>\n\n\n\n<div style=\"height:80px\" aria-hidden=\"true\" class=\"wp-block-spacer\"><\/div>\n\n\n\n<p class=\"has-medium-font-size\">Wir kennen die g\u00e4ngigen Missverst\u00e4ndnisse: \u201eIndividuelles<strong> eCommerce- Consulting<\/strong> ist teuer, standardisiert und bietet keine branchenspezifischen Einblicke.\u201c Wir sind hier, um das zu \u00e4ndern.Unser Ansatz bietet ma\u00dfgeschneiderte eCommerce-Beratung und Strategien, die speziell auf Ihre Bed\u00fcrfnisse zugeschnitten sind, um sinnvolle Fortschritte und die Einhaltung aller Versprechen zu gew\u00e4hrleisten. Mit einem Expertenteam, das Ihre <strong>Fragen beantwortet,<\/strong> f\u00fchren wir Sie zu den <strong>besten Ergebnissen<\/strong> und <strong>nachhaltigem Wachstum.<\/strong> Sie erhalten nur die Informationen, auf die es wirklich ankommt, um Ihren eCommerce-Erfolg zu f\u00f6rdern.<\/p>\n\n\n\n<p class=\"has-medium-font-size\"><\/p>\n\n\n\n<section class=\"wp-block-pvse-benefits pvse-benefits\"><div class=\"wrap\"><h2 class=\"heading\" style=\"color:#5600d8\">W\u00e4hlen Sie den idealen eCommerce- Consulting Service f\u00fcr Ihre Bed\u00fcrfnisse:<\/h2><ul><li><span>Customer Care:<\/span><div class=\"text\">Die Customer Experience ist ein wichtiger Aspekt, der reibungslos funktionieren muss. Wir analysieren Ihre Prozesse sorgf\u00e4ltig, entdecken Verbesserungsm\u00f6glichkeiten und helfen Ihnen, sich von Wettbewerbern abzuheben, die sich an konventionelle Standards halten. Mit unserer Expertise stellen wir sicher, dass Sie stets ein au\u00dfergew\u00f6hnliches Einkaufserlebnis bieten, das einen bleibenden Eindruck hinterl\u00e4sst.<\/div><\/li><li><span>Ma\u00dfgeschneiderter Ansatz f\u00fcr die Logistik:<\/span><div class=\"text\">Sie wollen sich von der Konkurrenz abheben und einzigartig sein? Dazu geh\u00f6rt mehr als der blo\u00dfe Versand von Paketen. Mit unserem umfassenden Fachwissen in den Bereichen globales Supply Chain Management und Versand bieten wir Ihnen un\u00fcbertroffene Unterst\u00fctzung f\u00fcr Ihre Logistikanforderungen. Wir kennen jedes Detail des Prozesses und bieten Ihnen ma\u00dfgeschneiderte Beratung zu Logistik-Mehrwertdiensten, die perfekt auf Ihre Produkte abgestimmt sind. Von der Optimierung bei jedem Schritt bis hin zur zuverl\u00e4ssigen Ausf\u00fchrung sind wir der zuverl\u00e4ssige Partner, den Sie brauchen, um Ihr Unternehmen auf die n\u00e4chste Stufe zu heben.<\/div><\/li><li><span>Marketplaces:<\/span><div class=\"text\">Sind Sie bereit, Ihren eCommerce zu erweitern, aber nicht sicher, ob Marktpl\u00e4tze das Richtige f\u00fcr Sie sind? Wir haben ein Komplettpaket f\u00fcr Sie geschn\u00fcrt, das Ihr Wachstum vorantreibt. Unsere ma\u00dfgeschneiderten Beratungen sorgen f\u00fcr einen nahtlosen und strategischen Marktplatz-Einf\u00fchrungsprozess und begleiten Sie bei jedem Schritt. Mit unserer Expertise wird jeder Aspekt Ihres \u00dcbergangs einfach und effektiv gestaltet.<\/div><\/li><li><span>Internationale Expansion:<\/span><div class=\"text\">Bringen Sie Ihr Unternehmen auf die n\u00e4chste Stufe, indem Sie sich \u00fcber die lokalen M\u00e4rkte hinaus wagen und nach Europa und in die ganze Welt liefern! Mit unserem Know-how und unserer soliden Infrastruktur unterst\u00fctzen wir Ihre globale Expansion in jeder Phase. Von der Bereitstellung grundlegender Informationen und der Ausarbeitung internationaler Verkaufsstrategien bis hin zur nahtlosen Bew\u00e4ltigung von Steuer- und Zollproblemen \u2013 wir sorgen f\u00fcr einen reibungslosen und erfolgreichen Einstieg in einen globalen Markt.<\/div><\/li><\/ul><\/div><\/section>\n\n\n\n<h2 class=\"wp-block-heading has-text-color has-link-color wp-elements-7d31b61f1a93d87f63169e511120b33b\" style=\"color:#5600d8\">Business Cases<\/h2>\n\n\n\n<section class=\"wp-block-pvse-case-storys pvse-case-storys\"><div class=\"grid\"><div class=\"strich_wrap\"><div class=\"line\"><\/div><div class=\"line\"><\/div><div class=\"line\"><\/div><div class=\"line\"><\/div><div class=\"line\"><\/div><div class=\"line\"><\/div><div class=\"line\"><\/div><div class=\"line\"><\/div><div class=\"line\"><\/div><div class=\"line-b\"><\/div><div class=\"line-b\"><\/div><div class=\"line-b\"><\/div><div class=\"line-b\"><\/div><div class=\"line-b\"><\/div><div class=\"line-b\"><\/div><div class=\"line-b\"><\/div><div class=\"line-b\"><\/div><div class=\"line-b\"><\/div><\/div><div class=\"case\"><figure><img decoding=\"async\" src=\"https:\/\/pvs-es.com\/wp-content\/uploads\/2024\/11\/Outletcity-Metzingen.jpg\" alt=\"Innenhof eines Kaufhauses\"\/><\/figure><div class=\"gradient-layer\"><\/div><figure><img decoding=\"async\" src=\"https:\/\/pvs-es.com\/wp-content\/uploads\/2024\/11\/Logo_Zeichenflaeche-1-Kopie-5.png\" class=\"logo\" alt=\"Logo von Outletcity-Metzingen\"\/><\/figure><\/div><div class=\"case\"><figure><img decoding=\"async\" src=\"https:\/\/pvs-es.com\/wp-content\/uploads\/2024\/11\/Lamy.jpg\" alt=\"Messestand der Firma Lamy\"\/><\/figure><div class=\"gradient-layer\"><\/div><figure><img decoding=\"async\" src=\"https:\/\/pvs-es.com\/wp-content\/uploads\/2024\/11\/Logo_Zeichenflaeche-1-Kopie-7.png\" class=\"logo\" alt=\"Logo der Firma Lamy\"\/><\/figure><\/div><\/div><\/section>\n\n\n\n<div style=\"height:80px\" aria-hidden=\"true\" class=\"wp-block-spacer\"><\/div>\n\n\n\n<section class=\"wp-block-pvse-process-block process\"><div class=\"wrap\"><h2 class=\"heading\"><strong>Wie fange ich an?<\/strong><\/h2><div class=\"flexalign\"><div class=\"step\"><div class=\"icon\"><img decoding=\"async\" src=\"http:\/\/www.pvs-es.com\/wp-content\/uploads\/2024\/10\/Analyze.png\" alt=\"decorative illustration of the step\"\/><\/div><div class=\"text\"><strong>Ich bin neu im eCommerce und habe so viele M\u00f6glichkeiten, was brauche ich f\u00fcr den Anfang?<\/strong><br>Die M\u00f6glichkeiten sind grenzenlos und wir k\u00f6nnen alle Ihre Bed\u00fcrfnisse erf\u00fcllen. Wenn Sie eine praktische Anleitung ben\u00f6tigen, rufen Sie uns einfach an oder schicken Sie uns eine E-Mail. Wir helfen Ihnen bei der Analyse Ihrer Anforderungen und stellen Ihnen ein individuelles eCommerce-Beratungspaket zusammen, das nur die Optionen enth\u00e4lt, die Sie WIRKLICH brauchen.<\/div><\/div><div class=\"step\"><div class=\"icon\"><img decoding=\"async\" src=\"http:\/\/www.pvs-es.com\/wp-content\/uploads\/2024\/10\/Reporting.png\" alt=\"decorative illustration of the step\"\/><\/div><div class=\"text\"><strong>Ist Consulting wirklich notwendig? Unsere spezielle Vertriebswebsite l\u00e4uft bereits gut.<\/strong><br>Herzlichen Gl\u00fcckwunsch, dass Sie den ersten Schritt getan haben! Es gibt jedoch noch viel zu entdecken, um sicherzustellen, dass Ihr Ansatz auf einer zuverl\u00e4ssigen Strategie aufbaut. Dazu geh\u00f6rt eine fachkundige Beratung zu Verbesserungen, zur Bedarfsermittlung und zur effektiven Umsetzung. Wir helfen Ihnen, die Betriebskosten im eCommerce zu senken, Plattformen nahtlos zu integrieren und ein nachhaltiges, erfolgreiches eCommerce-Gesch\u00e4ft aufzubauen.<\/div><\/div><div class=\"step\"><div class=\"icon\"><img decoding=\"async\" src=\"http:\/\/www.pvs-es.com\/wp-content\/uploads\/2024\/10\/Prozessoptimierung.png\" alt=\"decorative illustration of the step\"\/><\/div><div class=\"text\"><strong>Wie kann ich sicher sein, dass Ihre Unterst\u00fctzung wirklich effektiv ist?<\/strong><br>Werfen Sie einfach einen Blick auf unsere Erfolgsgeschichten &#8211; wir w\u00fcrden uns \u00fcber Ihr Feedback freuen! Noch unsicher? Nehmen Sie Kontakt mit uns auf, um weitere Informationen zu erhalten.<\/div><\/div><\/div><\/div><\/section>\n\n\n\n<h2 class=\"wp-block-heading has-text-color has-link-color wp-elements-522e4deae5e65911a31ac987ce533a19\" style=\"color:#5600d8\">Lassen Sie uns in Kontakt bleiben<\/h2>\n\n\n\n<div class=\"wp-block-columns l-a-r is-layout-flex wp-container-core-columns-is-layout-9d6595d7 wp-block-columns-is-layout-flex\">\n<div class=\"wp-block-column is-layout-flow wp-block-column-is-layout-flow\" style=\"flex-basis:66.66%\">\n<script type=\"text\/javascript\" src=\"\/\/m.pvs-rs.com\/form\/generate.js?id=26\"><\/script>\n<\/div>\n\n\n\n<div class=\"wp-block-column is-layout-flow wp-block-column-is-layout-flow\" style=\"flex-basis:33.33%\">\n<figure class=\"wp-block-image size-full\"><img loading=\"lazy\" decoding=\"async\" width=\"800\" height=\"1000\" src=\"http:\/\/www.pvs-es.com\/wp-content\/uploads\/2025\/01\/Luigi-D\u00b4Olivio-2.jpg\" alt=\"Ein junger Mann st\u00fctzt sich auf seinen linken Arm, richtet die Schulter zur Kamera und l\u00e4chelt in die Kamera.\" class=\"wp-image-2099\" srcset=\"https:\/\/pvs-es.com\/wp-content\/uploads\/2025\/01\/Luigi-D\u00b4Olivio-2.jpg 800w, https:\/\/pvs-es.com\/wp-content\/uploads\/2025\/01\/Luigi-D\u00b4Olivio-2-240x300.jpg 240w, https:\/\/pvs-es.com\/wp-content\/uploads\/2025\/01\/Luigi-D\u00b4Olivio-2-768x960.jpg 768w\" sizes=\"auto, (max-width: 800px) 100vw, 800px\" \/><\/figure>\n<\/div>\n<\/div>\n\n\n\n<section class=\"wp-block-pvse-more-block pvse-more-block\"><div class=\"wrap\"><h2 class=\"heading\" style=\"color:#5600d8\">Das k\u00f6nnte Sie auch interessieren &#8230;<\/h2><div class=\"more-blocks\"><a class=\"block\" href=\"\/index.php\/logistics\/\/?lang=de\"><div class=\"desc\">Logistics<\/div><\/a><a class=\"block\" href=\"\/index.php\/customer-care\/\/?lang=de\"><div class=\"desc\">Customer Care<\/div><\/a><a class=\"block\" href=\"\/index.php\/marketplaces\/\/?lang=de\"><div class=\"desc\">Marketplaces<\/div><\/a><\/div><\/div><\/section>\n","protected":false},"excerpt":{"rendered":"<p>Wir kennen die g\u00e4ngigen Missverst\u00e4ndnisse: \u201eIndividuelles eCommerce- Consulting ist teuer, standardisiert und bietet keine branchenspezifischen Einblicke.\u201c Wir sind hier, um das zu \u00e4ndern.Unser Ansatz bietet ma\u00dfgeschneiderte eCommerce-Beratung und Strategien, die speziell auf Ihre Bed\u00fcrfnisse zugeschnitten sind, um sinnvolle Fortschritte und die Einhaltung aller Versprechen zu gew\u00e4hrleisten. Mit einem Expertenteam, das Ihre Fragen beantwortet, f\u00fchren wir [&hellip;]<\/p>\n","protected":false},"author":6,"featured_media":0,"parent":0,"menu_order":0,"comment_status":"closed","ping_status":"closed","template":"","meta":{"footnotes":""},"class_list":["post-2324","page","type-page","status-publish","hentry"],"jetpack_sharing_enabled":true,"_links":{"self":[{"href":"https:\/\/pvs-es.com\/index.php\/wp-json\/wp\/v2\/pages\/2324","targetHints":{"allow":["GET"]}}],"collection":[{"href":"https:\/\/pvs-es.com\/index.php\/wp-json\/wp\/v2\/pages"}],"about":[{"href":"https:\/\/pvs-es.com\/index.php\/wp-json\/wp\/v2\/types\/page"}],"author":[{"embeddable":true,"href":"https:\/\/pvs-es.com\/index.php\/wp-json\/wp\/v2\/users\/6"}],"replies":[{"embeddable":true,"href":"https:\/\/pvs-es.com\/index.php\/wp-json\/wp\/v2\/comments?post=2324"}],"version-history":[{"count":8,"href":"https:\/\/pvs-es.com\/index.php\/wp-json\/wp\/v2\/pages\/2324\/revisions"}],"predecessor-version":[{"id":3380,"href":"https:\/\/pvs-es.com\/index.php\/wp-json\/wp\/v2\/pages\/2324\/revisions\/3380"}],"wp:attachment":[{"href":"https:\/\/pvs-es.com\/index.php\/wp-json\/wp\/v2\/media?parent=2324"}],"curies":[{"name":"wp","href":"https:\/\/api.w.org\/{rel}","templated":true}]}}