{"id":2323,"date":"2024-10-30T11:27:42","date_gmt":"2024-10-30T10:27:42","guid":{"rendered":"https:\/\/pvs-es.com\/index.php\/consulting\/"},"modified":"2025-07-09T09:59:51","modified_gmt":"2025-07-09T07:59:51","slug":"consulting","status":"publish","type":"page","link":"https:\/\/pvs-es.com\/index.php\/consulting\/?lang=fr","title":{"rendered":"Consulting"},"content":{"rendered":"\n<div class=\"wp-block-pvse-title-detail-parallax wrapper-parallax\"><layer class=\"bg\"><img decoding=\"async\" src=\"https:\/\/pvs-es.com\/wp-content\/uploads\/2024\/12\/4-BG-3.jpg\" alt=\"background for parallax effect\"\/><\/layer><layer class=\"ly-3\"><img decoding=\"async\" src=\"https:\/\/pvs-es.com\/wp-content\/uploads\/2024\/12\/3-BG-3.webp\" alt=\"third layer of graphical parallax effect\"\/><\/layer><layer class=\"ly-2\"><img decoding=\"async\" src=\"https:\/\/pvs-es.com\/wp-content\/uploads\/2024\/12\/2-VG-2.webp\" alt=\"second layer of graphical parallax effect\"\/><\/layer><layer class=\"ly-1\"><img decoding=\"async\" src=\"https:\/\/pvs-es.com\/wp-content\/uploads\/2024\/12\/1-VG-3.webp\" alt=\"first layer of graphical parallax effect\"\/><\/layer><div class=\"glasswrap\"><div class=\"schrag\"><\/div><div class=\"schrag\"><\/div><div class=\"schrag\"><\/div><div class=\"hero-detail\"><div class=\"hero-detail-text\"><h2 class=\"has-medium-font-size\">Ensemble, remettons en question les id\u00e9es re\u00e7ues et d\u00e9couvrons ce qui fait vraiment le succ\u00e8s du commerce en ligne.<\/h2><\/div><div class=\"hero-detail-heading\"><div class=\"pointer\"><\/div><div class=\"pointer\"><\/div><div class=\"pointer\"><\/div><h1 style=\"color:#5600d8\" class=\"wp-block-heading\">Votre succ\u00e8s est entre nos mains<\/h1><\/div><\/div><\/div><div class=\"line\"><\/div><div class=\"line\"><\/div><div class=\"line\"><\/div><div class=\"line\"><\/div><div class=\"line\"><\/div><div class=\"line\"><\/div><div class=\"line\"><\/div><div class=\"line\"><\/div><div class=\"line\"><\/div><div class=\"line\"><\/div><div class=\"line\"><\/div><div class=\"line\"><\/div><\/div>\n\n\n\n<div style=\"height:80px\" aria-hidden=\"true\" class=\"wp-block-spacer\"><\/div>\n\n\n\n<p class=\"has-medium-font-size\">Nous comprenons les id\u00e9es fausses les plus r\u00e9pandues : \u00ab <strong>Le conseil personnalis\u00e9 en mati\u00e8re de commerce \u00e9lectronique<\/strong> est co\u00fbteux, standardis\u00e9 et ne tient pas compte des sp\u00e9cificit\u00e9s de l&#8217;industrie. Nous sommes l\u00e0 pour changer cela. Notre approche offre des conseils et des strat\u00e9gies sur mesure, con\u00e7us sp\u00e9cifiquement pour vos besoins, garantissant des progr\u00e8s significatifs et le respect de chaque promesse. Avec une \u00e9quipe d&#8217;experts pr\u00eats \u00e0 <strong>r\u00e9pondre \u00e0 vos questions<\/strong>, nous vous guidons vers <strong>les meilleurs r\u00e9sultats et une croissance durable.<\/strong> Vous ne recevrez que les informations qui comptent vraiment, ce qui vous permettra d&#8217;assurer le succ\u00e8s de votre eCommerce.<\/p>\n\n\n\n<p class=\"has-medium-font-size\"><\/p>\n\n\n\n<section class=\"wp-block-pvse-benefits pvse-benefits\"><div class=\"wrap\"><h2 class=\"heading\" style=\"color:#5600d8\">S\u00e9lectionnez le service de conseil id\u00e9al pour vos besoins :<\/h2><ul><li><span>Soins aux clients :<\/span><div class=\"text\">L\u2019exp\u00e9rience client est un aspect qui doit \u00eatre irr\u00e9prochable. Nous analysons m\u00e9ticuleusement vos processus, d\u00e9couvrons les possibilit\u00e9s d\u2019am\u00e9lioration et vous aidons \u00e0 vous d\u00e9marquer de vos concurrents qui adh\u00e8rent aux normes conventionnelles. Gr\u00e2ce \u00e0 notre expertise, nous vous garantissons une exp\u00e9rience exceptionnelle qui laisse une impression durable.<\/div><\/li><li><span>Approche personnalis\u00e9e de la logistique :<\/span><div class=\"text\">Vous voulez \u00eatre unique et vous d\u00e9marquer de la concurrence ? Il ne suffit pas d\u2019exp\u00e9dier des colis. Gr\u00e2ce \u00e0 notre vaste expertise en mati\u00e8re de gestion de la cha\u00eene d\u2019approvisionnement et d\u2019exp\u00e9dition \u00e0 l\u2019\u00e9chelle mondiale, nous vous apportons un soutien in\u00e9gal\u00e9 pour vos besoins logistiques. Nous comprenons chaque d\u00e9tail du processus et offrons des conseils personnalis\u00e9s sur les services logistiques \u00e0 valeur ajout\u00e9e qui conviennent parfaitement \u00e0 vos produits. De l\u2019optimisation \u00e0 chaque \u00e9tape \u00e0 l\u2019ex\u00e9cution fiable, nous sommes le partenaire de confiance dont vous avez besoin pour \u00e9lever votre entreprise au niveau sup\u00e9rieur.<\/div><\/li><li><span>Places de march\u00e9 :<\/span><div class=\"text\">Vous \u00eates pr\u00eat \u00e0 d\u00e9velopper votre commerce \u00e9lectronique, mais vous ne savez pas si les places de march\u00e9 vous conviennent ? Nous vous proposons une offre compl\u00e8te con\u00e7ue pour stimuler votre croissance. Nos consultations personnalis\u00e9es garantissent un processus d\u2019int\u00e9gration des places de march\u00e9 transparent et strat\u00e9gique, en vous guidant \u00e0 chaque \u00e9tape. Gr\u00e2ce \u00e0 notre expertise, chaque aspect de votre transition est rendu simple et efficace.<\/div><\/li><li><span>Expansion des ventes \u00e0 l\u2019international :<\/span><div class=\"text\">Faites passer votre entreprise au niveau sup\u00e9rieur en vous aventurant au-del\u00e0 des march\u00e9s locaux et en exp\u00e9diant vos produits en Europe et dans le monde entier! Gr\u00e2ce \u00e0 notre expertise et \u00e0 notre solide infrastructure, nous vous accompagnerons dans votre expansion internationale \u00e0 chaque \u00e9tape. Qu\u2019il s\u2019agisse de fournir des informations essentielles, d\u2019\u00e9laborer des strat\u00e9gies de vente internationales ou de g\u00e9rer les probl\u00e8mes fiscaux et douaniers, nous vous aidons \u00e0 passer \u00e0 un march\u00e9 mondial en douceur et avec succ\u00e8s.<\/div><\/li><\/ul><\/div><\/section>\n\n\n\n<h2 class=\"wp-block-heading has-text-color has-link-color wp-elements-a723d495fd2d50cfad670f38ba394363\" style=\"color:#5600d8\"><strong>Cas d&#8217;entreprise<\/strong><\/h2>\n\n\n\n<section class=\"wp-block-pvse-case-storys pvse-case-storys\"><div class=\"grid\"><div class=\"strich_wrap\"><div class=\"line\"><\/div><div class=\"line\"><\/div><div class=\"line\"><\/div><div class=\"line\"><\/div><div class=\"line\"><\/div><div class=\"line\"><\/div><div class=\"line\"><\/div><div class=\"line\"><\/div><div class=\"line\"><\/div><div class=\"line-b\"><\/div><div class=\"line-b\"><\/div><div class=\"line-b\"><\/div><div class=\"line-b\"><\/div><div class=\"line-b\"><\/div><div class=\"line-b\"><\/div><div class=\"line-b\"><\/div><div class=\"line-b\"><\/div><div class=\"line-b\"><\/div><\/div><div class=\"case\"><figure><img decoding=\"async\" src=\"https:\/\/pvs-es.com\/wp-content\/uploads\/2024\/11\/Outletcity-Metzingen.jpg\" alt=\"Cour int\u00e9rieure d\u2019un grand magasin\"\/><\/figure><div class=\"gradient-layer\"><\/div><figure><img decoding=\"async\" src=\"https:\/\/pvs-es.com\/wp-content\/uploads\/2024\/11\/Logo_Zeichenflaeche-1-Kopie-5.png\" class=\"logo\" alt=\"Logo de Outletcity-Metzingen\"\/><\/figure><\/div><div class=\"case\"><figure><img decoding=\"async\" src=\"https:\/\/pvs-es.com\/wp-content\/uploads\/2024\/11\/Lamy.jpg\" alt=\"Stand d\u2019exposition de l\u2019entreprise Lamy\"\/><\/figure><div class=\"gradient-layer\"><\/div><figure><img decoding=\"async\" src=\"https:\/\/pvs-es.com\/wp-content\/uploads\/2024\/11\/Logo_Zeichenflaeche-1-Kopie-7.png\" class=\"logo\" alt=\"Logo de Lamy\"\/><\/figure><\/div><\/div><\/section>\n\n\n\n<div style=\"height:80px\" aria-hidden=\"true\" class=\"wp-block-spacer\"><\/div>\n\n\n\n<section class=\"wp-block-pvse-process-block process\"><div class=\"wrap\"><h2 class=\"heading\">Comment commencer ?<\/h2><div class=\"flexalign\"><div class=\"step\"><div class=\"icon\"><img decoding=\"async\" src=\"http:\/\/www.pvs-es.com\/wp-content\/uploads\/2024\/10\/Analyze.png\" alt=\"decorative illustration of the step\"\/><\/div><div class=\"text\"><strong>Je suis novice en mati\u00e8re de commerce \u00e9lectronique et, compte tenu des nombreuses options disponibles, de quoi ai-je besoin pour commencer ?<\/strong><br>Les possibilit\u00e9s sont illimit\u00e9es et nous pouvons r\u00e9pondre \u00e0 tous vos besoins. Pour obtenir des conseils pratiques, il vous suffit de nous contacter par t\u00e9l\u00e9phone ou par courrier \u00e9lectronique. Nous vous assisterons dans l&#8217;analyse de vos besoins et dans l&#8217;\u00e9laboration de packages personnalis\u00e9s de conseil en eCommerce avec seulement les options dont vous avez VRAIMENT besoin.<\/div><\/div><div class=\"step\"><div class=\"icon\"><img decoding=\"async\" src=\"http:\/\/www.pvs-es.com\/wp-content\/uploads\/2024\/10\/Reporting.png\" alt=\"decorative illustration of the step\"\/><\/div><div class=\"text\"><strong>Le conseil est-il vraiment n\u00e9cessaire ? Notre site web d\u00e9di\u00e9 aux ventes fonctionne d\u00e9j\u00e0 bien.<\/strong><br>Nous vous f\u00e9licitons d&#8217;avoir franchi la premi\u00e8re \u00e9tape ! Cependant, il reste encore beaucoup \u00e0 explorer pour s&#8217;assurer que votre approche repose sur une strat\u00e9gie solide. Cela implique des conseils d&#8217;experts sur les am\u00e9liorations \u00e0 apporter, l&#8217;identification des besoins et une mise en \u0153uvre efficace. Nous sommes l\u00e0 pour vous aider \u00e0 r\u00e9duire les co\u00fbts d&#8217;exploitation du commerce \u00e9lectronique, \u00e0 int\u00e9grer les plateformes de mani\u00e8re transparente et \u00e0 cr\u00e9er une entreprise de commerce \u00e9lectronique durable et prosp\u00e8re.<\/div><\/div><div class=\"step\"><div class=\"icon\"><img decoding=\"async\" src=\"http:\/\/www.pvs-es.com\/wp-content\/uploads\/2024\/10\/Prozessoptimierung.png\" alt=\"decorative illustration of the step\"\/><\/div><div class=\"text\"><strong>Comment puis-je \u00eatre s\u00fbr que vos conseils seront vraiment efficaces ?<\/strong><br>Jetez un coup d&#8217;\u0153il \u00e0 nos exemples de r\u00e9ussite &#8211; nous serions ravis d&#8217;entendre vos commentaires ! Vous n&#8217;\u00eates pas encore s\u00fbr de vous ? Contactez-nous pour plus d&#8217;informations.<\/div><\/div><\/div><\/div><\/section>\n\n\n\n<h2 class=\"wp-block-heading has-text-color has-link-color wp-elements-53187f3b350c24dcb44729f011195668\" style=\"color:#5600d8\">Restons en contact<\/h2>\n\n\n\n<div class=\"wp-block-columns l-a-r is-layout-flex wp-container-core-columns-is-layout-9d6595d7 wp-block-columns-is-layout-flex\">\n<div class=\"wp-block-column is-layout-flow wp-block-column-is-layout-flow\" style=\"flex-basis:66.66%\">\n<script type=\"text\/javascript\" src=\"\/\/m.pvs-rs.com\/form\/generate.js?id=27\"><\/script>\n<\/div>\n\n\n\n<div class=\"wp-block-column is-layout-flow wp-block-column-is-layout-flow\" style=\"flex-basis:33.33%\">\n<figure class=\"wp-block-image size-full\"><img loading=\"lazy\" decoding=\"async\" width=\"800\" height=\"1000\" src=\"http:\/\/www.pvs-es.com\/wp-content\/uploads\/2025\/01\/Luigi-D\u00b4Olivio-2.jpg\" alt=\"Un jeune homme s'appuie sur son bras gauche, l'\u00e9paule tourn\u00e9e vers la cam\u00e9ra, et sourit \u00e0 l'objectif.\" class=\"wp-image-2099\" srcset=\"https:\/\/pvs-es.com\/wp-content\/uploads\/2025\/01\/Luigi-D\u00b4Olivio-2.jpg 800w, https:\/\/pvs-es.com\/wp-content\/uploads\/2025\/01\/Luigi-D\u00b4Olivio-2-240x300.jpg 240w, https:\/\/pvs-es.com\/wp-content\/uploads\/2025\/01\/Luigi-D\u00b4Olivio-2-768x960.jpg 768w\" sizes=\"auto, (max-width: 800px) 100vw, 800px\" \/><\/figure>\n<\/div>\n<\/div>\n\n\n\n<section class=\"wp-block-pvse-more-block pvse-more-block\"><div class=\"wrap\"><h2 class=\"heading\" style=\"color:#5600d8\">Vous pourriez \u00e9galement \u00eatre int\u00e9ress\u00e9 par &#8230;<\/h2><div class=\"more-blocks\"><a class=\"block\" href=\"\/index.php\/logistics\/\/?lang=en\"><div class=\"desc\">Logistics<\/div><\/a><a class=\"block\" href=\"\/index.php\/customer-care\/\/?lang=en\"><div class=\"desc\">Customer Care<\/div><\/a><a class=\"block\" href=\"\/index.php\/marketplaces\/\/?lang=en\"><div class=\"desc\">Marketplaces<\/div><\/a><\/div><\/div><\/section>\n","protected":false},"excerpt":{"rendered":"<p>Nous comprenons les id\u00e9es fausses les plus r\u00e9pandues : \u00ab Le conseil personnalis\u00e9 en mati\u00e8re de commerce \u00e9lectronique est co\u00fbteux, standardis\u00e9 et ne tient pas compte des sp\u00e9cificit\u00e9s de l&#8217;industrie. Nous sommes l\u00e0 pour changer cela. Notre approche offre des conseils et des strat\u00e9gies sur mesure, con\u00e7us sp\u00e9cifiquement pour vos besoins, garantissant des progr\u00e8s significatifs [&hellip;]<\/p>\n","protected":false},"author":6,"featured_media":0,"parent":0,"menu_order":0,"comment_status":"closed","ping_status":"closed","template":"","meta":{"footnotes":""},"class_list":["post-2323","page","type-page","status-publish","hentry"],"jetpack_sharing_enabled":true,"_links":{"self":[{"href":"https:\/\/pvs-es.com\/index.php\/wp-json\/wp\/v2\/pages\/2323","targetHints":{"allow":["GET"]}}],"collection":[{"href":"https:\/\/pvs-es.com\/index.php\/wp-json\/wp\/v2\/pages"}],"about":[{"href":"https:\/\/pvs-es.com\/index.php\/wp-json\/wp\/v2\/types\/page"}],"author":[{"embeddable":true,"href":"https:\/\/pvs-es.com\/index.php\/wp-json\/wp\/v2\/users\/6"}],"replies":[{"embeddable":true,"href":"https:\/\/pvs-es.com\/index.php\/wp-json\/wp\/v2\/comments?post=2323"}],"version-history":[{"count":16,"href":"https:\/\/pvs-es.com\/index.php\/wp-json\/wp\/v2\/pages\/2323\/revisions"}],"predecessor-version":[{"id":3382,"href":"https:\/\/pvs-es.com\/index.php\/wp-json\/wp\/v2\/pages\/2323\/revisions\/3382"}],"wp:attachment":[{"href":"https:\/\/pvs-es.com\/index.php\/wp-json\/wp\/v2\/media?parent=2323"}],"curies":[{"name":"wp","href":"https:\/\/api.w.org\/{rel}","templated":true}]}}