{"id":2299,"date":"2024-10-30T11:13:13","date_gmt":"2024-10-30T10:13:13","guid":{"rendered":"https:\/\/pvs-es.com\/index.php\/marketplaces\/"},"modified":"2025-07-09T09:53:14","modified_gmt":"2025-07-09T07:53:14","slug":"marketplaces","status":"publish","type":"page","link":"https:\/\/pvs-es.com\/index.php\/marketplaces\/?lang=de","title":{"rendered":"Marketplaces"},"content":{"rendered":"\n<div class=\"wp-block-pvse-title-detail-parallax wrapper-parallax\"><layer class=\"bg\"><img decoding=\"async\" src=\"http:\/\/www.pvs-es.com\/wp-content\/uploads\/2024\/10\/Header-9.jpg\" alt=\"background for parallax effect\"\/><\/layer><layer class=\"ly-3\"><img decoding=\"async\" src=\"http:\/\/www.pvs-es.com\/wp-content\/uploads\/2025\/01\/leerebene.png\" alt=\"third layer of graphical parallax effect\"\/><\/layer><layer class=\"ly-2\"><img decoding=\"async\" src=\"http:\/\/www.pvs-es.com\/wp-content\/uploads\/2025\/01\/leerebene.png\" alt=\"second layer of graphical parallax effect\"\/><\/layer><layer class=\"ly-1\"><img decoding=\"async\" src=\"http:\/\/www.pvs-es.com\/wp-content\/uploads\/2025\/01\/leerebene.png\" alt=\"first layer of graphical parallax effect\"\/><\/layer><div class=\"glasswrap\"><div class=\"schrag\"><\/div><div class=\"schrag\"><\/div><div class=\"schrag\"><\/div><div class=\"hero-detail\"><div class=\"hero-detail-text\"><h2 class=\"has-medium-font-size\">Ihre Marke im Rampenlicht: Mit \u00fcber zwanzig Plattformen garantieren wir Ihnen eine bessere Sichtbarkeit und Inspiration!<\/h2><\/div><div class=\"hero-detail-heading\"><div class=\"pointer\"><\/div><div class=\"pointer\"><\/div><div class=\"pointer\"><\/div><h1 style=\"color:#5600d8\" class=\"wp-block-heading\">Ihr eCommerce, in jeder Hinsicht!<\/h1><\/div><\/div><\/div><div class=\"line\"><\/div><div class=\"line\"><\/div><div class=\"line\"><\/div><div class=\"line\"><\/div><div class=\"line\"><\/div><div class=\"line\"><\/div><div class=\"line\"><\/div><div class=\"line\"><\/div><div class=\"line\"><\/div><div class=\"line\"><\/div><div class=\"line\"><\/div><div class=\"line\"><\/div><\/div>\n\n\n\n<div style=\"height:50px\" aria-hidden=\"true\" class=\"wp-block-spacer\"><\/div>\n\n\n\n<h2 class=\"wp-block-heading has-text-color has-link-color wp-elements-bfef46dbc8980779d86091524c23bb7a\" style=\"color:#5600d8\">Ein 360-Grad-Partner<\/h2>\n\n\n\n<p class=\"has-medium-font-size\">Marktpl\u00e4tze sind die digitale B\u00fchne f\u00fcr erfolgreiche Marken: ein Muss im eCommerce. Wir von PVS eServices setzen unser Know-how ein, um ma\u00dfgeschneiderte L\u00f6sungen zu schaffen: vom Marktplatzmanagement \u00fcber die Distribution bis hin zum Fulfillment &#8211; f\u00fcr einen eCommerce, der perfekt auf Ihre Bed\u00fcrfnisse zugeschnitten ist. Marketplaces machen Ihre Marke zu einem Omnichannel-Unternehmen: Marketplaces machen Ihre Marke zu einem Omnichannel-Unternehmen: Sie steigern den Umsatz, das Marketing und die Inhalte, die Trends setzen.<\/p>\n\n\n\n<p class=\"has-medium-font-size\"><\/p>\n\n\n\n<div style=\"height:80px\" aria-hidden=\"true\" class=\"wp-block-spacer\"><\/div>\n\n\n\n<section class=\"wp-block-pvse-benefits pvse-benefits\"><div class=\"wrap\"><h2 class=\"heading\" style=\"color:#5600d8\">Ihr Marktplatz, unsere Erfahrung<\/h2><ul><li><span>Vollst\u00e4ndiger eCommerce-Service<\/span><div class=\"text\">Denken Sie im Gro\u00dfen und wir k\u00fcmmern uns um die Details. Von der Produkteinrichtung \u00fcber die Marktplatzintegration bis hin zum Bestellmanagement \u2013 alles ma\u00dfgeschneidert f\u00fcr einen reibungslosen, effizienten und problemlosen Ablauf.<\/div><\/li><li><span>Consulting: ein Schl\u00fcssel zum Erfolg<\/span><div class=\"text\">Mit unserer Expertise sorgen wir mit individuellen L\u00f6sungen f\u00fcr einen reibungslosen Markteintritt. Wir helfen Ihnen bei der Auswahl der besten Plattformen f\u00fcr Ihr Unternehmen und gehen auf alle Anforderungen ein. Mit \u00fcber 20 Marktpl\u00e4tzen in mehr als 30 L\u00e4ndern steht Ihre Marke immer im Mittelpunkt des Interesses.<\/div><\/li><li><span>Managed Services: maximaler Umsatz, keine Probleme<\/span><div class=\"text\">Wir stimmen Ihre Online-Performance genau ab: Wir l\u00f6sen Probleme mit den Kan\u00e4len, betreuen Kampagnen wie Zalando ZMS, Brand Homes, AboutYou und bieten Schulungen f\u00fcr die Backends der Marktpl\u00e4tze. Mit unserem Know-how ist Ihr Omnichannel eCommerce immer einen Schritt voraus!<\/div><\/li><li><span>Tradebyte Service: Ihr exklusiver Partner<\/span><div class=\"text\">Wir bieten Ihnen eine pers\u00f6nliche und umfassende SaaS-Beratung mit TB. Eine L\u00f6sung, die perfekt auf Ihre Bed\u00fcrfnisse zugeschnitten ist. Ganz gleich, ob Sie strategische Beratung ben\u00f6tigen oder wir Ihr Konto direkt verwalten sollen, wir garantieren Ihnen hervorragende Ergebnisse. Mit uns ist Ihr eCommerce der Zeit immer einen Schritt voraus.<\/div><\/li><\/ul><\/div><\/section>\n\n\n\n<h2 class=\"wp-block-heading has-text-color has-link-color wp-elements-bd2df53c83b23b29e4bc8691767cee43\" style=\"color:#5600d8\">Entdecken Sie die besten Marktpl\u00e4tze<\/h2>\n\n\n\n<section class=\"wp-block-pvse-logo-slider logo-carousel\"><div class=\"scroll-container\"><div class=\"carousel-primary\"><figure class=\"wp-block-image\"><img decoding=\"async\" src=\"https:\/\/pvs-es.com\/wp-content\/uploads\/2024\/11\/1_Zeichenflaeche-1-Kopie-4.png\" alt=\"Logo of About You\"\/><\/figure><figure class=\"wp-block-image\"><img decoding=\"async\" src=\"https:\/\/pvs-es.com\/wp-content\/uploads\/2024\/11\/1_Zeichenflaeche-1-Kopie-2.png\" alt=\"Logo of avocadostore\"\/><\/figure><figure class=\"wp-block-image\"><img decoding=\"async\" src=\"https:\/\/pvs-es.com\/wp-content\/uploads\/2024\/11\/1_Zeichenflaeche-1-Kopie-7.png\" alt=\"Logo of zalando\"\/><\/figure><figure class=\"wp-block-image\"><img decoding=\"async\" src=\"https:\/\/pvs-es.com\/wp-content\/uploads\/2024\/11\/1_Zeichenflaeche-1-Kopie-5.png\" alt=\"Logo of otto\"\/><\/figure><figure class=\"wp-block-image\"><img decoding=\"async\" src=\"https:\/\/pvs-es.com\/wp-content\/uploads\/2024\/11\/1_Zeichenflaeche-1-Kopie-6.png\" alt=\"Logo of breuninger\"\/><\/figure><figure class=\"wp-block-image\"><img decoding=\"async\" src=\"https:\/\/pvs-es.com\/wp-content\/uploads\/2024\/11\/1_Zeichenflaeche-1-Kopie.png\" alt=\"Logo of douglas\"\/><\/figure><figure class=\"wp-block-image\"><img decoding=\"async\" src=\"https:\/\/pvs-es.com\/wp-content\/uploads\/2024\/11\/1_Zeichenflaeche-1-Kopie-8.png\" alt=\"Logo of decathlon\"\/><\/figure><figure class=\"wp-block-image\"><img decoding=\"async\" src=\"https:\/\/pvs-es.com\/wp-content\/uploads\/2024\/11\/1_Zeichenflaeche-1.png\" alt=\"Logo of amazon\"\/><\/figure><figure class=\"wp-block-image\"><img decoding=\"async\" src=\"https:\/\/pvs-es.com\/wp-content\/uploads\/2024\/11\/logo-marketplaces_Zeichenflaeche-1-Kopie-3.png\" alt=\"Logo of OBI\"\/><\/figure><\/div><div class=\"carousel-primary carousel-secondary\"><figure class=\"wp-block-image\"><img decoding=\"async\" src=\"https:\/\/pvs-es.com\/wp-content\/uploads\/2024\/11\/1_Zeichenflaeche-1-Kopie-4.png\" alt=\"Logo of About You\"\/><\/figure><figure class=\"wp-block-image\"><img decoding=\"async\" src=\"https:\/\/pvs-es.com\/wp-content\/uploads\/2024\/11\/1_Zeichenflaeche-1-Kopie-2.png\" alt=\"Logo of avocadostore\"\/><\/figure><figure class=\"wp-block-image\"><img decoding=\"async\" src=\"https:\/\/pvs-es.com\/wp-content\/uploads\/2024\/11\/1_Zeichenflaeche-1-Kopie-7.png\" alt=\"Logo of zalando\"\/><\/figure><figure class=\"wp-block-image\"><img decoding=\"async\" src=\"https:\/\/pvs-es.com\/wp-content\/uploads\/2024\/11\/1_Zeichenflaeche-1-Kopie-5.png\" alt=\"Logo of otto\"\/><\/figure><figure class=\"wp-block-image\"><img decoding=\"async\" src=\"https:\/\/pvs-es.com\/wp-content\/uploads\/2024\/11\/1_Zeichenflaeche-1-Kopie-6.png\" alt=\"Logo of breuninger\"\/><\/figure><figure class=\"wp-block-image\"><img decoding=\"async\" src=\"https:\/\/pvs-es.com\/wp-content\/uploads\/2024\/11\/1_Zeichenflaeche-1-Kopie.png\" alt=\"Logo of douglas\"\/><\/figure><figure class=\"wp-block-image\"><img decoding=\"async\" src=\"https:\/\/pvs-es.com\/wp-content\/uploads\/2024\/11\/1_Zeichenflaeche-1-Kopie-8.png\" alt=\"Logo of decathlon\"\/><\/figure><figure class=\"wp-block-image\"><img decoding=\"async\" src=\"https:\/\/pvs-es.com\/wp-content\/uploads\/2024\/11\/1_Zeichenflaeche-1.png\" alt=\"Logo of amazon\"\/><\/figure><figure class=\"wp-block-image\"><img decoding=\"async\" src=\"https:\/\/pvs-es.com\/wp-content\/uploads\/2024\/11\/logo-marketplaces_Zeichenflaeche-1-Kopie-3.png\" alt=\"Logo of OBI\"\/><\/figure><\/div><\/div><\/section>\n\n\n\n<div style=\"height:100px\" aria-hidden=\"true\" class=\"wp-block-spacer\"><\/div>\n\n\n\n<h2 class=\"wp-block-heading has-text-color has-link-color wp-elements-9980e52155c4bfd64a5e06d46be7a50f\" style=\"color:#5600d8\">Erfolgsgeschichten, die f\u00fcr sich selbst sprechen.<\/h2>\n\n\n\n<section class=\"wp-block-pvse-case-storys pvse-case-storys\"><div class=\"grid\"><div class=\"strich_wrap\"><div class=\"line\"><\/div><div class=\"line\"><\/div><div class=\"line\"><\/div><div class=\"line\"><\/div><div class=\"line\"><\/div><div class=\"line\"><\/div><div class=\"line\"><\/div><div class=\"line\"><\/div><div class=\"line\"><\/div><div class=\"line-b\"><\/div><div class=\"line-b\"><\/div><div class=\"line-b\"><\/div><div class=\"line-b\"><\/div><div class=\"line-b\"><\/div><div class=\"line-b\"><\/div><div class=\"line-b\"><\/div><div class=\"line-b\"><\/div><div class=\"line-b\"><\/div><\/div><div class=\"case\"><figure><img decoding=\"async\" src=\"https:\/\/pvs-es.com\/wp-content\/uploads\/2024\/11\/Odlo.jpg\" alt=\"Skifahrer laufen in Schneemontur\"\/><\/figure><div class=\"gradient-layer\"><\/div><figure><img decoding=\"async\" src=\"https:\/\/pvs-es.com\/wp-content\/uploads\/2024\/11\/Logo_Zeichenflaeche-1-Kopie-2.png\" class=\"logo\" alt=\"Logo von Odlo\"\/><\/figure><\/div><div class=\"case\"><figure><img decoding=\"async\" src=\"https:\/\/pvs-es.com\/wp-content\/uploads\/2024\/11\/Lamy.jpg\" alt=\"Messestand der Firma Lamy\"\/><\/figure><div class=\"gradient-layer\"><\/div><figure><img decoding=\"async\" src=\"https:\/\/pvs-es.com\/wp-content\/uploads\/2024\/11\/Logo_Zeichenflaeche-1-Kopie-7.png\" class=\"logo\" alt=\"Logo der Firma Lamy\"\/><\/figure><\/div><div class=\"case\"><figure><img decoding=\"async\" src=\"https:\/\/pvs-es.com\/wp-content\/uploads\/2024\/11\/Niche-Beauty.jpg\" alt=\"Kosmetikprodukte mit Reisetasche in einem Flugzeug drapiert\"\/><\/figure><div class=\"gradient-layer\"><\/div><figure><img decoding=\"async\" src=\"https:\/\/pvs-es.com\/wp-content\/uploads\/2024\/11\/Logo_Zeichenflaeche-1-Kopie.png\" class=\"logo\" alt=\"Logo von Niche Beauty\"\/><\/figure><\/div><div class=\"case\"><figure><img decoding=\"async\" src=\"https:\/\/pvs-es.com\/wp-content\/uploads\/2024\/11\/Zwiesel-Glas.jpg\" alt=\"Ein gef\u00fclltes Weinglas auf einem gedeckten Tisch\"\/><\/figure><div class=\"gradient-layer\"><\/div><figure><img decoding=\"async\" src=\"https:\/\/pvs-es.com\/wp-content\/uploads\/2024\/11\/Logo_Zeichenflaeche-1.png\" class=\"logo\" alt=\"Logo von Zwiesel-Glas\"\/><\/figure><\/div><\/div><\/section>\n\n\n\n<section class=\"wp-block-pvse-process-block process\"><div class=\"wrap\"><h2 class=\"heading\"><strong>Die treibende Kraft hinter Ihrem Erfolg<\/strong><\/h2><div class=\"flexalign\"><div class=\"step\"><div class=\"icon\"><img decoding=\"async\" src=\"http:\/\/www.pvs-es.com\/wp-content\/uploads\/2024\/10\/Analyze.png\" alt=\"decorative illustration of the step\"\/><\/div><div class=\"text\"><strong>Der Einstieg in Marketplaces kann einfach und sorgenfrei sein.<\/strong><br>Schicken Sie uns Ihre Produkte und wir k\u00fcmmern uns um alles andere: von der Lagerung \u00fcber die Auftragsverwaltung bis hin zum Retourenmanagement. Kein Stress, maximale Ergebnisse. Sind Sie bereit, Ihre Marke zu st\u00e4rken?<\/div><\/div><div class=\"step\"><div class=\"icon\"><img decoding=\"async\" src=\"http:\/\/www.pvs-es.com\/wp-content\/uploads\/2024\/10\/Reporting.png\" alt=\"decorative illustration of the step\"\/><\/div><div class=\"text\"><strong>Sie sind sich nicht sicher, ob Marketplaces das Richtige f\u00fcr Sie sind? Kein Grund zur Sorge!<\/strong><br>Setzen Sie sich mit uns in Verbindung und wir werden gemeinsam herausfinden, ob Marktpl\u00e4tze das Richtige f\u00fcr Ihre Marke sind oder ob die Konzentration auf Ihre Website der strategischere Ansatz ist. Wir versuchen nicht, Sie zu einer bestimmten L\u00f6sung zu \u00fcberreden, sondern lassen uns von den Zahlen leiten. Deshalb bieten wir Ihnen einen detaillierten w\u00f6chentlichen Marktplatz-KPI- Report, mit aktuellen Daten und Prognosen, die Sie immer zur Hand haben. Transparenz, Pr\u00e4zision und Ergebnisse &#8211; das ist unser Erfolgsrezept.<\/div><\/div><div class=\"step\"><div class=\"icon\"><img decoding=\"async\" src=\"http:\/\/www.pvs-es.com\/wp-content\/uploads\/2024\/10\/Prozessoptimierung.png\" alt=\"decorative illustration of the step\"\/><\/div><div class=\"text\"><strong><strong>Machen Sie sich Gedanken \u00fcber die Kosten? Erscheint Ihnen das Outsourcing von Marketplace Management zu teuer?<\/strong><\/strong><br>Denken Sie anders! Mit unserem allumfassenden Netzwerk, das \u00fcber 30 L\u00e4nder umfasst und internationale Marktpl\u00e4tze unterst\u00fctzt, zahlen Sie nur eine einmalige Einrichtungsgeb\u00fchr. Es gibt keine versteckten Kosten pro Kanal und wir helfen Ihnen, die Betriebskosten im eCommerce zu senken. Das Ergebnis? Sofortiger Zugang zu einem gut etablierten Marktplatz, eine personalisierte Online-Verkaufsstrategie und kontinuierliche globale M\u00f6glichkeiten. Onboarding, Optimierung und regelm\u00e4\u00dfige Follow-ups sind inbegriffen. Einfachheit, ma\u00dfgeschneidert, um Ihren Erfolg zu sichern.<\/div><\/div><div class=\"step\"><div class=\"icon\"><img decoding=\"async\" src=\"http:\/\/www.pvs-es.com\/wp-content\/uploads\/2024\/10\/Umsetzung.png\" alt=\"decorative illustration of the step\"\/><\/div><div class=\"text\"><strong>Looking for an <strong>Suchen Sie Beispiele f\u00fcr eine erfolgreiche eCommerce-Partnerschaft?<\/strong><\/strong><br>Hier sind unsere Zahlen!<br>+58 % mehr Besucher auf der Produktseite: Steigerung der Sichtbarkeit Ihrer Marke<br>+84% verkaufsf\u00e4hige Produkte: Eine Produktpalette, die \u00fcberzeugt<br>-79 % weniger Fehler im Datenverkehr: Effizienz auf h\u00f6chstem Niveau<br>Und bemerkenswerte +100% globale Verk\u00e4ufe in nur 2 Wochen, wie das Beispiel des OTTO-Marktplatzes zeigt. Wenn Strategie und Innovation zusammenkommen, ist der Erfolg vorprogrammiert.<\/div><\/div><\/div><\/div><\/section>\n\n\n\n<div style=\"height:20px\" aria-hidden=\"true\" class=\"wp-block-spacer\"><\/div>\n\n\n\n<h2 class=\"wp-block-heading has-text-color has-link-color wp-elements-522e4deae5e65911a31ac987ce533a19\" style=\"color:#5600d8\">Lassen Sie uns in Kontakt bleiben<\/h2>\n\n\n\n<div class=\"wp-block-columns l-a-r is-layout-flex wp-container-core-columns-is-layout-9d6595d7 wp-block-columns-is-layout-flex\">\n<div class=\"wp-block-column is-layout-flow wp-block-column-is-layout-flow\" style=\"flex-basis:66.66%\">\n<script type=\"text\/javascript\" src=\"\/\/m.pvs-rs.com\/form\/generate.js?id=26\"><\/script>\n<\/div>\n\n\n\n<div class=\"wp-block-column is-layout-flow wp-block-column-is-layout-flow\" style=\"flex-basis:33.33%\">\n<figure class=\"wp-block-image size-full\"><img loading=\"lazy\" decoding=\"async\" width=\"800\" height=\"1000\" src=\"http:\/\/www.pvs-es.com\/wp-content\/uploads\/2025\/01\/Luigi-D\u00b4Olivio-2.jpg\" alt=\"Ein junger Mann st\u00fctzt sich auf seinen linken Arm, richtet die Schulter zur Kamera und l\u00e4chelt in die Kamera.\" class=\"wp-image-2099\" srcset=\"https:\/\/pvs-es.com\/wp-content\/uploads\/2025\/01\/Luigi-D\u00b4Olivio-2.jpg 800w, https:\/\/pvs-es.com\/wp-content\/uploads\/2025\/01\/Luigi-D\u00b4Olivio-2-240x300.jpg 240w, https:\/\/pvs-es.com\/wp-content\/uploads\/2025\/01\/Luigi-D\u00b4Olivio-2-768x960.jpg 768w\" sizes=\"auto, (max-width: 800px) 100vw, 800px\" \/><\/figure>\n<\/div>\n<\/div>\n\n\n\n<section class=\"wp-block-pvse-more-block pvse-more-block\"><div class=\"wrap\"><h2 class=\"heading\" style=\"color:#5600d8\">Das k\u00f6nnte Sie auch interessieren &#8230;<\/h2><div class=\"more-blocks\"><a class=\"block\" href=\"\/index.php\/logistics\/\/?lang=de\"><div class=\"desc\">Logistics<\/div><\/a><a class=\"block\" href=\"\/index.php\/customer-care\/\/?lang=de\"><div class=\"desc\">Customer Care<\/div><\/a><a class=\"block\" href=\"\/index.php\/merchant-of-records\/\/?lang=de\"><div class=\"desc\">MoR<\/div><\/a><\/div><\/div><\/section>\n","protected":false},"excerpt":{"rendered":"<p>Ein 360-Grad-Partner Marktpl\u00e4tze sind die digitale B\u00fchne f\u00fcr erfolgreiche Marken: ein Muss im eCommerce. Wir von PVS eServices setzen unser Know-how ein, um ma\u00dfgeschneiderte L\u00f6sungen zu schaffen: vom Marktplatzmanagement \u00fcber die Distribution bis hin zum Fulfillment &#8211; f\u00fcr einen eCommerce, der perfekt auf Ihre Bed\u00fcrfnisse zugeschnitten ist. Marketplaces machen Ihre Marke zu einem Omnichannel-Unternehmen: Marketplaces [&hellip;]<\/p>\n","protected":false},"author":6,"featured_media":0,"parent":0,"menu_order":0,"comment_status":"closed","ping_status":"closed","template":"","meta":{"footnotes":""},"class_list":["post-2299","page","type-page","status-publish","hentry"],"jetpack_sharing_enabled":true,"_links":{"self":[{"href":"https:\/\/pvs-es.com\/index.php\/wp-json\/wp\/v2\/pages\/2299","targetHints":{"allow":["GET"]}}],"collection":[{"href":"https:\/\/pvs-es.com\/index.php\/wp-json\/wp\/v2\/pages"}],"about":[{"href":"https:\/\/pvs-es.com\/index.php\/wp-json\/wp\/v2\/types\/page"}],"author":[{"embeddable":true,"href":"https:\/\/pvs-es.com\/index.php\/wp-json\/wp\/v2\/users\/6"}],"replies":[{"embeddable":true,"href":"https:\/\/pvs-es.com\/index.php\/wp-json\/wp\/v2\/comments?post=2299"}],"version-history":[{"count":9,"href":"https:\/\/pvs-es.com\/index.php\/wp-json\/wp\/v2\/pages\/2299\/revisions"}],"predecessor-version":[{"id":3379,"href":"https:\/\/pvs-es.com\/index.php\/wp-json\/wp\/v2\/pages\/2299\/revisions\/3379"}],"wp:attachment":[{"href":"https:\/\/pvs-es.com\/index.php\/wp-json\/wp\/v2\/media?parent=2299"}],"curies":[{"name":"wp","href":"https:\/\/api.w.org\/{rel}","templated":true}]}}