{"id":2297,"date":"2024-10-30T11:13:13","date_gmt":"2024-10-30T10:13:13","guid":{"rendered":"https:\/\/pvs-es.com\/index.php\/marketplaces\/"},"modified":"2025-07-09T09:50:22","modified_gmt":"2025-07-09T07:50:22","slug":"marketplaces","status":"publish","type":"page","link":"https:\/\/pvs-es.com\/index.php\/marketplaces\/?lang=fr","title":{"rendered":"Marketplaces"},"content":{"rendered":"\n<div class=\"wp-block-pvse-title-detail-parallax wrapper-parallax\"><layer class=\"bg\"><img decoding=\"async\" src=\"http:\/\/www.pvs-es.com\/wp-content\/uploads\/2024\/10\/Header-9.jpg\" alt=\"background for parallax effect\"\/><\/layer><layer class=\"ly-3\"><img decoding=\"async\" src=\"http:\/\/www.pvs-es.com\/wp-content\/uploads\/2025\/01\/leerebene.png\" alt=\"third layer of graphical parallax effect\"\/><\/layer><layer class=\"ly-2\"><img decoding=\"async\" src=\"http:\/\/www.pvs-es.com\/wp-content\/uploads\/2025\/01\/leerebene.png\" alt=\"second layer of graphical parallax effect\"\/><\/layer><layer class=\"ly-1\"><img decoding=\"async\" src=\"http:\/\/www.pvs-es.com\/wp-content\/uploads\/2025\/01\/leerebene.png\" alt=\"first layer of graphical parallax effect\"\/><\/layer><div class=\"glasswrap\"><div class=\"schrag\"><\/div><div class=\"schrag\"><\/div><div class=\"schrag\"><\/div><div class=\"hero-detail\"><div class=\"hero-detail-text\"><h2 class=\"has-medium-font-size\">Votre marque est au centre des pr\u00e9occupations : avec plus de vingt plateformes, nous vous garantissons une visibilit\u00e9 et une inspiration renforc\u00e9es !<\/h2><\/div><div class=\"hero-detail-heading\"><div class=\"pointer\"><\/div><div class=\"pointer\"><\/div><div class=\"pointer\"><\/div><h1 style=\"color:#5600d8\" class=\"wp-block-heading\">Votre eCommerce, \u00e0 chaque instant !<\/h1><\/div><\/div><\/div><div class=\"line\"><\/div><div class=\"line\"><\/div><div class=\"line\"><\/div><div class=\"line\"><\/div><div class=\"line\"><\/div><div class=\"line\"><\/div><div class=\"line\"><\/div><div class=\"line\"><\/div><div class=\"line\"><\/div><div class=\"line\"><\/div><div class=\"line\"><\/div><div class=\"line\"><\/div><\/div>\n\n\n\n<div style=\"height:50px\" aria-hidden=\"true\" class=\"wp-block-spacer\"><\/div>\n\n\n\n<h2 class=\"wp-block-heading has-text-color has-link-color wp-elements-a08b0414a3084ed41d78304eabd1a9d2\" style=\"color:#5600d8\">Un partenaire \u00e0 360 degr\u00e9s<\/h2>\n\n\n\n<p class=\"has-medium-font-size\">Les places de march\u00e9 sont la piste num\u00e9rique des marques \u00e0 succ\u00e8s : un \u00e9l\u00e9ment essentiel du commerce \u00e9lectronique. Les places de march\u00e9 jouent un r\u00f4le crucial dans la r\u00e9ussite des marques num\u00e9riques dans le commerce \u00e9lectronique.Chez PVS eServices, nous exploitons notre savoir-faire pour concevoir des solutions personnalis\u00e9es. De la gestion des places de march\u00e9 \u00e0 la distribution et \u00e0 la mise en \u0153uvre. Nous fournissons un e-commerce qui r\u00e9pond parfaitement \u00e0 tous vos besoins. Gr\u00e2ce aux places de march\u00e9, votre marque peut devenir omnicanal : elles stimulent les ventes, le marketing et le contenu, ce qui augmente les performances et d\u00e9finit les tendances.<\/p>\n\n\n\n<p class=\"has-medium-font-size\"><\/p>\n\n\n\n<p class=\"has-medium-font-size\"><\/p>\n\n\n\n<div style=\"height:80px\" aria-hidden=\"true\" class=\"wp-block-spacer\"><\/div>\n\n\n\n<section class=\"wp-block-pvse-benefits pvse-benefits\"><div class=\"wrap\"><h2 class=\"heading\" style=\"color:#5600d8\">Votre place de march\u00e9, notre touche<\/h2><ul><li><span>Service complet pour le commerce en ligne :<\/span><div class=\"text\">Prenez de la hauteur et nous nous occupons des d\u00e9tails. L\u2019exp\u00e9rience est fluide, efficace et sans tracas gr\u00e2ce \u00e0 tout ce qui est fait pour la configuration des produits, la gestion des commandes et l\u2019int\u00e9gration \u00e0 la place de march\u00e9. Le conseil : la cl\u00e9 du succ\u00e8s.<\/div><\/li><li><span>Le conseil : une cl\u00e9 du succ\u00e8s<\/span><div class=\"text\">Gr\u00e2ce \u00e0 notre expertise, nous facilitons votre entr\u00e9e sur le march\u00e9 avec des solutions sur mesure. Nous vous aidons \u00e0 s\u00e9lectionner les meilleures plateformes pour votre entreprise, en r\u00e9pondant \u00e0 toutes vos exigences. Avec plus de 20 places de march\u00e9 dans plus de 30 pays, votre marque sera toujours sous les feux de la rampe.<\/div><\/li><li><span>Infog\u00e9rance: un maximum de ventes, z\u00e9ro tracas<\/span><div class=\"text\">Nous affinons vos performances en ligne avec pr\u00e9cision : nous r\u00e9solvons les probl\u00e8mes li\u00e9s aux canaux, nous g\u00e9rons les campagnes telles que Zalando ZMS, Brand Homes, AboutYou et nous fournissons une formation sur les backends des places de march\u00e9. Gr\u00e2ce \u00e0 notre expertise, votre eCommerce omnicanal restera toujours en t\u00eate !<\/div><\/li><li><span>Service-Tradebyte : votre partenaire exclusif<\/span><div class=\"text\">Nous vous offrons un conseil SaaS personnalis\u00e9 et complet avec TB. Une solution unique, parfaitement adapt\u00e9e \u00e0 vos besoins. Que vous ayez besoin de conseils strat\u00e9giques ou que vous souhaitiez que nous g\u00e9rions directement votre compte, nous vous garantissons des r\u00e9sultats exceptionnels. Avec nous, votre eCommerce garde toujours une longueur d\u2019avance.<\/div><\/li><\/ul><\/div><\/section>\n\n\n\n<h2 class=\"wp-block-heading has-text-color has-link-color wp-elements-05eb3f6fc9506f04562bd809e698d7ac\" style=\"color:#5600d8\">D\u00e9couvrez les meilleures places <br>de march\u00e9<\/h2>\n\n\n\n<section class=\"wp-block-pvse-logo-slider logo-carousel\"><div class=\"scroll-container\"><div class=\"carousel-primary\"><figure class=\"wp-block-image\"><img decoding=\"async\" src=\"https:\/\/pvs-es.com\/wp-content\/uploads\/2024\/11\/1_Zeichenflaeche-1-Kopie-4.png\" alt=\"Logo of About You\"\/><\/figure><figure class=\"wp-block-image\"><img decoding=\"async\" src=\"https:\/\/pvs-es.com\/wp-content\/uploads\/2024\/11\/1_Zeichenflaeche-1-Kopie-2.png\" alt=\"Logo of avocadostore\"\/><\/figure><figure class=\"wp-block-image\"><img decoding=\"async\" src=\"https:\/\/pvs-es.com\/wp-content\/uploads\/2024\/11\/1_Zeichenflaeche-1-Kopie-7.png\" alt=\"Logo of zalando\"\/><\/figure><figure class=\"wp-block-image\"><img decoding=\"async\" src=\"https:\/\/pvs-es.com\/wp-content\/uploads\/2024\/11\/1_Zeichenflaeche-1-Kopie-5.png\" alt=\"Logo of otto\"\/><\/figure><figure class=\"wp-block-image\"><img decoding=\"async\" src=\"https:\/\/pvs-es.com\/wp-content\/uploads\/2024\/11\/1_Zeichenflaeche-1-Kopie-6.png\" alt=\"Logo of breuninger\"\/><\/figure><figure class=\"wp-block-image\"><img decoding=\"async\" src=\"https:\/\/pvs-es.com\/wp-content\/uploads\/2024\/11\/1_Zeichenflaeche-1-Kopie.png\" alt=\"Logo of douglas\"\/><\/figure><figure class=\"wp-block-image\"><img decoding=\"async\" src=\"https:\/\/pvs-es.com\/wp-content\/uploads\/2024\/11\/1_Zeichenflaeche-1-Kopie-8.png\" alt=\"Logo of decathlon\"\/><\/figure><figure class=\"wp-block-image\"><img decoding=\"async\" src=\"https:\/\/pvs-es.com\/wp-content\/uploads\/2024\/11\/1_Zeichenflaeche-1.png\" alt=\"Logo of amazon\"\/><\/figure><figure class=\"wp-block-image\"><img decoding=\"async\" src=\"https:\/\/pvs-es.com\/wp-content\/uploads\/2024\/11\/logo-marketplaces_Zeichenflaeche-1-Kopie-3.png\" alt=\"Logo of OBI\"\/><\/figure><\/div><div class=\"carousel-primary carousel-secondary\"><figure class=\"wp-block-image\"><img decoding=\"async\" src=\"https:\/\/pvs-es.com\/wp-content\/uploads\/2024\/11\/1_Zeichenflaeche-1-Kopie-4.png\" alt=\"Logo of About You\"\/><\/figure><figure class=\"wp-block-image\"><img decoding=\"async\" src=\"https:\/\/pvs-es.com\/wp-content\/uploads\/2024\/11\/1_Zeichenflaeche-1-Kopie-2.png\" alt=\"Logo of avocadostore\"\/><\/figure><figure class=\"wp-block-image\"><img decoding=\"async\" src=\"https:\/\/pvs-es.com\/wp-content\/uploads\/2024\/11\/1_Zeichenflaeche-1-Kopie-7.png\" alt=\"Logo of zalando\"\/><\/figure><figure class=\"wp-block-image\"><img decoding=\"async\" src=\"https:\/\/pvs-es.com\/wp-content\/uploads\/2024\/11\/1_Zeichenflaeche-1-Kopie-5.png\" alt=\"Logo of otto\"\/><\/figure><figure class=\"wp-block-image\"><img decoding=\"async\" src=\"https:\/\/pvs-es.com\/wp-content\/uploads\/2024\/11\/1_Zeichenflaeche-1-Kopie-6.png\" alt=\"Logo of breuninger\"\/><\/figure><figure class=\"wp-block-image\"><img decoding=\"async\" src=\"https:\/\/pvs-es.com\/wp-content\/uploads\/2024\/11\/1_Zeichenflaeche-1-Kopie.png\" alt=\"Logo of douglas\"\/><\/figure><figure class=\"wp-block-image\"><img decoding=\"async\" src=\"https:\/\/pvs-es.com\/wp-content\/uploads\/2024\/11\/1_Zeichenflaeche-1-Kopie-8.png\" alt=\"Logo of decathlon\"\/><\/figure><figure class=\"wp-block-image\"><img decoding=\"async\" src=\"https:\/\/pvs-es.com\/wp-content\/uploads\/2024\/11\/1_Zeichenflaeche-1.png\" alt=\"Logo of amazon\"\/><\/figure><figure class=\"wp-block-image\"><img decoding=\"async\" src=\"https:\/\/pvs-es.com\/wp-content\/uploads\/2024\/11\/logo-marketplaces_Zeichenflaeche-1-Kopie-3.png\" alt=\"Logo of OBI\"\/><\/figure><\/div><\/div><\/section>\n\n\n\n<div style=\"height:100px\" aria-hidden=\"true\" class=\"wp-block-spacer\"><\/div>\n\n\n\n<h2 class=\"wp-block-heading has-text-color has-link-color wp-elements-0499ddf0fd685245eccc66f24bf70381\" style=\"color:#5600d8\">Des exemples de r\u00e9ussite qui parlent d&#8217;eux-m\u00eames.<\/h2>\n\n\n\n<section class=\"wp-block-pvse-case-storys pvse-case-storys\"><div class=\"grid\"><div class=\"strich_wrap\"><div class=\"line\"><\/div><div class=\"line\"><\/div><div class=\"line\"><\/div><div class=\"line\"><\/div><div class=\"line\"><\/div><div class=\"line\"><\/div><div class=\"line\"><\/div><div class=\"line\"><\/div><div class=\"line\"><\/div><div class=\"line-b\"><\/div><div class=\"line-b\"><\/div><div class=\"line-b\"><\/div><div class=\"line-b\"><\/div><div class=\"line-b\"><\/div><div class=\"line-b\"><\/div><div class=\"line-b\"><\/div><div class=\"line-b\"><\/div><div class=\"line-b\"><\/div><\/div><div class=\"case\"><figure><img decoding=\"async\" src=\"https:\/\/pvs-es.com\/wp-content\/uploads\/2024\/11\/Odlo.jpg\" alt=\"Skieurs marchant en tenue de neige\"\/><\/figure><div class=\"gradient-layer\"><\/div><figure><img decoding=\"async\" src=\"https:\/\/pvs-es.com\/wp-content\/uploads\/2024\/11\/Logo_Zeichenflaeche-1-Kopie-2.png\" class=\"logo\" alt=\"Logo de Odlo\"\/><\/figure><\/div><div class=\"case\"><figure><img decoding=\"async\" src=\"https:\/\/pvs-es.com\/wp-content\/uploads\/2024\/11\/Lamy.jpg\" alt=\"Stand d\u2019exposition de l\u2019entreprise Lamy\"\/><\/figure><div class=\"gradient-layer\"><\/div><figure><img decoding=\"async\" src=\"https:\/\/pvs-es.com\/wp-content\/uploads\/2024\/11\/Logo_Zeichenflaeche-1-Kopie-7.png\" class=\"logo\" alt=\"Logo de Lamy\"\/><\/figure><\/div><div class=\"case\"><figure><img decoding=\"async\" src=\"https:\/\/pvs-es.com\/wp-content\/uploads\/2024\/11\/Niche-Beauty.jpg\" alt=\"Produits cosm\u00e9tiques dispos\u00e9s avec un sac de voyage dans un avion\"\/><\/figure><div class=\"gradient-layer\"><\/div><figure><img decoding=\"async\" src=\"https:\/\/pvs-es.com\/wp-content\/uploads\/2024\/11\/Logo_Zeichenflaeche-1-Kopie.png\" class=\"logo\" alt=\"Logo de Niche Beauty\"\/><\/figure><\/div><div class=\"case\"><figure><img decoding=\"async\" src=\"https:\/\/pvs-es.com\/wp-content\/uploads\/2024\/11\/Zwiesel-Glas.jpg\" alt=\"Un verre de vin rempli sur une table dress\u00e9e\"\/><\/figure><div class=\"gradient-layer\"><\/div><figure><img decoding=\"async\" src=\"https:\/\/pvs-es.com\/wp-content\/uploads\/2024\/11\/Logo_Zeichenflaeche-1.png\" class=\"logo\" alt=\"Logo de Zweisel-Glas\"\/><\/figure><\/div><\/div><\/section>\n\n\n\n<section class=\"wp-block-pvse-process-block process\"><div class=\"wrap\"><h2 class=\"heading\">La force motrice de votre succ\u00e8s<\/h2><div class=\"flexalign\"><div class=\"step\"><div class=\"icon\"><img decoding=\"async\" src=\"http:\/\/www.pvs-es.com\/wp-content\/uploads\/2024\/10\/Analyze.png\" alt=\"decorative illustration of the step\"\/><\/div><div class=\"text\"><strong><strong>Se lancer sur les places de march\u00e9 peut \u00eatre simple et sans souci.<\/strong><\/strong><br>Envoyez-nous vos produits et nous nous occupons de tout le reste : du stockage \u00e0 la gestion des commandes en passant par les retours. Pas de stress, un maximum de r\u00e9sultats. Pr\u00eat \u00e0 \u00e9lever votre marque ?<\/div><\/div><div class=\"step\"><div class=\"icon\"><img decoding=\"async\" src=\"http:\/\/www.pvs-es.com\/wp-content\/uploads\/2024\/10\/Reporting.png\" alt=\"decorative illustration of the step\"\/><\/div><div class=\"text\"><strong>Vous ne savez pas si les places de march\u00e9 sont faites pour vous ? Ne vous inqui\u00e9tez pas !<\/strong><br>Contactez-nous et nous d\u00e9terminerons ensemble si les places de march\u00e9 sont adapt\u00e9es \u00e0 votre marque ou si l&#8217;approche la plus strat\u00e9gique consiste \u00e0 vous concentrer sur votre site Web. Nous ne cherchons pas \u00e0 vous pousser vers une solution, mais nous laissons les chiffres nous guider. C&#8217;est pourquoi nous vous proposons un rapport hebdomadaire d\u00e9taill\u00e9 sur les indicateurs cl\u00e9s de performance de votre place de march\u00e9, avec des donn\u00e9es et des pr\u00e9visions actualis\u00e9es toujours \u00e0 port\u00e9e de main. Transparence, pr\u00e9cision et r\u00e9sultats : telle est notre formule de r\u00e9ussite.<\/div><\/div><div class=\"step\"><div class=\"icon\"><img decoding=\"async\" src=\"http:\/\/www.pvs-es.com\/wp-content\/uploads\/2024\/10\/Prozessoptimierung.png\" alt=\"decorative illustration of the step\"\/><\/div><div class=\"text\"><strong><strong>Vous \u00eates pr\u00e9occup\u00e9 par les co\u00fbts ? L&#8217;externalisation de la gestion de la place de march\u00e9 vous semble-t-elle une option co\u00fbteuse ?<\/strong><\/strong><br>D\u00e9trompez-vous! Gr\u00e2ce \u00e0 notre \u00e9cosyst\u00e8me global couvrant plus de 30 pays et prenant en charge des places de march\u00e9 internationales, vous ne payez qu&#8217;une seule fois les frais d&#8217;installation. Il n&#8217;y a pas de frais cach\u00e9s par canal et nous vous aidons \u00e0 r\u00e9duire les co\u00fbts op\u00e9rationnels du commerce \u00e9lectronique. Le r\u00e9sultat? Un acc\u00e8s instantan\u00e9 \u00e0 une place de march\u00e9 bien \u00e9tablie, une strat\u00e9gie de vente en ligne personnalis\u00e9e et des opportunit\u00e9s mondiales continues. L&#8217;int\u00e9gration, l&#8217;optimisation et le suivi r\u00e9gulier sont inclus. La simplicit\u00e9 au service de votre r\u00e9ussite.<\/div><\/div><div class=\"step\"><div class=\"icon\"><img decoding=\"async\" src=\"http:\/\/www.pvs-es.com\/wp-content\/uploads\/2024\/10\/Umsetzung.png\" alt=\"decorative illustration of the step\"\/><\/div><div class=\"text\"><strong>Vous cherchez un exemple de partenariat r\u00e9ussi dans le domaine du commerce \u00e9lectronique ?<\/strong><br>Voici nos chiffres !<br>+Augmentation de 58 % du nombre de visiteurs sur les pages produits : Augmentation de la visibilit\u00e9 de votre marque<br>+84 % de produits vendables : Une gamme de produits qui s\u00e9duit<br>-79 % de r\u00e9duction des erreurs dans les canaux de donn\u00e9es : une efficacit\u00e9 optimale<br>Et un remarquable +100% de ventes globales en seulement 2 semaines, comme le d\u00e9montre le cas d&#8217;OTTO Marketplace. Lorsque la strat\u00e9gie et la sophistication s&#8217;allient, le succ\u00e8s est in\u00e9vitable.<\/div><\/div><\/div><\/div><\/section>\n\n\n\n<div style=\"height:20px\" aria-hidden=\"true\" class=\"wp-block-spacer\"><\/div>\n\n\n\n<h2 class=\"wp-block-heading has-text-color has-link-color wp-elements-53187f3b350c24dcb44729f011195668\" style=\"color:#5600d8\">Restons en contact<\/h2>\n\n\n\n<div class=\"wp-block-columns l-a-r is-layout-flex wp-container-core-columns-is-layout-9d6595d7 wp-block-columns-is-layout-flex\">\n<div class=\"wp-block-column is-layout-flow wp-block-column-is-layout-flow\" style=\"flex-basis:66.66%\">\n<script type=\"text\/javascript\" src=\"\/\/m.pvs-rs.com\/form\/generate.js?id=27\"><\/script>\n<\/div>\n\n\n\n<div class=\"wp-block-column is-layout-flow wp-block-column-is-layout-flow\" style=\"flex-basis:33.33%\">\n<figure class=\"wp-block-image size-full\"><img loading=\"lazy\" decoding=\"async\" width=\"800\" height=\"1000\" src=\"http:\/\/www.pvs-es.com\/wp-content\/uploads\/2025\/01\/Luigi-D\u00b4Olivio-2.jpg\" alt=\"Un jeune homme s'appuie sur son bras gauche, l'\u00e9paule tourn\u00e9e vers la cam\u00e9ra, et sourit \u00e0 l'objectif.\" class=\"wp-image-2099\" srcset=\"https:\/\/pvs-es.com\/wp-content\/uploads\/2025\/01\/Luigi-D\u00b4Olivio-2.jpg 800w, https:\/\/pvs-es.com\/wp-content\/uploads\/2025\/01\/Luigi-D\u00b4Olivio-2-240x300.jpg 240w, https:\/\/pvs-es.com\/wp-content\/uploads\/2025\/01\/Luigi-D\u00b4Olivio-2-768x960.jpg 768w\" sizes=\"auto, (max-width: 800px) 100vw, 800px\" \/><\/figure>\n<\/div>\n<\/div>\n\n\n\n<section class=\"wp-block-pvse-more-block pvse-more-block\"><div class=\"wrap\"><h2 class=\"heading\" style=\"color:#5600d8\">Vous pourriez \u00e9galement \u00eatre int\u00e9ress\u00e9 par &#8230;<\/h2><div class=\"more-blocks\"><a class=\"block\" href=\"\/index.php\/logistics\/\/?lang=fr\"><div class=\"desc\">Logistics<\/div><\/a><a class=\"block\" href=\"\/index.php\/customer-care\/\/?lang=fr\"><div class=\"desc\">Customer Care<\/div><\/a><a class=\"block\" href=\"\/index.php\/merchant-of-records\/\/?lang=fr\"><div class=\"desc\">MoR<\/div><\/a><\/div><\/div><\/section>\n","protected":false},"excerpt":{"rendered":"<p>Un partenaire \u00e0 360 degr\u00e9s Les places de march\u00e9 sont la piste num\u00e9rique des marques \u00e0 succ\u00e8s : un \u00e9l\u00e9ment essentiel du commerce \u00e9lectronique. Les places de march\u00e9 jouent un r\u00f4le crucial dans la r\u00e9ussite des marques num\u00e9riques dans le commerce \u00e9lectronique.Chez PVS eServices, nous exploitons notre savoir-faire pour concevoir des solutions personnalis\u00e9es. De la [&hellip;]<\/p>\n","protected":false},"author":6,"featured_media":0,"parent":0,"menu_order":0,"comment_status":"closed","ping_status":"closed","template":"","meta":{"footnotes":""},"class_list":["post-2297","page","type-page","status-publish","hentry"],"jetpack_sharing_enabled":true,"_links":{"self":[{"href":"https:\/\/pvs-es.com\/index.php\/wp-json\/wp\/v2\/pages\/2297","targetHints":{"allow":["GET"]}}],"collection":[{"href":"https:\/\/pvs-es.com\/index.php\/wp-json\/wp\/v2\/pages"}],"about":[{"href":"https:\/\/pvs-es.com\/index.php\/wp-json\/wp\/v2\/types\/page"}],"author":[{"embeddable":true,"href":"https:\/\/pvs-es.com\/index.php\/wp-json\/wp\/v2\/users\/6"}],"replies":[{"embeddable":true,"href":"https:\/\/pvs-es.com\/index.php\/wp-json\/wp\/v2\/comments?post=2297"}],"version-history":[{"count":18,"href":"https:\/\/pvs-es.com\/index.php\/wp-json\/wp\/v2\/pages\/2297\/revisions"}],"predecessor-version":[{"id":3375,"href":"https:\/\/pvs-es.com\/index.php\/wp-json\/wp\/v2\/pages\/2297\/revisions\/3375"}],"wp:attachment":[{"href":"https:\/\/pvs-es.com\/index.php\/wp-json\/wp\/v2\/media?parent=2297"}],"curies":[{"name":"wp","href":"https:\/\/api.w.org\/{rel}","templated":true}]}}