{"id":2284,"date":"2024-10-29T16:34:26","date_gmt":"2024-10-29T15:34:26","guid":{"rendered":"https:\/\/pvs-es.com\/index.php\/customer-care\/"},"modified":"2025-07-09T09:41:04","modified_gmt":"2025-07-09T07:41:04","slug":"customer-care","status":"publish","type":"page","link":"https:\/\/pvs-es.com\/index.php\/customer-care\/?lang=de","title":{"rendered":"Customer Care"},"content":{"rendered":"\n<div class=\"wp-block-pvse-title-detail-parallax wrapper-parallax\"><layer class=\"bg\"><img decoding=\"async\" src=\"http:\/\/www.pvs-es.com\/wp-content\/uploads\/2024\/10\/Header-6.jpg\" alt=\"background for parallax effect\"\/><\/layer><layer class=\"ly-3\"><img decoding=\"async\" src=\"http:\/\/www.pvs-es.com\/wp-content\/uploads\/2025\/01\/leerebene.png\" alt=\"third layer of graphical parallax effect\"\/><\/layer><layer class=\"ly-2\"><img decoding=\"async\" src=\"http:\/\/www.pvs-es.com\/wp-content\/uploads\/2025\/01\/leerebene.png\" alt=\"second layer of graphical parallax effect\"\/><\/layer><layer class=\"ly-1\"><img decoding=\"async\" src=\"http:\/\/www.pvs-es.com\/wp-content\/uploads\/2025\/01\/leerebene.png\" alt=\"first layer of graphical parallax effect\"\/><\/layer><div class=\"glasswrap\"><div class=\"schrag\"><\/div><div class=\"schrag\"><\/div><div class=\"schrag\"><\/div><div class=\"hero-detail\"><div class=\"hero-detail-text\"><h2 class=\"has-medium-font-size\">Zufriedene Kunden, steigende Ums\u00e4tze.<\/h2><\/div><div class=\"hero-detail-heading\"><div class=\"pointer\"><\/div><div class=\"pointer\"><\/div><div class=\"pointer\"><\/div><h1 style=\"color:#5600d8\" class=\"wp-block-heading\">Aufmerksamkeit bis ins kleinste Detail ist der Schl\u00fcssel zum Erfolg<\/h1><\/div><\/div><\/div><div class=\"line\"><\/div><div class=\"line\"><\/div><div class=\"line\"><\/div><div class=\"line\"><\/div><div class=\"line\"><\/div><div class=\"line\"><\/div><div class=\"line\"><\/div><div class=\"line\"><\/div><div class=\"line\"><\/div><div class=\"line\"><\/div><div class=\"line\"><\/div><div class=\"line\"><\/div><\/div>\n\n\n\n<div style=\"height:80px\" aria-hidden=\"true\" class=\"wp-block-spacer\"><\/div>\n\n\n\n<h2 class=\"wp-block-heading has-text-color has-link-color wp-elements-9873a524e418a72cae84756b8292f236\" style=\"color:#5600d8\">Personalisierter Kundenservice:<\/h2>\n\n\n\n<p class=\"has-medium-font-size\"><strong>Der Kundenservice<\/strong> ist wohl der wichtigste Aspekt der <strong>Customer Journey.<\/strong> Wir sind stolz darauf, dass wir \u00fcber die klassische Kundenbetreuung hinausgehen &#8211; bei uns steht der Kunde wirklich im Mittelpunkt und wir verbessern das Kundenerlebnis durch innovative Erkenntnisse und optimierte L\u00f6sungen. Wir bringen frische Ideen f\u00fcr die Transformation ein, agieren als echte Probleml\u00f6ser und bleiben mit einem individuellen, dynamischen und kooperativen Ansatz an Ihrer Seite.<\/p>\n\n\n\n<section class=\"wp-block-pvse-benefits pvse-benefits\"><div class=\"wrap\"><h2 class=\"heading\" style=\"color:#5600d8\">Unsere Customer Care Services<\/h2><ul><li><span>Consulting:<\/span><div class=\"text\">Wir bewerten und verbessern Ihre Prozesse, um sowohl f\u00fcr Sie als auch f\u00fcr Ihre Kunden maximale Zufriedenheit zu gew\u00e4hrleisten. Wir kennen die Herausforderungen im Bereich der Kundenbetreuung genau und wissen, wie man sie effektiv und mit Fingerspitzengef\u00fchl angeht. Unser Ziel? Langfristige Kundenbindung, nachhaltige Optimierungen und eine st\u00e4rkere Markenidentit\u00e4t durch au\u00dfergew\u00f6hnlichen Customer Support. Das Ergebnis? Eine Steigerung der Kundenzufriedenheit um 10 % f\u00fchrt zu mehr Upselling-M\u00f6glichkeiten und Umsatzwachstum.<\/div><\/li><li><span>Definieren Sie Ihren Prozess:<\/span><div class=\"text\">Effizienz ist der Schl\u00fcssel und bleibt unsere oberste Priorit\u00e4t. Wir konzentrieren uns auf die Gew\u00e4hrleistung einer nahtlosen Customer Journey und sorgen daf\u00fcr, dass sich jeder Kunde gut betreut f\u00fchlt. Wir l\u00f6sen spezifische und wiederkehrende Probleme umgehend und k\u00fcmmern uns um sie beim ersten Kontakt ohne Verz\u00f6gerungen, Unsicherheiten oder Komplikationen.<\/div><\/li><li><span>Internationale Kundenbetreuung:<\/span><div class=\"text\">Im Gegensatz zur herk\u00f6mmlichen Kundenbetreuung ist unser ma\u00dfgeschneiderter Service so konzipiert, dass er die kulturellen Besonderheiten jedes Landes respektiert und einbezieht, w\u00e4hrend er in der jeweiligen Landessprache stattfindet. Wir passen unseren Ansatz an die nationalen und kulturellen Besonderheiten jedes Marktes an und stellen so sicher, dass Ihre Kunden einen au\u00dfergew\u00f6hnlichen, pers\u00f6nlichen Service erhalten, egal wo auf der Welt sie sich befinden.<\/div><\/li><li><span>Transparenz:<\/span><div class=\"text\">Um effizient zu arbeiten und ein optimales Kundenerlebnis zu bieten, ist es unerl\u00e4sslich, Prozesse zu analysieren und verbesserungsw\u00fcrdige Bereiche zu identifizieren. Unsere detaillierten Reports bieten einen umfassenden \u00dcberblick \u00fcber die wichtigsten KPIs und sorgen f\u00fcr maximale Transparenz, damit Sie optimale Erfolge erzielen k\u00f6nnen.<\/div><\/li><li><span>Branchen\u00fcbergreifendes Know-how:<\/span><div class=\"text\">Unabh\u00e4ngig von der Branche sind wir in der Lage, Ihre einzigartigen Anforderungen und Erwartungen zu verstehen. Dank unserer jahrzehntelangen Erfahrung haben wir mit einer Vielzahl von Marken aus unterschiedlichen Branchen zusammengearbeitet. Unser Ziel? Wir wollen mit Ihnen zusammen lernen und uns weiterentwickeln, damit wir in jeder Situation Spitzenleistungen erbringen k\u00f6nnen.<\/div><\/li><\/ul><\/div><\/section>\n\n\n\n<h2 class=\"wp-block-heading has-text-color has-link-color wp-elements-7d31b61f1a93d87f63169e511120b33b\" style=\"color:#5600d8\">Business Cases<\/h2>\n\n\n\n<section class=\"wp-block-pvse-case-storys pvse-case-storys\"><div class=\"grid\"><div class=\"strich_wrap\"><div class=\"line\"><\/div><div class=\"line\"><\/div><div class=\"line\"><\/div><div class=\"line\"><\/div><div class=\"line\"><\/div><div class=\"line\"><\/div><div class=\"line\"><\/div><div class=\"line\"><\/div><div class=\"line\"><\/div><div class=\"line-b\"><\/div><div class=\"line-b\"><\/div><div class=\"line-b\"><\/div><div class=\"line-b\"><\/div><div class=\"line-b\"><\/div><div class=\"line-b\"><\/div><div class=\"line-b\"><\/div><div class=\"line-b\"><\/div><div class=\"line-b\"><\/div><\/div><div class=\"case\"><figure><img decoding=\"async\" src=\"https:\/\/pvs-es.com\/wp-content\/uploads\/2024\/11\/Zwiesel-Glas.jpg\" alt=\"Ein gef\u00fclltes Weinglas auf einem gedeckten Tisch\"\/><\/figure><div class=\"gradient-layer\"><\/div><figure><img decoding=\"async\" src=\"https:\/\/pvs-es.com\/wp-content\/uploads\/2024\/11\/Logo_Zeichenflaeche-1.png\" class=\"logo\" alt=\"Logo von Zwiesel-Glas\"\/><\/figure><\/div><div class=\"case\"><figure><img decoding=\"async\" src=\"https:\/\/pvs-es.com\/wp-content\/uploads\/2024\/11\/Kunert.jpg\" alt=\"Bauch-bis-Fu\u00df-Fotografie von einem Outfit mit Rock komplett in Wei\u00df\"\/><\/figure><div class=\"gradient-layer\"><\/div><figure><img decoding=\"async\" src=\"https:\/\/pvs-es.com\/wp-content\/uploads\/2024\/11\/Logo_Zeichenflaeche-1-Kopie-4.png\" class=\"logo\" alt=\"Logo von Kunert\"\/><\/figure><\/div><div class=\"case\"><figure><img decoding=\"async\" src=\"https:\/\/pvs-es.com\/wp-content\/uploads\/2024\/11\/Outletcity-Metzingen.jpg\" alt=\"Innenhof eines Kaufhauses\"\/><\/figure><div class=\"gradient-layer\"><\/div><figure><img decoding=\"async\" src=\"https:\/\/pvs-es.com\/wp-content\/uploads\/2024\/11\/Logo_Zeichenflaeche-1-Kopie-5.png\" class=\"logo\" alt=\"Logo von Outletcity-Metzingen\"\/><\/figure><\/div><\/div><\/section>\n\n\n\n<div style=\"height:20px\" aria-hidden=\"true\" class=\"wp-block-spacer\"><\/div>\n\n\n\n<p><br><\/p>\n\n\n\n<div style=\"height:20px\" aria-hidden=\"true\" class=\"wp-block-spacer\"><\/div>\n\n\n\n<section class=\"wp-block-pvse-process-block process\"><div class=\"wrap\"><h2 class=\"heading\"><strong>Wie l\u00e4uft das Ganze ab?<\/strong><\/h2><div class=\"flexalign\"><div class=\"step\"><div class=\"icon\"><img decoding=\"async\" src=\"http:\/\/www.pvs-es.com\/wp-content\/uploads\/2024\/10\/Analyze.png\" alt=\"decorative illustration of the step\"\/><\/div><div class=\"text\"><strong>Wie l\u00e4uft das Onboarding ab? Wie schnell k\u00f6nnen wir loslegen?<br><\/strong>Kurz gesagt, wir machen Sie in k\u00fcrzester Zeit startklar. Mit jahrelanger Expertise k\u00fcmmern wir uns um alles &#8211; von der \u00dcbertragung von Telefonnummern und ma\u00dfgeschneiderten Schulungen f\u00fcr unsere Agenten bis hin zur Verwaltung von Ticket-Systemen f\u00fcr Transparenz, Datenbankpflege, Telefonie und E-Mail-Support. Sprechen Sie uns noch heute an!<\/div><\/div><div class=\"step\"><div class=\"icon\"><img decoding=\"async\" src=\"http:\/\/www.pvs-es.com\/wp-content\/uploads\/2024\/10\/Reporting.png\" alt=\"decorative illustration of the step\"\/><\/div><div class=\"text\"><strong>Wie k\u00f6nnen wir sicher sein, dass unsere Kunden mit der von Ihnen angebotenen Kundenbetreuung zufrieden sind?<\/strong><br>Wir sehen uns als eine ausgelagerte Abteilung Ihres Teams. Um Ihre einzigartige Markenidentit\u00e4t widerzuspiegeln, arbeiten wir mit kleinen, spezialisierten Teams von ca. 15 Mitarbeitern, die mit Ihren Produkten und den spezifischen Bed\u00fcrfnissen Ihrer Zielgruppe bestens vertraut sind und eine langfristige Kundenbindung gew\u00e4hrleisten. Dieser Ansatz erm\u00f6glicht es uns, durch au\u00dfergew\u00f6hnliche Effizienz in der Kundenbetreuung, personalisierten Support, ein verbessertes Markenimage und tiefes Einf\u00fchlungsverm\u00f6gen einen einwandfreien Service zu bieten. Setzen Sie sich noch heute mit uns in Verbindung und beginnen Sie mit der Optimierung Ihrer Customer Journey!<\/div><\/div><div class=\"step\"><div class=\"icon\"><img decoding=\"async\" src=\"http:\/\/www.pvs-es.com\/wp-content\/uploads\/2024\/10\/Prozessoptimierung.png\" alt=\"decorative illustration of the step\"\/><\/div><div class=\"text\"><strong>Wie funktionieren die Reports?<\/strong><br>Unsere Reports bieten einen klaren \u00dcberblick \u00fcber die wichtigsten KPIs und sorgen f\u00fcr vollst\u00e4ndige Transparenz bei der Analyse Ihrer Customer Care-Prozesse. Ihr personalisiertes Dashboard liefert Leistungsdaten in Echtzeit, so dass Sie die Qualit\u00e4t unseres Services kontinuierlich \u00fcberwachen und schnell auf ma\u00dfgeschneiderte L\u00f6sungen zugreifen k\u00f6nnen. Hotkey-Reports und zus\u00e4tzliche Statistiken geben Ihnen tiefere Einblicke in Ihre Abl\u00e4ufe.<\/div><\/div><\/div><\/div><\/section>\n\n\n\n<p class=\"has-medium-font-size\">Kontaktquote und -dauer werden zur Verbesserung der Prozessoptimierung ber\u00fccksichtigt.<\/p>\n\n\n\n<div style=\"height:100px\" aria-hidden=\"true\" class=\"wp-block-spacer\"><\/div>\n\n\n\n<h2 class=\"wp-block-heading has-text-color has-link-color wp-elements-522e4deae5e65911a31ac987ce533a19\" style=\"color:#5600d8\">Lassen Sie uns in Kontakt bleiben<\/h2>\n\n\n\n<div class=\"wp-block-columns l-a-r is-layout-flex wp-container-core-columns-is-layout-9d6595d7 wp-block-columns-is-layout-flex\">\n<div class=\"wp-block-column is-layout-flow wp-block-column-is-layout-flow\" style=\"flex-basis:66.66%\">\n<script type=\"text\/javascript\" src=\"\/\/m.pvs-rs.com\/form\/generate.js?id=26\"><\/script>\n<\/div>\n\n\n\n<div class=\"wp-block-column is-layout-flow wp-block-column-is-layout-flow\" style=\"flex-basis:33.33%\">\n<figure class=\"wp-block-image size-full\"><img loading=\"lazy\" decoding=\"async\" width=\"800\" height=\"1000\" src=\"http:\/\/www.pvs-es.com\/wp-content\/uploads\/2025\/01\/Luigi-D\u00b4Olivio-2.jpg\" alt=\"Ein junger Mann st\u00fctzt sich auf seinen linken Arm, richtet die Schulter zur Kamera und l\u00e4chelt in die Kamera.\" class=\"wp-image-2099\" srcset=\"https:\/\/pvs-es.com\/wp-content\/uploads\/2025\/01\/Luigi-D\u00b4Olivio-2.jpg 800w, https:\/\/pvs-es.com\/wp-content\/uploads\/2025\/01\/Luigi-D\u00b4Olivio-2-240x300.jpg 240w, https:\/\/pvs-es.com\/wp-content\/uploads\/2025\/01\/Luigi-D\u00b4Olivio-2-768x960.jpg 768w\" sizes=\"auto, (max-width: 800px) 100vw, 800px\" \/><\/figure>\n<\/div>\n<\/div>\n\n\n\n<section class=\"wp-block-pvse-more-block pvse-more-block\"><div class=\"wrap\"><h2 class=\"heading\" style=\"color:#5600d8\"><strong>Das k\u00f6nnte Sie auch interessieren &#8230;<\/strong><\/h2><div class=\"more-blocks\"><a class=\"block\" href=\"\/index.php\/logistics\/\/?lang=de\"><div class=\"desc\">Logistics<\/div><\/a><a class=\"block\" href=\"\/index.php\/consulting\/\/?lang=de\"><div class=\"desc\">Consulting<\/div><\/a><a class=\"block\" href=\"\/index.php\/marketplaces\/\/?lang=de\"><div class=\"desc\">Marketplaces<\/div><\/a><\/div><\/div><\/section>\n","protected":false},"excerpt":{"rendered":"<p>Personalisierter Kundenservice: Der Kundenservice ist wohl der wichtigste Aspekt der Customer Journey. Wir sind stolz darauf, dass wir \u00fcber die klassische Kundenbetreuung hinausgehen &#8211; bei uns steht der Kunde wirklich im Mittelpunkt und wir verbessern das Kundenerlebnis durch innovative Erkenntnisse und optimierte L\u00f6sungen. Wir bringen frische Ideen f\u00fcr die Transformation ein, agieren als echte Probleml\u00f6ser [&hellip;]<\/p>\n","protected":false},"author":6,"featured_media":0,"parent":0,"menu_order":0,"comment_status":"closed","ping_status":"closed","template":"","meta":{"footnotes":""},"class_list":["post-2284","page","type-page","status-publish","hentry"],"jetpack_sharing_enabled":true,"_links":{"self":[{"href":"https:\/\/pvs-es.com\/index.php\/wp-json\/wp\/v2\/pages\/2284","targetHints":{"allow":["GET"]}}],"collection":[{"href":"https:\/\/pvs-es.com\/index.php\/wp-json\/wp\/v2\/pages"}],"about":[{"href":"https:\/\/pvs-es.com\/index.php\/wp-json\/wp\/v2\/types\/page"}],"author":[{"embeddable":true,"href":"https:\/\/pvs-es.com\/index.php\/wp-json\/wp\/v2\/users\/6"}],"replies":[{"embeddable":true,"href":"https:\/\/pvs-es.com\/index.php\/wp-json\/wp\/v2\/comments?post=2284"}],"version-history":[{"count":10,"href":"https:\/\/pvs-es.com\/index.php\/wp-json\/wp\/v2\/pages\/2284\/revisions"}],"predecessor-version":[{"id":3368,"href":"https:\/\/pvs-es.com\/index.php\/wp-json\/wp\/v2\/pages\/2284\/revisions\/3368"}],"wp:attachment":[{"href":"https:\/\/pvs-es.com\/index.php\/wp-json\/wp\/v2\/media?parent=2284"}],"curies":[{"name":"wp","href":"https:\/\/api.w.org\/{rel}","templated":true}]}}