{"id":2282,"date":"2024-10-29T16:34:26","date_gmt":"2024-10-29T15:34:26","guid":{"rendered":"https:\/\/pvs-es.com\/index.php\/customer-care\/"},"modified":"2025-07-09T09:43:41","modified_gmt":"2025-07-09T07:43:41","slug":"customer-care","status":"publish","type":"page","link":"https:\/\/pvs-es.com\/index.php\/customer-care\/?lang=fr","title":{"rendered":"Customer Care"},"content":{"rendered":"\n<div class=\"wp-block-pvse-title-detail-parallax wrapper-parallax\"><layer class=\"bg\"><img decoding=\"async\" src=\"http:\/\/www.pvs-es.com\/wp-content\/uploads\/2024\/10\/Header-6.jpg\" alt=\"background for parallax effect\"\/><\/layer><layer class=\"ly-3\"><img decoding=\"async\" src=\"http:\/\/www.pvs-es.com\/wp-content\/uploads\/2025\/01\/leerebene.png\" alt=\"third layer of graphical parallax effect\"\/><\/layer><layer class=\"ly-2\"><img decoding=\"async\" src=\"http:\/\/www.pvs-es.com\/wp-content\/uploads\/2025\/01\/leerebene.png\" alt=\"second layer of graphical parallax effect\"\/><\/layer><layer class=\"ly-1\"><img decoding=\"async\" src=\"http:\/\/www.pvs-es.com\/wp-content\/uploads\/2025\/01\/leerebene.png\" alt=\"first layer of graphical parallax effect\"\/><\/layer><div class=\"glasswrap\"><div class=\"schrag\"><\/div><div class=\"schrag\"><\/div><div class=\"schrag\"><\/div><div class=\"hero-detail\"><div class=\"hero-detail-text\"><h2 class=\"has-medium-font-size\">Des clients satisfaits, une entreprise en pleine croissance.<\/h2><\/div><div class=\"hero-detail-heading\"><div class=\"pointer\"><\/div><div class=\"pointer\"><\/div><div class=\"pointer\"><\/div><h1 style=\"color:#5600d8\" class=\"wp-block-heading\">L&#8217;attention port\u00e9e \u00e0 chaque d\u00e9tail est la cl\u00e9 du succ\u00e8s<\/h1><\/div><\/div><\/div><div class=\"line\"><\/div><div class=\"line\"><\/div><div class=\"line\"><\/div><div class=\"line\"><\/div><div class=\"line\"><\/div><div class=\"line\"><\/div><div class=\"line\"><\/div><div class=\"line\"><\/div><div class=\"line\"><\/div><div class=\"line\"><\/div><div class=\"line\"><\/div><div class=\"line\"><\/div><\/div>\n\n\n\n<div style=\"height:80px\" aria-hidden=\"true\" class=\"wp-block-spacer\"><\/div>\n\n\n\n<h2 class=\"wp-block-heading has-text-color has-link-color wp-elements-430aa88810e75df79966d5e46f5e2cb5\" style=\"color:#5600d8\">Un suivi personnalis\u00e9 de la client\u00e8le :<\/h2>\n\n\n\n<p class=\"has-medium-font-size\"><strong>Le service client<\/strong> est sans doute l&#8217;aspect le plus critique du <strong>parcours client.<\/strong> Nous sommes fiers d&#8217;aller au-del\u00e0 du service client traditionnel, nous donnons la priorit\u00e9 au client, en am\u00e9liorant son exp\u00e9rience gr\u00e2ce \u00e0 des id\u00e9es novatrices et \u00e0 des solutions optimis\u00e9es. Nous apportons des nouvelles id\u00e9es pour la transformation, nous fonctionnons comme de v\u00e9ritables experts en r\u00e9solution et nous restons \u00e0 vos c\u00f4t\u00e9s avec une approche personnalis\u00e9e, dynamique et collaborative.<\/p>\n\n\n\n<section class=\"wp-block-pvse-benefits pvse-benefits\"><div class=\"wrap\"><h2 class=\"heading\" style=\"color:#5600d8\">Nos services d&#8217;assistance \u00e0 la client\u00e8le<\/h2><ul><li><span>Conseil :<\/span><div class=\"text\">Nous \u00e9valuons et am\u00e9liorons vos processus pour assurer une satisfaction maximale pour vous et vos clients. Notre connaissance approfondie des d\u00e9fis li\u00e9s \u00e0 l\u2019assistance client\u00e8le nous permet de les relever efficacement et avec finesse. Notre objectif ? Maintenir la fid\u00e9lit\u00e9 des clients \u00e0 long terme, obtenir des am\u00e9liorations durables et renforcer l\u2019identit\u00e9 de la marque en offrant une assistance exceptionnelle. Le r\u00e9sultat ? Une augmentation de 10% de la satisfaction des clients entra\u00eene une augmentation des opportunit\u00e9s de vente et une croissance de l\u2019entreprise.<\/div><\/li><li><span>D\u00e9finir votre processus :<\/span><div class=\"text\">L\u2019efficacit\u00e9 est primordiale et demeure notre priorit\u00e9 absolue. Nous nous concentrons sur la cr\u00e9ation d\u2019un parcours client transparent, en veillant \u00e0 ce que chaque client se sente bien accompagn\u00e9. D\u00e8s le premier contact, nous r\u00e9pondons rapidement aux probl\u00e8mes sp\u00e9cifiques et r\u00e9currents, sans retard, incertitude ou complication.<\/div><\/li><li><span>Service \u00e0 l\u2019 international :<\/span><div class=\"text\">Contrairement \u00e0 un service client traditionnel, notre service sur mesure est con\u00e7u pour respecter et appr\u00e9cier les subtilit\u00e9s culturelles de chaque pays, tout en communiquant dans votre langue. Nous adaptons notre approche aux particularit\u00e9s nationales et culturelles de chaque march\u00e9, afin que vos clients aient un service exceptionnel et personnalis\u00e9, o\u00f9 qu\u2019ils soient dans le monde.<\/div><\/li><li><span>Transparence :<\/span><div class=\"text\">Afin de garantir un fonctionnement efficace et une exp\u00e9rience client optimale, il est indispensable d\u2019analyser les processus et de rep\u00e9rer les domaines \u00e0 am\u00e9liorer.Gr\u00e2ce \u00e0nos rapports d\u00e9taill\u00e9s, vous pouvez avoir une vue d\u2019ensemble des indicateurs cl\u00e9s de performance les plus importants. Une transparence maximale pour vous aider \u00e0 atteindre le succ\u00e8s.<\/div><\/li><li><span>Expertise intersectorielle :<\/span><div class=\"text\">Peu importe le domaine d\u2019activit\u00e9, nous nous effor\u00e7ons de comprendre vos exigences et vos attentes sp\u00e9cifiques. Forts d\u2019une exp\u00e9rience de plusieurs d\u00e9cennies, nous avons collabor\u00e9 avec une grande diversit\u00e9 de marques dans divers domaines. Notre objectif ? Continuer \u00e0 apprendre et \u00e0 progresser avec vous, pour atteindre l\u2019excellence dans toutes les situations.<\/div><\/li><\/ul><\/div><\/section>\n\n\n\n<h2 class=\"wp-block-heading has-text-color has-link-color wp-elements-f055b997a3897449cfac301df4dba14b\" style=\"color:#5600d8\">Cas d&#8217;entreprise<\/h2>\n\n\n\n<section class=\"wp-block-pvse-case-storys pvse-case-storys\"><div class=\"grid\"><div class=\"strich_wrap\"><div class=\"line\"><\/div><div class=\"line\"><\/div><div class=\"line\"><\/div><div class=\"line\"><\/div><div class=\"line\"><\/div><div class=\"line\"><\/div><div class=\"line\"><\/div><div class=\"line\"><\/div><div class=\"line\"><\/div><div class=\"line-b\"><\/div><div class=\"line-b\"><\/div><div class=\"line-b\"><\/div><div class=\"line-b\"><\/div><div class=\"line-b\"><\/div><div class=\"line-b\"><\/div><div class=\"line-b\"><\/div><div class=\"line-b\"><\/div><div class=\"line-b\"><\/div><\/div><div class=\"case\"><figure><img decoding=\"async\" src=\"https:\/\/pvs-es.com\/wp-content\/uploads\/2024\/11\/Zwiesel-Glas.jpg\" alt=\"Un verre de vin rempli sur une table dress\u00e9e\"\/><\/figure><div class=\"gradient-layer\"><\/div><figure><img decoding=\"async\" src=\"https:\/\/pvs-es.com\/wp-content\/uploads\/2024\/11\/Logo_Zeichenflaeche-1.png\" class=\"logo\" alt=\"Logo de Zweisel-Glas\"\/><\/figure><\/div><div class=\"case\"><figure><img decoding=\"async\" src=\"https:\/\/pvs-es.com\/wp-content\/uploads\/2024\/11\/Kunert.jpg\" alt=\"Photo de la taille aux pieds d'une tenue enti\u00e8rement blanche avec une jupe\"\/><\/figure><div class=\"gradient-layer\"><\/div><figure><img decoding=\"async\" src=\"https:\/\/pvs-es.com\/wp-content\/uploads\/2024\/11\/Logo_Zeichenflaeche-1-Kopie-4.png\" class=\"logo\" alt=\"Logo de Kunert\"\/><\/figure><\/div><div class=\"case\"><figure><img decoding=\"async\" src=\"https:\/\/pvs-es.com\/wp-content\/uploads\/2024\/11\/Outletcity-Metzingen.jpg\" alt=\"Cour int\u00e9rieure d\u2019un grand magasin\"\/><\/figure><div class=\"gradient-layer\"><\/div><figure><img decoding=\"async\" src=\"https:\/\/pvs-es.com\/wp-content\/uploads\/2024\/11\/Logo_Zeichenflaeche-1-Kopie-5.png\" class=\"logo\" alt=\"Logo de Outletcity-Metzingen\"\/><\/figure><\/div><\/div><\/section>\n\n\n\n<div style=\"height:20px\" aria-hidden=\"true\" class=\"wp-block-spacer\"><\/div>\n\n\n\n<p><br><\/p>\n\n\n\n<div style=\"height:20px\" aria-hidden=\"true\" class=\"wp-block-spacer\"><\/div>\n\n\n\n<section class=\"wp-block-pvse-process-block process\"><div class=\"wrap\"><h2 class=\"heading\"><strong>Comment cela fonctionne-t-il?<\/strong><\/h2><div class=\"flexalign\"><div class=\"step\"><div class=\"icon\"><img decoding=\"async\" src=\"http:\/\/www.pvs-es.com\/wp-content\/uploads\/2024\/10\/Analyze.png\" alt=\"decorative illustration of the step\"\/><\/div><div class=\"text\"><strong>Quelle est la proc\u00e9dure d&#8217;int\u00e9gration ? Dans combien de temps pouvons-nous d\u00e9buter ?<\/strong><br>En bref, nous vous rendons op\u00e9rationnel en un clin d&#8217;\u0153il. Forts de nos ann\u00e9es d&#8217;exp\u00e9rience, nous nous occupons de tout. De la transmission des num\u00e9ros de t\u00e9l\u00e9phone \u00e0 la formation individualis\u00e9e de nos agents, en passant par la gestion des syst\u00e8mes de messagerie. Pour une meilleure transparence, nous offrons des services tels que la mise \u00e0 jour des bases de donn\u00e9es, la t\u00e9l\u00e9phonie et l&#8217;assistance par courrier \u00e9lectronique. N&#8217;h\u00e9sitez pas \u00e0 nous contacter d\u00e8s aujourd&#8217;hui !<\/div><\/div><div class=\"step\"><div class=\"icon\"><img decoding=\"async\" src=\"http:\/\/www.pvs-es.com\/wp-content\/uploads\/2024\/10\/Reporting.png\" alt=\"decorative illustration of the step\"\/><\/div><div class=\"text\"><strong>Comment pouvons-nous garantir que nos clients seront satisfaits du service client que vous <br>leur offrez ?<\/strong><br>Nous nous consid\u00e9rons comme une extension de votre \u00e9quipe. Afin de refl\u00e9ter l&#8217;identit\u00e9 distinctive de votre marque, nous collaborons avec des \u00e9quipes de petite taille, compos\u00e9es d&#8217;environ 15 personnes, qui sont parfaitement inform\u00e9es de vos produits et des besoins sp\u00e9cifiques de votre public cible. Cela assure une fid\u00e9lisation \u00e0 long terme de la client\u00e8le. <p>Gr\u00e2ce \u00e0 cette approche, nous sommes en mesure de garantir un service irr\u00e9prochable en fournissant une assistance \u00e0 la client\u00e8le exceptionnelle, un soutien personnalis\u00e9, une image de marque am\u00e9lior\u00e9e et une profonde empathie. Contactez-nous d\u00e8s aujourd&#8217;hui et commencez \u00e0 am\u00e9liorer votre exp\u00e9rience client !<\/p><\/div><\/div><div class=\"step\"><div class=\"icon\"><img decoding=\"async\" src=\"http:\/\/www.pvs-es.com\/wp-content\/uploads\/2024\/10\/Prozessoptimierung.png\" alt=\"decorative illustration of the step\"\/><\/div><div class=\"text\"><strong>Comment fonctionnent les rapports ?<\/strong><br>Nos rapports permettent de visualiser clairement les indicateurs cl\u00e9s de performance les plus importants, ce qui garantit une transparence totale dans l&#8217;analyse de vos processus d&#8217;assistance \u00e0 la client\u00e8le. En utilisant votre tableau de bord personnalis\u00e9, vous pouvez contr\u00f4ler en permanence la qualit\u00e9 de notre service et acc\u00e9der \u00e0 des solutions rapides et adapt\u00e9es, avec des donn\u00e9es de performance en temps r\u00e9el. Les rapports et les statistiques suppl\u00e9mentaires vous permettront d&#8217;avoir une vision plus d\u00e9taill\u00e9e de vos op\u00e9rations.<\/div><\/div><\/div><\/div><\/section>\n\n\n\n<p class=\"has-medium-font-size\">L&#8217;int\u00e9gration des mod\u00e8les de fr\u00e9quence et de dur\u00e9e des contacts vise \u00e0 am\u00e9liorer l&#8217;optimisation des processus.<\/p>\n\n\n\n<div style=\"height:100px\" aria-hidden=\"true\" class=\"wp-block-spacer\"><\/div>\n\n\n\n<h2 class=\"wp-block-heading has-text-color has-link-color wp-elements-53187f3b350c24dcb44729f011195668\" style=\"color:#5600d8\">Restons en contact<\/h2>\n\n\n\n<div class=\"wp-block-columns l-a-r is-layout-flex wp-container-core-columns-is-layout-9d6595d7 wp-block-columns-is-layout-flex\">\n<div class=\"wp-block-column is-layout-flow wp-block-column-is-layout-flow\" style=\"flex-basis:66.66%\">\n<script type=\"text\/javascript\" src=\"\/\/m.pvs-rs.com\/form\/generate.js?id=27\"><\/script>\n<\/div>\n\n\n\n<div class=\"wp-block-column is-layout-flow wp-block-column-is-layout-flow\" style=\"flex-basis:33.33%\">\n<figure class=\"wp-block-image size-full\"><img loading=\"lazy\" decoding=\"async\" width=\"800\" height=\"1000\" src=\"http:\/\/www.pvs-es.com\/wp-content\/uploads\/2025\/01\/Luigi-D\u00b4Olivio-2.jpg\" alt=\"Un jeune homme s'appuie sur son bras gauche, l'\u00e9paule tourn\u00e9e vers la cam\u00e9ra, et sourit \u00e0 l'objectif.\" class=\"wp-image-2099\" srcset=\"https:\/\/pvs-es.com\/wp-content\/uploads\/2025\/01\/Luigi-D\u00b4Olivio-2.jpg 800w, https:\/\/pvs-es.com\/wp-content\/uploads\/2025\/01\/Luigi-D\u00b4Olivio-2-240x300.jpg 240w, https:\/\/pvs-es.com\/wp-content\/uploads\/2025\/01\/Luigi-D\u00b4Olivio-2-768x960.jpg 768w\" sizes=\"auto, (max-width: 800px) 100vw, 800px\" \/><\/figure>\n<\/div>\n<\/div>\n\n\n\n<section class=\"wp-block-pvse-more-block pvse-more-block\"><div class=\"wrap\"><h2 class=\"heading\" style=\"color:#5600d8\">Vous pourriez \u00e9galement \u00eatre int\u00e9ress\u00e9 par &#8230;<\/h2><div class=\"more-blocks\"><a class=\"block\" href=\"\/index.php\/logistics\/\/?lang=fr\"><div class=\"desc\">Logistics<\/div><\/a><a class=\"block\" href=\"\/index.php\/consulting\/\/?lang=fr\"><div class=\"desc\">Consulting<\/div><\/a><a class=\"block\" href=\"\/index.php\/marketplaces\/\/?lang=fr\"><div class=\"desc\">Marketplaces<\/div><\/a><\/div><\/div><\/section>\n","protected":false},"excerpt":{"rendered":"<p>Un suivi personnalis\u00e9 de la client\u00e8le : Le service client est sans doute l&#8217;aspect le plus critique du parcours client. Nous sommes fiers d&#8217;aller au-del\u00e0 du service client traditionnel, nous donnons la priorit\u00e9 au client, en am\u00e9liorant son exp\u00e9rience gr\u00e2ce \u00e0 des id\u00e9es novatrices et \u00e0 des solutions optimis\u00e9es. Nous apportons des nouvelles id\u00e9es pour [&hellip;]<\/p>\n","protected":false},"author":6,"featured_media":0,"parent":0,"menu_order":0,"comment_status":"closed","ping_status":"closed","template":"","meta":{"footnotes":""},"class_list":["post-2282","page","type-page","status-publish","hentry"],"jetpack_sharing_enabled":true,"_links":{"self":[{"href":"https:\/\/pvs-es.com\/index.php\/wp-json\/wp\/v2\/pages\/2282","targetHints":{"allow":["GET"]}}],"collection":[{"href":"https:\/\/pvs-es.com\/index.php\/wp-json\/wp\/v2\/pages"}],"about":[{"href":"https:\/\/pvs-es.com\/index.php\/wp-json\/wp\/v2\/types\/page"}],"author":[{"embeddable":true,"href":"https:\/\/pvs-es.com\/index.php\/wp-json\/wp\/v2\/users\/6"}],"replies":[{"embeddable":true,"href":"https:\/\/pvs-es.com\/index.php\/wp-json\/wp\/v2\/comments?post=2282"}],"version-history":[{"count":18,"href":"https:\/\/pvs-es.com\/index.php\/wp-json\/wp\/v2\/pages\/2282\/revisions"}],"predecessor-version":[{"id":3371,"href":"https:\/\/pvs-es.com\/index.php\/wp-json\/wp\/v2\/pages\/2282\/revisions\/3371"}],"wp:attachment":[{"href":"https:\/\/pvs-es.com\/index.php\/wp-json\/wp\/v2\/media?parent=2282"}],"curies":[{"name":"wp","href":"https:\/\/api.w.org\/{rel}","templated":true}]}}