{"id":2262,"date":"2024-10-29T16:34:14","date_gmt":"2024-10-29T15:34:14","guid":{"rendered":"https:\/\/pvs-es.com\/index.php\/logistics\/"},"modified":"2025-07-09T09:37:22","modified_gmt":"2025-07-09T07:37:22","slug":"logistics","status":"publish","type":"page","link":"https:\/\/pvs-es.com\/index.php\/logistics\/?lang=fr","title":{"rendered":"Logistics"},"content":{"rendered":"\n<div class=\"wp-block-pvse-title-detail-parallax wrapper-parallax\"><layer class=\"bg\"><img decoding=\"async\" src=\"http:\/\/www.pvs-es.com\/wp-content\/uploads\/2024\/10\/Header-5.jpg\" alt=\"background for parallax effect\"\/><\/layer><layer class=\"ly-3\"><img decoding=\"async\" src=\"http:\/\/www.pvs-es.com\/wp-content\/uploads\/2025\/01\/leerebene.png\" alt=\"third layer of graphical parallax effect\"\/><\/layer><layer class=\"ly-2\"><img decoding=\"async\" src=\"http:\/\/www.pvs-es.com\/wp-content\/uploads\/2025\/01\/leerebene.png\" alt=\"second layer of graphical parallax effect\"\/><\/layer><layer class=\"ly-1\"><img decoding=\"async\" src=\"http:\/\/www.pvs-es.com\/wp-content\/uploads\/2025\/01\/leerebene.png\" alt=\"first layer of graphical parallax effect\"\/><\/layer><div class=\"glasswrap\"><div class=\"schrag\"><\/div><div class=\"schrag\"><\/div><div class=\"schrag\"><\/div><div class=\"hero-detail\"><div class=\"hero-detail-text\"><h2 class=\"has-medium-font-size\">Une int\u00e9gration rapide et des d\u00e9cennies d&#8217;expertise : PVS est pr\u00eat \u00e0 r\u00e9pondre \u00e0 toutes vos questions et \u00e0 soutenir votre succ\u00e8s \u00e0 &lt;br&gt;long terme !<\/h2><\/div><div class=\"hero-detail-heading\"><div class=\"pointer\"><\/div><div class=\"pointer\"><\/div><div class=\"pointer\"><\/div><h1 style=\"color:#5600d8\" class=\"wp-block-heading\">Nous pr\u00e9sentons vos produits et votre style dans le monde<\/h1><\/div><\/div><\/div><div class=\"line\"><\/div><div class=\"line\"><\/div><div class=\"line\"><\/div><div class=\"line\"><\/div><div class=\"line\"><\/div><div class=\"line\"><\/div><div class=\"line\"><\/div><div class=\"line\"><\/div><div class=\"line\"><\/div><div class=\"line\"><\/div><div class=\"line\"><\/div><div class=\"line\"><\/div><\/div>\n\n\n\n<div style=\"height:80px\" aria-hidden=\"true\" class=\"wp-block-spacer\"><\/div>\n\n\n\n<p class=\"has-medium-font-size\">Vous avez acc\u00e8s \u00e0 une gamme \u00e9tendue de <strong>services de qualit\u00e9<\/strong> qui vont bien au-del\u00e0 des<strong> offres habituelles.<\/strong> Nous vous proposons une approche <strong>flexible ou globale :<\/strong> vous pouvez choisir des formules compl\u00e8tes ou des services individuels sur mesure, en fonction de vos besoins sp\u00e9cifiques.<\/p>\n\n\n\n<section class=\"wp-block-pvse-benefits pvse-benefits\"><div class=\"wrap\"><h2 class=\"heading\" style=\"color:#5600d8\">Nos services logistiques<\/h2><ul><li><span>R\u00e9ception de la marchandise<\/span><div class=\"text\">Nous assurons le contr\u00f4le de la qualit\u00e9, le stockage ad\u00e9quat des articles pli\u00e9s ou suspendus et une gestion minutieuse des stocks \u2013 vos articles sont toujours entre de bonnes mains et pr\u00eats \u00e0 \u00eatre livr\u00e9s et port\u00e9s.<\/div><\/li><li><span>Stockage<\/span><div class=\"text\">Gestion efficace des stocks, stockage organis\u00e9 ou flexible, tout est \u00e0 sa place.<\/div><\/li><li><span>Pr\u00e9paration et emballage de la marchandise<\/span><div class=\"text\">La pr\u00e9paration des commandes guid\u00e9e et optimis\u00e9e par WMS pour garantir l\u2019efficacit\u00e9 et la qualit\u00e9, ainsi que l\u2019emballage sur mesure et durable \u2013 comptez sur nos d\u00e9cennies d\u2019exp\u00e9rience dans les services \u00e0 valeur ajout\u00e9e et la logistique pour prot\u00e9ger tout ce qui fait vos produits.<\/div><\/li><li><span>Un transport maritime mondial s\u00fbr et des services logistiques durables<\/span><div class=\"text\">Nous fournissons des emballages s\u00e9curis\u00e9s pour garantir que vos marchandises arrivent sans dommage, nous s\u00e9lectionnons les bons transporteurs, nous proposons des options d\u2019exp\u00e9dition par palettes, nous g\u00e9rons les envois dans le monde entier et nous nous occupons de tous les d\u00e9sagr\u00e9ments li\u00e9s aux colis endommag\u00e9s ou perdus, afin que tout se d\u00e9roule sans accroc.<\/div><\/li><\/ul><\/div><\/section>\n\n\n\n<h2 class=\"wp-block-heading has-text-color has-link-color wp-elements-a723d495fd2d50cfad670f38ba394363\" style=\"color:#5600d8\"><strong>Cas d&#8217;entreprise<\/strong><\/h2>\n\n\n\n<section class=\"wp-block-pvse-case-storys pvse-case-storys\"><div class=\"grid\"><div class=\"strich_wrap\"><div class=\"line\"><\/div><div class=\"line\"><\/div><div class=\"line\"><\/div><div class=\"line\"><\/div><div class=\"line\"><\/div><div class=\"line\"><\/div><div class=\"line\"><\/div><div class=\"line\"><\/div><div class=\"line\"><\/div><div class=\"line-b\"><\/div><div class=\"line-b\"><\/div><div class=\"line-b\"><\/div><div class=\"line-b\"><\/div><div class=\"line-b\"><\/div><div class=\"line-b\"><\/div><div class=\"line-b\"><\/div><div class=\"line-b\"><\/div><div class=\"line-b\"><\/div><\/div><div class=\"case\"><figure><img decoding=\"async\" src=\"https:\/\/pvs-es.com\/wp-content\/uploads\/2024\/11\/Bugatti.jpg\" alt=\"Une femme s'appuie sur un homme en v\u00eatements Bugatti.\"\/><\/figure><div class=\"gradient-layer\"><\/div><figure><img decoding=\"async\" src=\"https:\/\/pvs-es.com\/wp-content\/uploads\/2024\/11\/Logo_Zeichenflaeche-1-Kopie-3.png\" class=\"logo\" alt=\"Logo of Bugatti\"\/><\/figure><\/div><div class=\"case\"><figure><img decoding=\"async\" src=\"https:\/\/pvs-es.com\/wp-content\/uploads\/2025\/01\/parma-calcio-2.jpg\" alt=\"Athl\u00e8te posant avec le maillot\"\/><\/figure><div class=\"gradient-layer\"><\/div><figure><img decoding=\"async\" src=\"https:\/\/pvs-es.com\/wp-content\/uploads\/2025\/01\/Parma-Calcio-logo-RGB-White.png\" class=\"logo\" alt=\"Logo de Parma Calcio\"\/><\/figure><\/div><div class=\"case\"><figure><img decoding=\"async\" src=\"https:\/\/pvs-es.com\/wp-content\/uploads\/2024\/12\/Mandarina-Druck.jpg\" alt=\"Valises empil\u00e9es plac\u00e9es contre un mur\"\/><\/figure><div class=\"gradient-layer\"><\/div><figure><img decoding=\"async\" src=\"https:\/\/pvs-es.com\/wp-content\/uploads\/2024\/12\/logo-SCRIPT_white-01.png\" class=\"logo\" alt=\"Logo de Mandarina Duck\"\/><\/figure><\/div><div class=\"case\"><figure><img decoding=\"async\" src=\"https:\/\/pvs-es.com\/wp-content\/uploads\/2024\/12\/Selecta.jpg\" alt=\"Femme tenant une tasse, souriant les yeux ferm\u00e9s\"\/><\/figure><div class=\"gradient-layer\"><\/div><figure><img decoding=\"async\" src=\"https:\/\/pvs-es.com\/wp-content\/uploads\/2024\/12\/Selecta_RGB-Total-White.png\" class=\"logo\" alt=\"Logo de Selecta\"\/><\/figure><\/div><div class=\"case\"><figure><img decoding=\"async\" src=\"https:\/\/pvs-es.com\/wp-content\/uploads\/2024\/11\/Lamy.jpg\" alt=\"Stand d\u2019exposition de l\u2019entreprise Lamy\"\/><\/figure><div class=\"gradient-layer\"><\/div><figure><img decoding=\"async\" src=\"https:\/\/pvs-es.com\/wp-content\/uploads\/2024\/11\/Logo_Zeichenflaeche-1-Kopie-7.png\" class=\"logo\" alt=\"Logo de Firma Lamy\"\/><\/figure><\/div><div class=\"case\"><figure><img decoding=\"async\" src=\"https:\/\/pvs-es.com\/wp-content\/uploads\/2024\/11\/Zwiesel-Glas.jpg\" alt=\"Un verre de vin rempli sur une table dress\u00e9e\"\/><\/figure><div class=\"gradient-layer\"><\/div><figure><img decoding=\"async\" src=\"https:\/\/pvs-es.com\/wp-content\/uploads\/2024\/11\/Logo_Zeichenflaeche-1.png\" class=\"logo\" alt=\"Logo de Zweisel-Glas\"\/><\/figure><\/div><\/div><\/section>\n\n\n\n<section class=\"wp-block-pvse-process-block process\"><div class=\"wrap\"><h2 class=\"heading\">Comment commencer ?<\/h2><div class=\"flexalign\"><div class=\"step\"><div class=\"icon\"><img decoding=\"async\" src=\"http:\/\/www.pvs-es.com\/wp-content\/uploads\/2024\/10\/Analyze.png\" alt=\"decorative illustration of the step\"\/><\/div><div class=\"text\"><strong>Nous souhaitons externaliser la gestion de notre entrep\u00f4t. Quelles sont les \u00e9tapes suivantes ?<\/strong>C&#8217;est aussi simple que cela en a l&#8217;air : vous envoyez vos articles \u00e0 notre entrep\u00f4t et nous nous occupons de tout le reste, y compris le traitement initial \u00e0 l&#8217;arriv\u00e9e avec comptage et contr\u00f4le de la qualit\u00e9, l&#8217;entreposage, l&#8217;inventaire p\u00e9riodique ou annuel et le r\u00e9approvisionnement.<\/div><\/div><div class=\"step\"><div class=\"icon\"><img decoding=\"async\" src=\"http:\/\/www.pvs-es.com\/wp-content\/uploads\/2024\/10\/Reporting.png\" alt=\"decorative illustration of the step\"\/><\/div><div class=\"text\"><strong>Quelle est la suite du processus ?<\/strong><br>Une fois que vos marchandises sont stock\u00e9es dans nos entrep\u00f4ts, nous pouvons commencer imm\u00e9diatement \u00e0 nous occuper de tout, du pr\u00e9l\u00e8vement et de l&#8217;emballage \u00e0 l&#8217;exp\u00e9dition et \u00e0 la gestion des retours, cr\u00e9ant ainsi un cycle continu de logistique internationale!<\/div><\/div><div class=\"step\"><div class=\"icon\"><img decoding=\"async\" src=\"http:\/\/www.pvs-es.com\/wp-content\/uploads\/2024\/10\/Prozessoptimierung.png\" alt=\"decorative illustration of the step\"\/><\/div><div class=\"text\"><strong>C&#8217;est fantastique ! O\u00f9 puis-je soumettre <br>ma demande ?<\/strong><br>C&#8217;est g\u00e9nial ! Contactez-nous et nous r\u00e9pondrons \u00e0 toutes vos questions et \u00e0 tous vos besoins.<\/div><\/div><\/div><\/div><\/section>\n\n\n\n<div style=\"height:100px\" aria-hidden=\"true\" class=\"wp-block-spacer\"><\/div>\n\n\n\n<h2 class=\"wp-block-heading has-text-color has-link-color wp-elements-53187f3b350c24dcb44729f011195668\" style=\"color:#5600d8\">Restons en contact<\/h2>\n\n\n\n<div class=\"wp-block-columns l-a-r is-layout-flex wp-container-core-columns-is-layout-9d6595d7 wp-block-columns-is-layout-flex\">\n<div class=\"wp-block-column is-layout-flow wp-block-column-is-layout-flow\" style=\"flex-basis:66.66%\">\n<script type=\"text\/javascript\" src=\"\/\/m.pvs-rs.com\/form\/generate.js?id=27\"><\/script>\n<\/div>\n\n\n\n<div class=\"wp-block-column is-layout-flow wp-block-column-is-layout-flow\" style=\"flex-basis:33.33%\">\n<figure class=\"wp-block-image size-full\"><img loading=\"lazy\" decoding=\"async\" width=\"800\" height=\"1000\" src=\"http:\/\/www.pvs-es.com\/wp-content\/uploads\/2025\/01\/Luigi-D\u00b4Olivio-2.jpg\" alt=\"Un jeune homme s'appuie sur son bras gauche, l'\u00e9paule tourn\u00e9e vers la cam\u00e9ra, et sourit \u00e0 l'objectif.\" class=\"wp-image-2099\" srcset=\"https:\/\/pvs-es.com\/wp-content\/uploads\/2025\/01\/Luigi-D\u00b4Olivio-2.jpg 800w, https:\/\/pvs-es.com\/wp-content\/uploads\/2025\/01\/Luigi-D\u00b4Olivio-2-240x300.jpg 240w, https:\/\/pvs-es.com\/wp-content\/uploads\/2025\/01\/Luigi-D\u00b4Olivio-2-768x960.jpg 768w\" sizes=\"auto, (max-width: 800px) 100vw, 800px\" \/><\/figure>\n<\/div>\n<\/div>\n\n\n\n<section class=\"wp-block-pvse-more-block pvse-more-block\"><div class=\"wrap\"><h2 class=\"heading\" style=\"color:#5600d8\"><strong>Vous pourriez \u00e9galement \u00eatre <br>int\u00e9ress\u00e9 par &#8230;<\/strong><\/h2><div class=\"more-blocks\"><a class=\"block\" href=\"\/index.php\/crossborder\/?lang=fr\"><div class=\"desc\">Cross-Border<\/div><\/a><a class=\"block\" href=\"\/index.php\/customer-care\/?lang=fr\"><div class=\"desc\">Customer Care<\/div><\/a><a class=\"block\" href=\"\/index.php\/marketplaces\/?lang=fr\"><div class=\"desc\">Marketplaces<\/div><\/a><\/div><\/div><\/section>\n","protected":false},"excerpt":{"rendered":"<p>Vous avez acc\u00e8s \u00e0 une gamme \u00e9tendue de services de qualit\u00e9 qui vont bien au-del\u00e0 des offres habituelles. Nous vous proposons une approche flexible ou globale : vous pouvez choisir des formules compl\u00e8tes ou des services individuels sur mesure, en fonction de vos besoins sp\u00e9cifiques. Cas d&#8217;entreprise Restons en contact<\/p>\n","protected":false},"author":6,"featured_media":0,"parent":0,"menu_order":0,"comment_status":"closed","ping_status":"closed","template":"","meta":{"footnotes":""},"class_list":["post-2262","page","type-page","status-publish","hentry"],"jetpack_sharing_enabled":true,"_links":{"self":[{"href":"https:\/\/pvs-es.com\/index.php\/wp-json\/wp\/v2\/pages\/2262","targetHints":{"allow":["GET"]}}],"collection":[{"href":"https:\/\/pvs-es.com\/index.php\/wp-json\/wp\/v2\/pages"}],"about":[{"href":"https:\/\/pvs-es.com\/index.php\/wp-json\/wp\/v2\/types\/page"}],"author":[{"embeddable":true,"href":"https:\/\/pvs-es.com\/index.php\/wp-json\/wp\/v2\/users\/6"}],"replies":[{"embeddable":true,"href":"https:\/\/pvs-es.com\/index.php\/wp-json\/wp\/v2\/comments?post=2262"}],"version-history":[{"count":15,"href":"https:\/\/pvs-es.com\/index.php\/wp-json\/wp\/v2\/pages\/2262\/revisions"}],"predecessor-version":[{"id":3365,"href":"https:\/\/pvs-es.com\/index.php\/wp-json\/wp\/v2\/pages\/2262\/revisions\/3365"}],"wp:attachment":[{"href":"https:\/\/pvs-es.com\/index.php\/wp-json\/wp\/v2\/media?parent=2262"}],"curies":[{"name":"wp","href":"https:\/\/api.w.org\/{rel}","templated":true}]}}