{"id":2251,"date":"2024-10-29T15:24:26","date_gmt":"2024-10-29T14:24:26","guid":{"rendered":"https:\/\/pvs-es.com\/index.php\/services\/"},"modified":"2025-07-08T13:57:07","modified_gmt":"2025-07-08T11:57:07","slug":"services","status":"publish","type":"page","link":"https:\/\/pvs-es.com\/index.php\/services\/?lang=de","title":{"rendered":"Services"},"content":{"rendered":"\n<div class=\"wp-block-pvse-title-detail-parallax wrapper-parallax\"><layer class=\"bg\"><img decoding=\"async\" src=\"http:\/\/www.pvs-es.com\/wp-content\/uploads\/2024\/12\/header_services1.webp\" alt=\"background for parallax effect\"\/><\/layer><layer class=\"ly-3\"><img decoding=\"async\" src=\"http:\/\/www.pvs-es.com\/wp-content\/uploads\/2024\/12\/header_services2.webp\" alt=\"third layer of graphical parallax effect\"\/><\/layer><layer class=\"ly-2\"><img decoding=\"async\" src=\"http:\/\/www.pvs-es.com\/wp-content\/uploads\/2024\/12\/header_services3.webp\" alt=\"second layer of graphical parallax effect\"\/><\/layer><layer class=\"ly-1\"><img decoding=\"async\" src=\"http:\/\/www.pvs-es.com\/wp-content\/uploads\/2025\/01\/header_services4-1.webp\" alt=\"first layer of graphical parallax effect\"\/><\/layer><div class=\"glasswrap\"><div class=\"schrag\"><\/div><div class=\"schrag\"><\/div><div class=\"schrag\"><\/div><div class=\"hero-detail\"><div class=\"hero-detail-text\"><h2 class=\"has-medium-font-size\">Unser Ziel: ein erstklassiges Kundenerlebnis und einen einheitlichen Markenauftritt \u00fcber alle Kan\u00e4le hinweg.<\/h2><\/div><div class=\"hero-detail-heading\"><div class=\"pointer\"><\/div><div class=\"pointer\"><\/div><div class=\"pointer\"><\/div><h1 style=\"color:#5600d8\" class=\"wp-block-heading\">Unsere individuellen L\u00f6sungen f\u00fcr Ihre gew\u00fcnschten Dienstleistungen<\/h1><\/div><\/div><\/div><div class=\"line\"><\/div><div class=\"line\"><\/div><div class=\"line\"><\/div><div class=\"line\"><\/div><div class=\"line\"><\/div><div class=\"line\"><\/div><div class=\"line\"><\/div><div class=\"line\"><\/div><div class=\"line\"><\/div><div class=\"line\"><\/div><div class=\"line\"><\/div><div class=\"line\"><\/div><\/div>\n\n\n\n<section class=\"wp-block-pvse-ul-left-text-right-copy\"><div class=\"wrap\"><h2 class=\"headline\">Sie haben die Wahl: W\u00e4hlen Sie ein komplettes Paket oder einzelne Dienstleistungen nach Ihren Bed\u00fcrfnissen.<\/h2><div class=\"grid-col-2\"><div class=\"col-2\"><div class=\"column-item\"><span class=\"column-text\">Wir bieten Ihnen die M\u00f6glichkeit, verschiedene Bereiche schrittweise zu implementieren.<\/span><\/div><div class=\"column-item\"><span class=\"column-text\">Wir bieten die Flexibilit\u00e4t, stufenweise auszulagern, mit ma\u00dfgeschneiderten L\u00f6sungen (z. B. nur Logistik, nur Kundensupport, nur Marktplatz usw.), so dass Sie Ihre Aktivit\u00e4ten Jahr f\u00fcr Jahr nach Bedarf anpassen und erweitern k\u00f6nnen.<\/span><\/div><\/div><div class=\"col-2\"><p class=\"text\">Unabh\u00e4ngig davon, welchen Weg Sie w\u00e4hlen, helfen wir Ihnen, Ihr volles Potenzial zu entfalten, die Effizienz zu steigern, Begeisterung zu erzeugen und ein unvergessliches Kundenerlebnis zu schaffen, das Ihre Erwartungen \u00fcbertrifft.<\/p><\/div><\/div><\/div><\/section>\n\n\n\n<section class=\"wp-block-pvse-box-list\"><div class=\"wrap\"><h2 class=\"headline\">Wie k\u00f6nnen wir zu Ihrem Erfolg beitragen?<\/h2><div class=\"boxes columns4\"><a href=\"https:\/\/pvs-es.com\/index.php\/logistics\/?lang=de\" class=\"box\"><p class=\"subheadline\">Logistics<\/p><div class=\"description\"><div><p>Weltweite Lagerhaltung, Pick&amp;Pack und Versanddienstleistungen, die auf Ihr Unternehmen zugeschnitten sind. Wir k\u00fcmmern uns um alles, von der Qualit\u00e4t der eingehenden Sendungen \u00fcber die Auswahl leistungsf\u00e4higer Kuriere bis hin zur Abwicklung internationaler Retouren. Wachsen Sie nachhaltig mit unserer End-to-End-Logistikkompetenz.<\/p><\/div><\/div><\/a><a href=\"https:\/\/pvs-es.com\/index.php\/customer-care\/\/?lang=de\" class=\"box\"><p class=\"subheadline\">Customer Care<\/p><div class=\"description\"><div><p>Vom Pre-Sales bis zum Post-Sales stellen wir die Zufriedenheit Ihrer Endkunden mit garantierter Transparenz durch detaillierte KPI-Berichte und Aktivit\u00e4ts-Updates sicher. Mit unserer jahrzehntelangen Erfahrung sind wir Ihre vertrauensw\u00fcrdigen Spezialisten.<\/p><\/div><\/div><\/a><a href=\"https:\/\/pvs-es.com\/index.php\/marketplaces\/\/?lang=de\" class=\"box\"><p class=\"subheadline\">Marketplace Services<\/p><div class=\"description\"><div><p>eCommerce-Komplettpakete \u2013 von der Marktplatzeinrichtung und -zuordnung bis hin zum digitalen Marketing und zur Inbetriebnahme \u2013 wir bieten eine nahtlose Integration f\u00fcr Ihr Unternehmen. Liefern Sie uns einfach Ihr modisches Inventar und Ihre Daten, um zu beginnen.<\/p><\/div><\/div><\/a><a href=\"https:\/\/pvs-es.com\/index.php\/consulting\/\/?lang=de\" class=\"box\"><p class=\"subheadline\">Consulting<\/p><div class=\"description\"><div><p>Wir gehen \u00fcber effiziente Omnichannel-Logistik und Customer Support hinaus \u2013 wir liefern genau das, was Sie brauchen. Mit unserer langj\u00e4hrigen Expertise in den Bereichen Consulting und eCommerce-Prozessoptimierung stellen wir sicher, dass Ihr Unternehmen davon profitiert.<\/p><\/div><\/div><\/a><a href=\"https:\/\/pvs-es.com\/index.php\/crossborder\/\/?lang=de\" class=\"box\"><p class=\"subheadline\">Cross-Border Strategy<\/p><div class=\"description\"><div><p>Sie wollen Ihre Kunden erreichen, wo immer sie sind? Wir helfen Ihnen, Ihre globale Pr\u00e4senz nahtlos zu erweitern. Von der Verwaltung von Steuern und Z\u00f6llen bis hin zu Ihrer Rolle als Merchant of Record \u2013 wir zentralisieren Ihre finanziellen Abl\u00e4ufe und stellen gleichzeitig die Einhaltung der l\u00e4nderspezifischen Vorschriften sicher.<\/p><\/div><\/div><\/a><a href=\"https:\/\/pvs-es.com\/index.php\/merchant-of-records\/\/?lang=de\" class=\"box\"><p class=\"subheadline\">Merchant of Records (MoR)<\/p><div class=\"description\"><div><p>Die Verwaltung des Cashflows, die Einhaltung internationaler Steuergesetze und rechtlicher Vorschriften kann sehr komplex sein. Als Ihr Merchant of Record (MoR) \u00fcbernehmen wir die volle Verantwortung f\u00fcr den gesamten Prozess, reduzieren Ihre Steuerverwaltungslast und lassen Sie sich auf Ihr wachsendes Gesch\u00e4ft konzentrieren.<\/p><\/div><\/div><\/a><a href=\"https:\/\/pvs-es.com\/index.php\/platforms\/?lang=de\" class=\"box\"><p class=\"subheadline\">Platforms<\/p><div class=\"description\"><div><p>Wir entwickeln passgenaue L\u00f6sungen, die Technologie, Strategie und User Experience vereinen. Als Partner f\u00fchrender eCommerce-Plattformen realisieren wir nahtlose, skalierbare Systeme \u2013 von B2C \u00fcber B2B bis hin zu komplexen Cloud-Integrationen.<\/p><\/div><\/div><\/a><a href=\"https:\/\/pvs-es.com\/index.php\/marketing\/?lang=de\" class=\"box\"><p class=\"subheadline\">Marketing<\/p><div class=\"description\"><div><p>Mit strategischem Digital Marketing, intelligenter SEO und datengetriebenen Analysen bringen wir Marken sichtbar nach vorn. Unser Ziel: messbare Ergebnisse, h\u00f6here Ums\u00e4tze und nachhaltiger Erfolg auf allen digitalen Kan\u00e4len.<\/p><\/div><\/div><\/a><\/div><div class=\"all-services\"><a href=\"https:\/\/pvs-es.com\/index.php\/services\/\" class=\"top-link\">All Services<\/a><\/div><\/div><\/section>\n\n\n\n<section class=\"wp-block-pvse-more-block pvse-more-block\"><div class=\"wrap\"><h2 class=\"heading\" style=\"color:#5600d8\">Sie haben nicht gefunden, wonach Sie suchen?<\/h2><div class=\"more-blocks\"><a class=\"block\" href=\"\/index.php\/internal-process-optimization\/\/?lang=de\"><div class=\"desc\">Internal Process Optimization<\/div><\/a><a class=\"block\" href=\"\/index.php\/ux-cx-optimization\/\/?lang=de\"><div class=\"desc\">UX\/CX Optimization<\/div><\/a><\/div><\/div><\/section>\n\n\n\n<section class=\"wp-block-pvse-benefits pvse-benefits\"><div class=\"wrap\"><h2 class=\"heading\" style=\"color:#5600d8\">Wir glauben an &#8230;<\/h2><ul><li><span>H\u00f6chste Qualit\u00e4t:<\/span><div class=\"text\">Wir bieten erstklassige Dienstleistungen, die auf Premium-Marken zugeschnitten sind, mit unvergleichlicher Flexibilit\u00e4t, jahrzehntelanger Erfahrung und einem starken Fokus auf die Bed\u00fcrfnisse unserer Kunden. Unser Engagement f\u00fcr Qualit\u00e4t sorgt f\u00fcr nahtlose Konsistenz \u00fcber alle Dienstleistungen, Kan\u00e4le und internationalen Grenzen hinweg \u2013 und das alles mit Stil, um perfekt mit den Standards Ihrer Marke \u00fcbereinzustimmen.<\/div><\/li><li><span>Die Bedeutung einer strategischen Partnerschaft f\u00fcr 360-Grad-eCommerce:<\/span><div class=\"text\">Unser ma\u00dfgeschneiderter Ansatz kombiniert Professionalit\u00e4t, Fachwissen im internationalen Logistikmanagement, eine globale Perspektive, integriertes Wissen und sorgf\u00e4ltig strukturierte Prozesse, um Ihre individuellen Bed\u00fcrfnisse effektiv zu erf\u00fcllen.<\/div><\/li><li><span>Wir bieten Ihnen personalisierte und skalierbare L\u00f6sungen f\u00fcr Ihr Wachstum:<\/span><div class=\"text\">Sowohl auf individueller als auch auf partnerschaftlicher Ebene bieten wir operative Flexibilit\u00e4t durch ma\u00dfgeschneiderte Outsourcing-L\u00f6sungen. Ganz gleich, ob Sie einzelne Dienstleistungen oder umfassende Full-Service- Supports ben\u00f6tigen, wir setzen genau dort an, wo Sie uns brauchen.<\/div><\/li><li><span>Consulting:<\/span><div class=\"text\">Wir bieten klare, strategische Wachstumsoptimierungsl\u00f6sungen f\u00fcr die globale Markenexpansion, die Omnichannel-Ans\u00e4tze nahtlos integrieren. Mit Echtzeit-Performance-KPIs in der Logistik und allen anderen Bereichen hilft unsere Beratung, die Qualit\u00e4t zu steigern und gleichzeitig die Kosten zu senken. Mit unserer langj\u00e4hrigen Erfahrung liefern wir die besten Praktiken f\u00fcr jeden unserer Services.<\/div><\/li><li><span>Partnerschaften, die auf die Zukunft ausgerichtet sind:<\/span><div class=\"text\">Wir sind Vision\u00e4re und proaktive Innovatoren, Ihre globalen Partner f\u00fcr den Erfolg. Wie Stylisten der unbegrenzten M\u00f6glichkeiten passen wir unseren Ansatz an die einzigartigen Gewohnheiten und Trends jedes Landes an.<\/div><\/li><li><span>Sofortige Bereitschaft zum Handeln:<\/span><div class=\"text\">Wir sorgen f\u00fcr eine z\u00fcgige Service-Implementierung und ein nahtloses, sofortiges Onboarding, das auf Ihre Bed\u00fcrfnisse zugeschnitten ist.<\/div><\/li><\/ul><\/div><\/section>\n\n\n\n<div style=\"height:20px\" aria-hidden=\"true\" class=\"wp-block-spacer\"><\/div>\n","protected":false},"excerpt":{"rendered":"","protected":false},"author":6,"featured_media":0,"parent":0,"menu_order":0,"comment_status":"closed","ping_status":"closed","template":"","meta":{"footnotes":""},"class_list":["post-2251","page","type-page","status-publish","hentry"],"jetpack_sharing_enabled":true,"_links":{"self":[{"href":"https:\/\/pvs-es.com\/index.php\/wp-json\/wp\/v2\/pages\/2251","targetHints":{"allow":["GET"]}}],"collection":[{"href":"https:\/\/pvs-es.com\/index.php\/wp-json\/wp\/v2\/pages"}],"about":[{"href":"https:\/\/pvs-es.com\/index.php\/wp-json\/wp\/v2\/types\/page"}],"author":[{"embeddable":true,"href":"https:\/\/pvs-es.com\/index.php\/wp-json\/wp\/v2\/users\/6"}],"replies":[{"embeddable":true,"href":"https:\/\/pvs-es.com\/index.php\/wp-json\/wp\/v2\/comments?post=2251"}],"version-history":[{"count":12,"href":"https:\/\/pvs-es.com\/index.php\/wp-json\/wp\/v2\/pages\/2251\/revisions"}],"predecessor-version":[{"id":3521,"href":"https:\/\/pvs-es.com\/index.php\/wp-json\/wp\/v2\/pages\/2251\/revisions\/3521"}],"wp:attachment":[{"href":"https:\/\/pvs-es.com\/index.php\/wp-json\/wp\/v2\/media?parent=2251"}],"curies":[{"name":"wp","href":"https:\/\/api.w.org\/{rel}","templated":true}]}}