{"id":2213,"date":"2024-10-29T15:01:22","date_gmt":"2024-10-29T14:01:22","guid":{"rendered":"https:\/\/pvs-es.com\/index.php\/ux-cx-optimization\/"},"modified":"2025-07-09T09:26:00","modified_gmt":"2025-07-09T07:26:00","slug":"ux-cx-optimization","status":"publish","type":"page","link":"https:\/\/pvs-es.com\/index.php\/ux-cx-optimization\/?lang=de","title":{"rendered":"UX\/CX Optimization"},"content":{"rendered":"\n<div class=\"wp-block-pvse-title-detail-parallax wrapper-parallax\"><layer class=\"bg\"><img decoding=\"async\" src=\"https:\/\/pvs-es.com\/wp-content\/uploads\/2024\/10\/Header-3.jpg\" alt=\"background for parallax effect\"\/><\/layer><layer class=\"ly-3\"><img decoding=\"async\" src=\"https:\/\/pvs-es.com\/wp-content\/uploads\/2025\/01\/leerebene.png\" alt=\"third layer of graphical parallax effect\"\/><\/layer><layer class=\"ly-2\"><img decoding=\"async\" src=\"https:\/\/pvs-es.com\/wp-content\/uploads\/2025\/01\/leerebene.png\" alt=\"second layer of graphical parallax effect\"\/><\/layer><layer class=\"ly-1\"><img decoding=\"async\" src=\"https:\/\/pvs-es.com\/wp-content\/uploads\/2025\/01\/leerebene.png\" alt=\"first layer of graphical parallax effect\"\/><\/layer><div class=\"glasswrap\"><div class=\"schrag\"><\/div><div class=\"schrag\"><\/div><div class=\"schrag\"><\/div><div class=\"hero-detail\"><div class=\"hero-detail-text\"><h2 class=\"has-medium-font-size\">Hervorragende Leistungen problemlos erreichen.<\/h2><\/div><div class=\"hero-detail-heading\"><div class=\"pointer\"><\/div><div class=\"pointer\"><\/div><div class=\"pointer\"><\/div><h1 style=\"color:#5600d8\" class=\"wp-block-heading\">Optimierung der Benutzeroberfl\u00e4che<\/h1><\/div><\/div><\/div><div class=\"line\"><\/div><div class=\"line\"><\/div><div class=\"line\"><\/div><div class=\"line\"><\/div><div class=\"line\"><\/div><div class=\"line\"><\/div><div class=\"line\"><\/div><div class=\"line\"><\/div><div class=\"line\"><\/div><div class=\"line\"><\/div><div class=\"line\"><\/div><div class=\"line\"><\/div><\/div>\n\n\n\n<div style=\"height:80px\" aria-hidden=\"true\" class=\"wp-block-spacer\"><\/div>\n\n\n\n<p class=\"has-medium-font-size\">Wir r\u00fccken Ihre Marke mit erstklassigem Channel Management und herausragender Customer Experience ins Rampenlicht.<\/p>\n\n\n\n<p class=\"has-medium-font-size\">Ganz gleich, ob Sie einen umfassenden Support oder ma\u00dfgeschneiderte L\u00f6sungen ben\u00f6tigen, unsere Dienstleistungen sind so konzipiert, dass sie das hervorheben, was Sie besonders macht &#8211; denn es sind die Details, die sie unterscheiden. Ganz gleich, f\u00fcr welchen Service Sie sich entscheiden, wir stehen Ihnen als engagierter Partner zur Seite, der den Erfolg Ihrer Marke stets unterst\u00fctzt.<\/p>\n\n\n\n<p class=\"has-medium-font-size\"><\/p>\n\n\n\n<section class=\"wp-block-pvse-benefits pvse-benefits\"><div class=\"wrap\"><h2 class=\"heading\" style=\"color:#5600d8\">Wir verbessern jede Interaktion zwischen Kunde und Marke mit individuellen eServices-L\u00f6sungen<\/h2><ul><li><span>Eine Website, die beeindruckt<\/span><div class=\"text\">Wir garantieren ein au\u00dfergew\u00f6hnliches Browsing-Erlebnis.<\/div><\/li><li><span>Einfache Bestellungen, intelligente Zahlungen<\/span><div class=\"text\">Dank unserer Partner bieten wir ein digitales Erlebnis der Spitzenklasse.<\/div><\/li><li><span>Dank unserer Partner bieten wir ein digitales Erlebnis der Spitzenklasse.<\/span><div class=\"text\">Ihre Kunden haben Fragen bei der Bestellung?<\/div><\/li><li><span>Ihre Kunden haben Fragen bei der Bestellung?<\/span><div class=\"text\">Kein Problem! Wir bieten eine Online- Shopping- Beratung, engagierte Personal Shopper und eine Step by Step- Unterst\u00fctzung. Unser multilinguales Kundensupport-Team steht Ihnen jederzeit zur Verf\u00fcgung.<\/div><\/li><li><span>Jedes Detail ist auf Begeisterung ausgelegt<\/span><div class=\"text\">Vom ersten Klick bis zum Auspacken der Ware bieten wir Ihnen ein au\u00dfergew\u00f6hnliches Einkaufserlebnis. Mit unserer jahrzehntelangen Erfahrung in der Logistik sorgen wir f\u00fcr reibungslose Abl\u00e4ufe, von der sorgf\u00e4ltigen Warenabwicklung bis hin zur ma\u00dfgeschneiderten Verpackung f\u00fcr Ihre Marke. Die Individualit\u00e4t eines jeden Kunden ist unser Markenzeichen. Dar\u00fcber hinaus k\u00fcmmern wir uns um R\u00fccksendungen, die Wiederaufbereitung von Artikeln (einschlie\u00dflich Reinigung, Reparaturen und Vorbereitung des Wiederverkaufs) und die Abwicklung von R\u00fcckerstattungen \u2013 ein umfassender und pers\u00f6nlicher Service.<\/div><\/li><li><span>Kundenbetreuung nach dem Kauf<\/span><div class=\"text\">Haben Sie ein Problem? Ein verlorenes oder besch\u00e4digtes Paket? Unser mehrsprachiges Customer Care Team ist da, um jedes Problem umgehend zu l\u00f6sen und Ihnen ein nahtloses und au\u00dfergew\u00f6hnliches Kundenerlebnis zu bieten.<\/div><\/li><li><span>Mehr als nur Vorteile f\u00fcr den Endkunden<\/span><div class=\"text\">Wir halten Sie jederzeit auf dem Laufenden: Wir verfolgen die Aktivit\u00e4ten auf Ihrer Website, verwalten die Kundeninteraktionen und versorgen Sie mit laufenden Updates.<\/div><\/li><li><span>Verwaltung internationaler Aktivit\u00e4ten<\/span><div class=\"text\">Globales Wachstum und Steuermanagement: Ihre Marke, die nahtlos weltweit expandiert.<\/div><\/li><li><span>Engagierte Unterst\u00fctzung<\/span><div class=\"text\">F\u00fcr Ihre Bed\u00fcrfnisse und W\u00fcnsche und die Ihrer Kunden.<\/div><\/li><\/ul><\/div><\/section>\n\n\n\n<section class=\"wp-block-pvse-more-block pvse-more-block\"><div class=\"wrap\"><h2 class=\"heading\" style=\"color:#5600d8\">Und was, wenn Sie Ihre Prozesse verbessern wollen, um noch weiter zu gehen und noch besser zu werden?<\/h2><div class=\"more-blocks\"><a class=\"block\" href=\"\/index.php\/internal-process-optimization\/\/?lang=de\"><div class=\"desc\">Internal Process Optimization<\/div><\/a><\/div><\/div><\/section>\n\n\n\n<h2 class=\"wp-block-heading has-text-color has-link-color wp-elements-be72f258bfc74be3605dfb7faa3417a6\" style=\"color:#5600d8\">Lassen Sie uns in Kontakt bleiben &#8230;<\/h2>\n\n\n\n<div class=\"wp-block-columns l-a-r is-layout-flex wp-container-core-columns-is-layout-9d6595d7 wp-block-columns-is-layout-flex\">\n<div class=\"wp-block-column is-layout-flow wp-block-column-is-layout-flow\" style=\"flex-basis:66.66%\">\n<script type=\"text\/javascript\" src=\"\/\/m.pvs-rs.com\/form\/generate.js?id=26\"><\/script>\n<\/div>\n\n\n\n<div class=\"wp-block-column is-layout-flow wp-block-column-is-layout-flow\" style=\"flex-basis:33.33%\">\n<figure class=\"wp-block-image size-full\"><img loading=\"lazy\" decoding=\"async\" width=\"800\" height=\"1000\" src=\"http:\/\/www.pvs-es.com\/wp-content\/uploads\/2025\/01\/Luigi-D\u00b4Olivio-2.jpg\" alt=\"Ein junger Mann st\u00fctzt sich auf seinen linken Arm, richtet die Schulter zur Kamera und l\u00e4chelt in die Kamera.\" class=\"wp-image-2099\" srcset=\"https:\/\/pvs-es.com\/wp-content\/uploads\/2025\/01\/Luigi-D\u00b4Olivio-2.jpg 800w, https:\/\/pvs-es.com\/wp-content\/uploads\/2025\/01\/Luigi-D\u00b4Olivio-2-240x300.jpg 240w, https:\/\/pvs-es.com\/wp-content\/uploads\/2025\/01\/Luigi-D\u00b4Olivio-2-768x960.jpg 768w\" sizes=\"auto, (max-width: 800px) 100vw, 800px\" \/><\/figure>\n<\/div>\n<\/div>\n","protected":false},"excerpt":{"rendered":"<p>Wir r\u00fccken Ihre Marke mit erstklassigem Channel Management und herausragender Customer Experience ins Rampenlicht. Ganz gleich, ob Sie einen umfassenden Support oder ma\u00dfgeschneiderte L\u00f6sungen ben\u00f6tigen, unsere Dienstleistungen sind so konzipiert, dass sie das hervorheben, was Sie besonders macht &#8211; denn es sind die Details, die sie unterscheiden. Ganz gleich, f\u00fcr welchen Service Sie sich entscheiden, [&hellip;]<\/p>\n","protected":false},"author":6,"featured_media":0,"parent":0,"menu_order":0,"comment_status":"closed","ping_status":"closed","template":"","meta":{"footnotes":""},"class_list":["post-2213","page","type-page","status-publish","hentry"],"jetpack_sharing_enabled":true,"_links":{"self":[{"href":"https:\/\/pvs-es.com\/index.php\/wp-json\/wp\/v2\/pages\/2213","targetHints":{"allow":["GET"]}}],"collection":[{"href":"https:\/\/pvs-es.com\/index.php\/wp-json\/wp\/v2\/pages"}],"about":[{"href":"https:\/\/pvs-es.com\/index.php\/wp-json\/wp\/v2\/types\/page"}],"author":[{"embeddable":true,"href":"https:\/\/pvs-es.com\/index.php\/wp-json\/wp\/v2\/users\/6"}],"replies":[{"embeddable":true,"href":"https:\/\/pvs-es.com\/index.php\/wp-json\/wp\/v2\/comments?post=2213"}],"version-history":[{"count":9,"href":"https:\/\/pvs-es.com\/index.php\/wp-json\/wp\/v2\/pages\/2213\/revisions"}],"predecessor-version":[{"id":3356,"href":"https:\/\/pvs-es.com\/index.php\/wp-json\/wp\/v2\/pages\/2213\/revisions\/3356"}],"wp:attachment":[{"href":"https:\/\/pvs-es.com\/index.php\/wp-json\/wp\/v2\/media?parent=2213"}],"curies":[{"name":"wp","href":"https:\/\/api.w.org\/{rel}","templated":true}]}}