{"id":2211,"date":"2024-10-29T15:01:22","date_gmt":"2024-10-29T14:01:22","guid":{"rendered":"https:\/\/pvs-es.com\/index.php\/ux-cx-optimization\/"},"modified":"2025-07-09T09:26:54","modified_gmt":"2025-07-09T07:26:54","slug":"ux-cx-optimization","status":"publish","type":"page","link":"https:\/\/pvs-es.com\/index.php\/ux-cx-optimization\/?lang=fr","title":{"rendered":"UX\/CX Optimization"},"content":{"rendered":"\n<div class=\"wp-block-pvse-title-detail-parallax wrapper-parallax\"><layer class=\"bg\"><img decoding=\"async\" src=\"https:\/\/pvs-es.com\/wp-content\/uploads\/2024\/10\/Header-3.jpg\" alt=\"background for parallax effect\"\/><\/layer><layer class=\"ly-3\"><img decoding=\"async\" src=\"https:\/\/pvs-es.com\/wp-content\/uploads\/2025\/01\/leerebene.png\" alt=\"third layer of graphical parallax effect\"\/><\/layer><layer class=\"ly-2\"><img decoding=\"async\" src=\"https:\/\/pvs-es.com\/wp-content\/uploads\/2025\/01\/leerebene.png\" alt=\"second layer of graphical parallax effect\"\/><\/layer><layer class=\"ly-1\"><img decoding=\"async\" src=\"https:\/\/pvs-es.com\/wp-content\/uploads\/2025\/01\/leerebene.png\" alt=\"first layer of graphical parallax effect\"\/><\/layer><div class=\"glasswrap\"><div class=\"schrag\"><\/div><div class=\"schrag\"><\/div><div class=\"schrag\"><\/div><div class=\"hero-detail\"><div class=\"hero-detail-text\"><h2 class=\"has-medium-font-size\">Atteindre l&#8217;excellence, sans tracas.<\/h2><\/div><div class=\"hero-detail-heading\"><div class=\"pointer\"><\/div><div class=\"pointer\"><\/div><div class=\"pointer\"><\/div><h1 style=\"color:#5600d8\" class=\"wp-block-heading\">Optimisation de l&#8217;interface utilisateur<\/h1><\/div><\/div><\/div><div class=\"line\"><\/div><div class=\"line\"><\/div><div class=\"line\"><\/div><div class=\"line\"><\/div><div class=\"line\"><\/div><div class=\"line\"><\/div><div class=\"line\"><\/div><div class=\"line\"><\/div><div class=\"line\"><\/div><div class=\"line\"><\/div><div class=\"line\"><\/div><div class=\"line\"><\/div><\/div>\n\n\n\n<div style=\"height:80px\" aria-hidden=\"true\" class=\"wp-block-spacer\"><\/div>\n\n\n\n<p class=\"has-medium-font-size\">Nous mettons votre marque en lumi\u00e8re gr\u00e2ce \u00e0 une gestion des canaux de premier ordre et \u00e0 une exp\u00e9rience client exceptionnelle.<\/p>\n\n\n\n<p class=\"has-medium-font-size\">Que vous ayez besoin d&#8217;une assistance compl\u00e8te ou de solutions sur mesure, nos services sont con\u00e7us pour mettre en valeur ce qui vous rend unique &#8211; parce que ce sont les d\u00e9tails qui vous distinguent. Quel que soit le niveau de service que vous choisissez, nous sommes l\u00e0 en tant que partenaire d\u00e9di\u00e9, toujours au service de la r\u00e9ussite de votre marque.<\/p>\n\n\n\n<p class=\"has-medium-font-size\"><\/p>\n\n\n\n<section class=\"wp-block-pvse-benefits pvse-benefits\"><div class=\"wrap\"><h2 class=\"heading\" style=\"color:#5600d8\">Nous am\u00e9liorons chaque interaction entre le client et la marque gr\u00e2ce \u00e0 des solutions d&#8217;e-services personnalis\u00e9es.<\/h2><ul><li><span>Un site internet con\u00e7u pour impressionner<\/span><div class=\"text\">Nous garantissons une exp\u00e9rience de navigation exceptionnelle.<\/div><\/li><li><span>Commandes faciles, paiements intelligents<\/span><div class=\"text\">Gr\u00e2ce \u00e0 nos partenaires, nous offrons une exp\u00e9rience num\u00e9rique de pointe.<\/div><\/li><li><span>Vos clients ont des questions lors de la commande ?<\/span><div class=\"text\">Pas de probl\u00e8me ! Nous fournissons des conseils sur les achats en ligne, des acheteurs personnels d\u00e9vou\u00e9s et une assistance \u00e9tape par \u00e9tape sur le site. Notre \u00e9quipe multilingue d\u2019assistance \u00e0 la client\u00e8le est toujours disponible pour vous aider.<\/div><\/li><li><span>Chaque d\u00e9tail est con\u00e7u pour surprendre<\/span><div class=\"text\">Du premier clic \u00e0 l\u2019\u00e9motion du d\u00e9ballage, nous vous offrons une exp\u00e9rience exceptionnelle. Forts d\u2019une expertise logistique de plusieurs d\u00e9cennies, nous assurons des op\u00e9rations sans faille, depuis la manutention m\u00e9ticuleuse des marchandises jusqu\u2019\u00e0 l\u2019emballage sur mesure, adapt\u00e9 \u00e0 votre marque. L\u2019individualit\u00e9 de chaque client est notre marque de fabrique. En outre, nous g\u00e9rons les retours, reconditionnons les articles (y compris le nettoyage, les r\u00e9parations et la pr\u00e9paration \u00e0 la revente) et proc\u00e9dons aux remboursements, offrant ainsi un service complet et personnalis\u00e9.<\/div><\/li><li><span>Assistance \u00e0 la client\u00e8le apr\u00e8s l\u2019achat<\/span><div class=\"text\">Vous avez un probl\u00e8me ? Un colis \u00e9gar\u00e9 ou endommag\u00e9 ? Notre \u00e9quipe de conseillers multilingue est l\u00e0 pour r\u00e9soudre rapidement tout probl\u00e8me et offrir \u00e0 chaque fois une exp\u00e9rience client exceptionnelle.<\/div><\/li><li><span>Plus que des avantages pour le client final<\/span><div class=\"text\">Nous vous informons en permanence : nous suivons l\u2019activit\u00e9 de votre site, nous g\u00e9rons les interactions avec les clients et nous vous fournissons des mises \u00e0 jour continues.<\/div><\/li><li><span>Gestion des op\u00e9rations internationales<\/span><div class=\"text\">Croissance mondiale et gestion fiscale : votre marque, une expansion transparente dans le monde entier.<\/div><\/li><li><span>Soutien d\u00e9di\u00e9<\/span><div class=\"text\">Pour vos besoins, vos d\u00e9sirs et ceux de vos clients.<\/div><\/li><\/ul><\/div><\/section>\n\n\n\n<section class=\"wp-block-pvse-more-block pvse-more-block\"><div class=\"wrap\"><h2 class=\"heading\" style=\"color:#5600d8\"><strong>Et si vous vouliez am\u00e9liorer vos processus pour aller plus loin et \u00eatre encore plus chic ?<\/strong><\/h2><div class=\"more-blocks\"><a class=\"block\" href=\"\/index.php\/internal-process-optimization\/\/?lang=fr\"><div class=\"desc\">Internal Process Optimization<\/div><\/a><\/div><\/div><\/section>\n\n\n\n<h2 class=\"wp-block-heading has-text-color has-link-color wp-elements-39e82620e246b25cf6f3e562c4abc208\" style=\"color:#5600d8\"><strong>Restons en contact &#8230;<\/strong><\/h2>\n\n\n\n<div class=\"wp-block-columns l-a-r is-layout-flex wp-container-core-columns-is-layout-9d6595d7 wp-block-columns-is-layout-flex\">\n<div class=\"wp-block-column is-layout-flow wp-block-column-is-layout-flow\" style=\"flex-basis:66.66%\">\n<script type=\"text\/javascript\" src=\"\/\/m.pvs-rs.com\/form\/generate.js?id=27\"><\/script>\n<\/div>\n\n\n\n<div class=\"wp-block-column is-layout-flow wp-block-column-is-layout-flow\" style=\"flex-basis:33.33%\">\n<figure class=\"wp-block-image size-full\"><img loading=\"lazy\" decoding=\"async\" width=\"800\" height=\"1000\" src=\"http:\/\/www.pvs-es.com\/wp-content\/uploads\/2025\/01\/Luigi-D\u00b4Olivio-2.jpg\" alt=\"Un jeune homme s'appuie sur son bras gauche, l'\u00e9paule tourn\u00e9e vers la cam\u00e9ra, et sourit \u00e0 l'objectif.\" class=\"wp-image-2099\" srcset=\"https:\/\/pvs-es.com\/wp-content\/uploads\/2025\/01\/Luigi-D\u00b4Olivio-2.jpg 800w, https:\/\/pvs-es.com\/wp-content\/uploads\/2025\/01\/Luigi-D\u00b4Olivio-2-240x300.jpg 240w, https:\/\/pvs-es.com\/wp-content\/uploads\/2025\/01\/Luigi-D\u00b4Olivio-2-768x960.jpg 768w\" sizes=\"auto, (max-width: 800px) 100vw, 800px\" \/><\/figure>\n<\/div>\n<\/div>\n","protected":false},"excerpt":{"rendered":"<p>Nous mettons votre marque en lumi\u00e8re gr\u00e2ce \u00e0 une gestion des canaux de premier ordre et \u00e0 une exp\u00e9rience client exceptionnelle. Que vous ayez besoin d&#8217;une assistance compl\u00e8te ou de solutions sur mesure, nos services sont con\u00e7us pour mettre en valeur ce qui vous rend unique &#8211; parce que ce sont les d\u00e9tails qui vous [&hellip;]<\/p>\n","protected":false},"author":6,"featured_media":0,"parent":0,"menu_order":0,"comment_status":"closed","ping_status":"closed","template":"","meta":{"footnotes":""},"class_list":["post-2211","page","type-page","status-publish","hentry"],"jetpack_sharing_enabled":true,"_links":{"self":[{"href":"https:\/\/pvs-es.com\/index.php\/wp-json\/wp\/v2\/pages\/2211","targetHints":{"allow":["GET"]}}],"collection":[{"href":"https:\/\/pvs-es.com\/index.php\/wp-json\/wp\/v2\/pages"}],"about":[{"href":"https:\/\/pvs-es.com\/index.php\/wp-json\/wp\/v2\/types\/page"}],"author":[{"embeddable":true,"href":"https:\/\/pvs-es.com\/index.php\/wp-json\/wp\/v2\/users\/6"}],"replies":[{"embeddable":true,"href":"https:\/\/pvs-es.com\/index.php\/wp-json\/wp\/v2\/comments?post=2211"}],"version-history":[{"count":9,"href":"https:\/\/pvs-es.com\/index.php\/wp-json\/wp\/v2\/pages\/2211\/revisions"}],"predecessor-version":[{"id":3358,"href":"https:\/\/pvs-es.com\/index.php\/wp-json\/wp\/v2\/pages\/2211\/revisions\/3358"}],"wp:attachment":[{"href":"https:\/\/pvs-es.com\/index.php\/wp-json\/wp\/v2\/media?parent=2211"}],"curies":[{"name":"wp","href":"https:\/\/api.w.org\/{rel}","templated":true}]}}