{"id":2196,"date":"2024-10-29T14:32:44","date_gmt":"2024-10-29T13:32:44","guid":{"rendered":"https:\/\/pvs-es.com\/index.php\/internal-process-optimization\/"},"modified":"2025-07-09T09:24:51","modified_gmt":"2025-07-09T07:24:51","slug":"internal-process-optimization","status":"publish","type":"page","link":"https:\/\/pvs-es.com\/index.php\/internal-process-optimization\/?lang=fr","title":{"rendered":"Internal Process Optimization"},"content":{"rendered":"\n<div class=\"wp-block-pvse-title-detail-parallax wrapper-parallax\"><layer class=\"bg\"><img decoding=\"async\" src=\"https:\/\/pvs-es.com\/wp-content\/uploads\/2024\/11\/Header-13.jpg\" alt=\"background for parallax effect\"\/><\/layer><layer class=\"ly-3\"><img decoding=\"async\" src=\"https:\/\/pvs-es.com\/wp-content\/uploads\/2025\/01\/leerebene.png\" alt=\"third layer of graphical parallax effect\"\/><\/layer><layer class=\"ly-2\"><img decoding=\"async\" src=\"https:\/\/pvs-es.com\/wp-content\/uploads\/2025\/01\/leerebene.png\" alt=\"second layer of graphical parallax effect\"\/><\/layer><layer class=\"ly-1\"><img decoding=\"async\" src=\"https:\/\/pvs-es.com\/wp-content\/uploads\/2025\/01\/leerebene.png\" alt=\"first layer of graphical parallax effect\"\/><\/layer><div class=\"glasswrap\"><div class=\"schrag\"><\/div><div class=\"schrag\"><\/div><div class=\"schrag\"><\/div><div class=\"hero-detail\"><div class=\"hero-detail-text\"><h2 class=\"has-medium-font-size\">Pourquoi se contenter de rivaliser quand on peut montrer la voie ? L&#8217;\u00e9l\u00e9gance, l&#8217;efficacit\u00e9 et l&#8217;innovation nous d\u00e9finissent. Des processus optimis\u00e9s, des performances exceptionnelles.<\/h2><\/div><div class=\"hero-detail-heading\"><div class=\"pointer\"><\/div><div class=\"pointer\"><\/div><div class=\"pointer\"><\/div><h1 style=\"color:#5600d8\" class=\"wp-block-heading\">Optimisation de la proc\u00e9dure interne<\/h1><\/div><\/div><\/div><div class=\"line\"><\/div><div class=\"line\"><\/div><div class=\"line\"><\/div><div class=\"line\"><\/div><div class=\"line\"><\/div><div class=\"line\"><\/div><div class=\"line\"><\/div><div class=\"line\"><\/div><div class=\"line\"><\/div><div class=\"line\"><\/div><div class=\"line\"><\/div><div class=\"line\"><\/div><\/div>\n\n\n\n<div style=\"height:80px\" aria-hidden=\"true\" class=\"wp-block-spacer\"><\/div>\n\n\n\n<p class=\"has-medium-font-size\">PVS eServices vous aide \u00e0 <strong>vous d\u00e9marquer<\/strong> de la concurrence avec style, en <strong>vous offrant un service de premier ordre<\/strong>. Vous voulez \u00eatre un leader dans votre secteur d&#8217;activit\u00e9 ? Nos services de conseil sont l\u00e0 pour vous aider \u00e0 <strong>passer au niveau sup\u00e9rieur.<\/strong><\/p>\n\n\n\n<section class=\"wp-block-pvse-benefits pvse-benefits\"><div class=\"wrap\"><h2 class=\"heading\" style=\"color:#5600d8\">Que faisons-nous ? Nous nous occupons de vous ! Notre expertise est \u00e0 votre service.<\/h2><ul><li><span>Optimisation des proc\u00e9dures<\/span><div class=\"text\">Stimuler l\u2019efficacit\u00e9 de l\u2019entreprise et am\u00e9liorer les performances.<\/div><\/li><li><span>R\u00e9duction des co\u00fbts<\/span><div class=\"text\">R\u00e9duire les d\u00e9penses en \u00e9liminant les co\u00fbts inutiles.<\/div><\/li><li><span>Externalisation des activit\u00e9s d\u2019entreposage<\/span><div class=\"text\">Optimiser la logistique et am\u00e9liorer la satisfaction des clients exigeants.<\/div><\/li><li><span>Solutions transfrontali\u00e8res<\/span><div class=\"text\">Relever les d\u00e9fis internationaux et offrir une exp\u00e9rience d\u2019achat sans faille.<\/div><\/li><li><span>Dimension internationale<\/span><div class=\"text\">Pour une expansion mondiale r\u00e9ussie, avec une compr\u00e9hension compl\u00e8te des d\u00e9fis internationaux.<\/div><\/li><li><span>Merchant of Records<\/span><div class=\"text\">Pour offrir un service international exceptionnel, centraliser et optimiser vos flux financiers mondiaux tout en respectant les exigences propres \u00e0 chaque pays.<\/div><\/li><\/ul><\/div><\/section>\n\n\n\n<section class=\"wp-block-pvse-more-block pvse-more-block\"><div class=\"wrap\"><h2 class=\"heading\" style=\"color:#5600d8\"><strong>Et si vous souhaitez \u00eatre pr\u00e9sent et r\u00e9ussir sur toutes les places de march\u00e9, nous sommes l\u00e0 pour vous aider.<\/strong><\/h2><div class=\"more-blocks\"><a class=\"block\" href=\"\/index.php\/ux-cx-optimization\/\/?lang=fr\"><div class=\"desc\">UX\/CX Optimization<\/div><\/a><\/div><\/div><\/section>\n\n\n\n<h2 class=\"wp-block-heading has-text-color has-link-color wp-elements-6c073436e522811d4ba1c8540ab871f3\" style=\"color:#5600d8\">Contactez-nous : nous d\u00e9terminerons exactement ce dont vous avez besoin !<\/h2>\n\n\n\n<div class=\"wp-block-columns l-a-r is-layout-flex wp-container-core-columns-is-layout-9d6595d7 wp-block-columns-is-layout-flex\">\n<div class=\"wp-block-column is-layout-flow wp-block-column-is-layout-flow\" style=\"flex-basis:66.66%\">\n<script type=\"text\/javascript\" src=\"\/\/m.pvs-rs.com\/form\/generate.js?id=27\"><\/script>\n<\/div>\n\n\n\n<div class=\"wp-block-column is-layout-flow wp-block-column-is-layout-flow\" style=\"flex-basis:33.33%\">\n<figure class=\"wp-block-image size-full\"><img loading=\"lazy\" decoding=\"async\" width=\"800\" height=\"1000\" src=\"http:\/\/www.pvs-es.com\/wp-content\/uploads\/2025\/01\/Luigi-D\u00b4Olivio-2.jpg\" alt=\"Un jeune homme s'appuie sur son bras gauche, l'\u00e9paule tourn\u00e9e vers la cam\u00e9ra, et sourit \u00e0 l'objectif.\" class=\"wp-image-2099\" srcset=\"https:\/\/pvs-es.com\/wp-content\/uploads\/2025\/01\/Luigi-D\u00b4Olivio-2.jpg 800w, https:\/\/pvs-es.com\/wp-content\/uploads\/2025\/01\/Luigi-D\u00b4Olivio-2-240x300.jpg 240w, https:\/\/pvs-es.com\/wp-content\/uploads\/2025\/01\/Luigi-D\u00b4Olivio-2-768x960.jpg 768w\" sizes=\"auto, (max-width: 800px) 100vw, 800px\" \/><\/figure>\n<\/div>\n<\/div>\n","protected":false},"excerpt":{"rendered":"<p>PVS eServices vous aide \u00e0 vous d\u00e9marquer de la concurrence avec style, en vous offrant un service de premier ordre. Vous voulez \u00eatre un leader dans votre secteur d&#8217;activit\u00e9 ? Nos services de conseil sont l\u00e0 pour vous aider \u00e0 passer au niveau sup\u00e9rieur. Contactez-nous : nous d\u00e9terminerons exactement ce dont vous avez besoin !<\/p>\n","protected":false},"author":6,"featured_media":0,"parent":0,"menu_order":0,"comment_status":"closed","ping_status":"closed","template":"","meta":{"footnotes":""},"class_list":["post-2196","page","type-page","status-publish","hentry"],"jetpack_sharing_enabled":true,"_links":{"self":[{"href":"https:\/\/pvs-es.com\/index.php\/wp-json\/wp\/v2\/pages\/2196","targetHints":{"allow":["GET"]}}],"collection":[{"href":"https:\/\/pvs-es.com\/index.php\/wp-json\/wp\/v2\/pages"}],"about":[{"href":"https:\/\/pvs-es.com\/index.php\/wp-json\/wp\/v2\/types\/page"}],"author":[{"embeddable":true,"href":"https:\/\/pvs-es.com\/index.php\/wp-json\/wp\/v2\/users\/6"}],"replies":[{"embeddable":true,"href":"https:\/\/pvs-es.com\/index.php\/wp-json\/wp\/v2\/comments?post=2196"}],"version-history":[{"count":14,"href":"https:\/\/pvs-es.com\/index.php\/wp-json\/wp\/v2\/pages\/2196\/revisions"}],"predecessor-version":[{"id":3353,"href":"https:\/\/pvs-es.com\/index.php\/wp-json\/wp\/v2\/pages\/2196\/revisions\/3353"}],"wp:attachment":[{"href":"https:\/\/pvs-es.com\/index.php\/wp-json\/wp\/v2\/media?parent=2196"}],"curies":[{"name":"wp","href":"https:\/\/api.w.org\/{rel}","templated":true}]}}