{"id":1834,"date":"2025-01-15T12:58:30","date_gmt":"2025-01-15T11:58:30","guid":{"rendered":"https:\/\/www.pvs-es.com\/index.php\/imprint\/"},"modified":"2025-01-27T14:13:30","modified_gmt":"2025-01-27T13:13:30","slug":"imprint","status":"publish","type":"page","link":"https:\/\/pvs-es.com\/index.php\/imprint\/","title":{"rendered":"Imprint"},"content":{"rendered":"\n<div style=\"height:150px\" aria-hidden=\"true\" class=\"wp-block-spacer\"><\/div>\n\n\n\n<h2 class=\"wp-block-heading\">Imprint<\/h2>\n\n\n\n<p><\/p>\n\n\n\n<p><\/p>\n\n\n\n<\/br>\n<p><p>PVS ESERVICES S.R.L.<br>PIAZZA SANTA MARIA BELTRADE 1<br>20123 MILANO<\/p><br><\/p>\n\n\n\n<p><br><p><strong>Rappresentato da:<\/strong><br>Franco Aleo<\/p><\/p>\n\n\n\n<p><br><br><p><strong>Responsabile della protezione dei dati:<\/strong><br>info@pvs-es.com<\/p><br><\/p>\n\n\n\n<p><br><p><strong>Contatto:<\/strong><br>Telefono: +39-02-81280292<br>E-mail: info@pvs-es.com<\/p><\/p>\n\n\n\n<p><br><br><p><strong>Iscrizione nel registro delle imprese:<\/strong><br>REA MI-2732093<\/p><br><\/p>\n\n\n\n<p><br><p><strong>Identificativo dell&#8217;imposta sulle vendite:<\/strong><br>Numero di identificazione dell&#8217;imposta sulle vendite secondo<br>\u00a7 27a Legge sull&#8217;imposta sul valore aggiunto: <strong>P.IVA\/VAT 13587260962<\/strong><\/p><br><br><p><strong>Responsabile del contenuto ai sensi del \u00a7 18 Abs. 2 MStV:<\/strong><br>Franco Aleo<\/p><br><\/p>\n\n\n\n<p><br><p><strong>Avviso di responsabilit\u00e0<\/strong><br>I contenuti del nostro sito web sono stati creati con la massima cura. Tuttavia, non possiamo assumerci alcuna responsabilit\u00e0 per la correttezza, la completezza e l&#8217;attualit\u00e0 dei contenuti. In qualit\u00e0 di fornitore di servizi, siamo responsabili dei nostri contenuti su queste pagine ai sensi del \u00a7 7 (1) DDG e della legislazione generale. Tuttavia, ai sensi dei \u00a7\u00a7 8-10 DDG, in qualit\u00e0 di fornitore di servizi non siamo obbligati a controllare le informazioni trasmesse o memorizzate da terzi o a indagare su circostanze che indicano un&#8217;attivit\u00e0 illegale. L&#8217;obbligo di rimuovere o bloccare l&#8217;uso delle informazioni in conformit\u00e0 alla legislazione generale rimane inalterato. Tuttavia, la responsabilit\u00e0 in questo senso \u00e8 possibile solo a partire dal momento in cui si viene a conoscenza di una specifica violazione. Non appena verremo a conoscenza di tali violazioni, provvederemo a rimuovere immediatamente tali contenuti.<\/p><br><\/p>\n\n\n\n<p><br><p><strong>Responsabilit\u00e0 per i link<\/strong><br>Il contenuto dei siti web esterni a cui rimandiamo direttamente o indirettamente sul nostro sito (tramite \u201chyperlink\u201d o \u201cdeep link\u201d) non rientra nella nostra sfera di responsabilit\u00e0 e non lo adottiamo come nostro. Tuttavia, possiamo dichiarare che al momento della creazione dei link non erano riconoscibili contenuti illegali sui siti web collegati. Non abbiamo alcuna influenza sul design attuale e futuro, sui contenuti o sulla paternit\u00e0 dei siti web collegati. Pertanto, prendiamo espressamente le distanze da tutti i contenuti di tutti i siti web collegati che sono stati modificati dopo la creazione del link. Questa dichiarazione vale per tutti i link e i riferimenti presenti sul nostro sito web.<\/p><\/p>\n\n\n\n<p><br><br><p>Il fornitore del sito web collegato \u00e8 l&#8217;unico responsabile per i contenuti illegali, errati o incompleti e in particolare per i danni derivanti dall&#8217;utilizzo delle informazioni disponibili sui siti web collegati. Nel caso in cui venissimo a conoscenza di contenuti illegali, illeciti o errati sui siti web ai quali ci colleghiamo, provvederemo a rimuovere il link.<\/p><\/p>\n","protected":false},"excerpt":{"rendered":"<p>Imprint PVS ESERVICES S.R.L.PIAZZA SANTA MARIA BELTRADE 120123 MILANO Rappresentato da:Franco Aleo Responsabile della protezione dei dati:info@pvs-es.com Contatto:Telefono: +39-02-81280292E-mail: info@pvs-es.com Iscrizione nel registro delle imprese:REA MI-2732093 Identificativo dell&#8217;imposta sulle vendite:Numero di identificazione dell&#8217;imposta sulle vendite secondo\u00a7 27a Legge sull&#8217;imposta sul valore aggiunto: P.IVA\/VAT 13587260962 Responsabile del contenuto ai sensi del \u00a7 18 Abs. 2 MStV:Franco [&hellip;]<\/p>\n","protected":false},"author":6,"featured_media":0,"parent":0,"menu_order":0,"comment_status":"closed","ping_status":"closed","template":"","meta":{"footnotes":""},"class_list":["post-1834","page","type-page","status-publish","hentry"],"jetpack_sharing_enabled":true,"_links":{"self":[{"href":"https:\/\/pvs-es.com\/index.php\/wp-json\/wp\/v2\/pages\/1834","targetHints":{"allow":["GET"]}}],"collection":[{"href":"https:\/\/pvs-es.com\/index.php\/wp-json\/wp\/v2\/pages"}],"about":[{"href":"https:\/\/pvs-es.com\/index.php\/wp-json\/wp\/v2\/types\/page"}],"author":[{"embeddable":true,"href":"https:\/\/pvs-es.com\/index.php\/wp-json\/wp\/v2\/users\/6"}],"replies":[{"embeddable":true,"href":"https:\/\/pvs-es.com\/index.php\/wp-json\/wp\/v2\/comments?post=1834"}],"version-history":[{"count":11,"href":"https:\/\/pvs-es.com\/index.php\/wp-json\/wp\/v2\/pages\/1834\/revisions"}],"predecessor-version":[{"id":1927,"href":"https:\/\/pvs-es.com\/index.php\/wp-json\/wp\/v2\/pages\/1834\/revisions\/1927"}],"wp:attachment":[{"href":"https:\/\/pvs-es.com\/index.php\/wp-json\/wp\/v2\/media?parent=1834"}],"curies":[{"name":"wp","href":"https:\/\/api.w.org\/{rel}","templated":true}]}}